{"id":128583,"date":"2025-05-21T10:15:59","date_gmt":"2025-05-21T10:15:59","guid":{"rendered":"https:\/\/moto-oprema.com\/Artikel\/xpd-moto-way-zracne-cipele-crno-bijele\/"},"modified":"2025-05-21T10:15:59","modified_gmt":"2025-05-21T10:15:59","slug":"xpd-moto-way-zracne-cipele-crno-bijele","status":"publish","type":"product","link":"https:\/\/moto-oprema.com\/hr\/Artikel\/xpd-moto-way-zracne-cipele-crno-bijele\/","title":{"rendered":"XPD MOTO WAY ZRA\u010cNE CIPELE CRNO-BIJELE"},"content":{"rendered":"<p>S modelom MOTO WAY AIR dobivate odva\u017ean karakter urbane tenisice u kombinaciji s performansama motociklisti\u010dke \u010dizme. Odaberite kvalitetu i inovaciju Xpd-a: to je vi\u0161e od obi\u010dne obu\u0107e, to je pravi saveznik za one koji se ne zadovoljavaju s manjim. <\/p>\n<p>Ova revolucionarna tenisica dizajnirana je za one koji \u017eele juriti gradom punom brzinom bez kompromisa po pitanju stila ili sigurnosti. Gornji\u0161te od ko\u017ee s perforiranim umetcima osigurava svje\u017einu i izdr\u017eljivost kako bi izdr\u017ealo svaku gradsku avanturu, dok potplat od vulkanizirane gume dvostruke gusto\u0107e osigurava besprijekorno prianjanje \u010dak i u najzahtjevnijim uvjetima.<br \/>\n A za maksimalnu udobnost? Model MOTO WAY AIR opremljen je HSS sustavom potpore za savr\u0161enu potporu pete, podstavljenim ovratnikom s rastezljivim umetcima koji prati svaki va\u0161 pokret i prakti\u010dnim vodootpornim zatvara\u010dem s vezicama i \u010di\u010dkom, dizajniranim za jednostavno no\u0161enje i otpornim na ki\u0161u, pra\u0161inu i velike brzine. Unutra, podstava od zra\u010dne mre\u017easte tkanine i ergonomski Ortholite\u00ae ulo\u017eak s jastu\u010di\u0107ima \u010dine svaki korak ugodnim, dok TPU \u0161titnici na gle\u017enju, prstima i peti pru\u017eaju potrebnu sigurnost za osvajanje grada. Stra\u017enji reflektiraju\u0107i umetak osigurava vidljivost no\u0107u.    <\/p>\n<p>Vanjski:<\/p>\n<p>Gornji dio izra\u0111en od ko\u017ee i vrlo izdr\u017eljivog tekstilnog materijala.<br \/>\n Potplat od vulkanizirane gume Michelin\u00ae dvostruke gusto\u0107e i visokog prianjanja.<br \/>\n Plasti\u010dni HSS (Heel Support System) za dodatnu potporu pete.<br \/>\n Za\u0161titna podloga za alat od ko\u017ee.<br \/>\n Podstavljeni ovratnik za dodatnu udobnost.<br \/>\n Stra\u017enja vu\u010dna petlja.<br \/>\n Zatvaranje \u010di\u010dkom i vezice s oja\u010danim u\u0161icama za zatvaranje.<\/p>\n<p>Unutra\u0161njost:<\/p>\n<p>Podstava: mre\u017easta podstava za pove\u0107anu prozra\u010dnost<br \/>\n Za\u0161tita za gle\u017enjeve izra\u0111ena od lijevane TPU plastike<br \/>\n Oja\u010dano podru\u010dje prstiju i pete<br \/>\n Mekana polimerna podloga s memorijskom pjenom<br \/>\n Mekani DFA (Differentiated Flexibility Area) oblikovani i ergonomski izdr\u017eljivi najlonski umetak<br \/>\n Zamjenjivi, ergonomski dizajnirani, dugotrajni jastu\u010di\u0107i, prozra\u010dni i lagani Ortholite\u00ae ulo\u017eak<\/p>\n","protected":false},"excerpt":{"rendered":"<p>S modelom MOTO WAY AIR dobivate odva\u017ean karakter urbane tenisice u kombinaciji s performansama motociklisti\u010dke \u010dizme&#8230;.<\/p>\n","protected":false},"featured_media":89867,"comment_status":"open","ping_status":"closed","template":"","meta":{"_acf_changed":false},"brand":[2812],"gender":[2172],"product_brand":[],"product_cat":[2770,1356,2769],"product_tag":[],"class_list":{"0":"post-128583","1":"product","2":"type-product","3":"status-publish","4":"has-post-thumbnail","6":"brand-xpd-hr","7":"gender-unisex-hr","8":"product_cat-gradska-obuca","9":"product_cat-motociklisticka-oprema","10":"product_cat-obuca","11":"pa_velikost-skornji-36-hr","12":"pa_velikost-skornji-37-hr","13":"pa_velikost-skornji-38-hr","14":"pa_velikost-skornji-39-hr","15":"pa_velikost-skornji-40-hr","16":"pa_velikost-skornji-41-hr","17":"pa_velikost-skornji-42-hr","18":"pa_velikost-skornji-43-hr","19":"pa_velikost-skornji-44-hr","20":"pa_velikost-skornji-45-hr","21":"pa_velikost-skornji-46-hr","22":"pa_velikost-skornji-47-hr","23":"pa_velikost-skornji-48-hr","25":"first","26":"instock","27":"sale","28":"taxable","29":"shipping-taxable","30":"purchasable","31":"product-type-variable"},"acf":[],"_links":{"self":[{"href":"https:\/\/moto-oprema.com\/hr\/wp-json\/wp\/v2\/product\/128583","targetHints":{"allow":["GET"]}}],"collection":[{"href":"https:\/\/moto-oprema.com\/hr\/wp-json\/wp\/v2\/product"}],"about":[{"href":"https:\/\/moto-oprema.com\/hr\/wp-json\/wp\/v2\/types\/product"}],"replies":[{"embeddable":true,"href":"https:\/\/moto-oprema.com\/hr\/wp-json\/wp\/v2\/comments?post=128583"}],"wp:featuredmedia":[{"embeddable":true,"href":"https:\/\/moto-oprema.com\/hr\/wp-json\/wp\/v2\/media\/89867"}],"wp:attachment":[{"href":"https:\/\/moto-oprema.com\/hr\/wp-json\/wp\/v2\/media?parent=128583"}],"wp:term":[{"taxonomy":"brand","embeddable":true,"href":"https:\/\/moto-oprema.com\/hr\/wp-json\/wp\/v2\/brand?post=128583"},{"taxonomy":"gender","embeddable":true,"href":"https:\/\/moto-oprema.com\/hr\/wp-json\/wp\/v2\/gender?post=128583"},{"taxonomy":"product_brand","embeddable":true,"href":"https:\/\/moto-oprema.com\/hr\/wp-json\/wp\/v2\/product_brand?post=128583"},{"taxonomy":"product_cat","embeddable":true,"href":"https:\/\/moto-oprema.com\/hr\/wp-json\/wp\/v2\/product_cat?post=128583"},{"taxonomy":"product_tag","embeddable":true,"href":"https:\/\/moto-oprema.com\/hr\/wp-json\/wp\/v2\/product_tag?post=128583"}],"curies":[{"name":"wp","href":"https:\/\/api.w.org\/{rel}","templated":true}]}}