{"id":128556,"date":"2025-05-21T10:05:43","date_gmt":"2025-05-21T10:05:43","guid":{"rendered":"https:\/\/moto-oprema.com\/Artikel\/xpd-x-adventure-h2out-cizme-crne\/"},"modified":"2025-05-21T10:05:43","modified_gmt":"2025-05-21T10:05:43","slug":"xpd-x-adventure-h2out-cizme-crne","status":"publish","type":"product","link":"https:\/\/moto-oprema.com\/hr\/Artikel\/xpd-x-adventure-h2out-cizme-crne\/","title":{"rendered":"XPD X-ADVENTURE H2OUT \u010cIZME CRNE"},"content":{"rendered":"<p>X-Adventure H2OUT\u00ae: Sloboda istra\u017eivanja bez granica<br \/>\n Osvojite nove horizonte s X-Adventure H2OUT\u00ae, prvom \u010dizmom u liniji Xpd Adventure, dizajniranom za bicikliste koji vole beskompromisne avanture. Izra\u0111ena od nauljene ko\u017ee punog zrna koja mo\u017ee izdr\u017eati najekstremnije izazove, ova \u010dizma kombinira robusnost i udobnost u svakoj situaciji. Potplat, koji je Xpd razvio posebno za avanturisti\u010dku vo\u017enju, ima gumeni gazni sloj dvostruke gusto\u0107e za iznimno prianjanje na najte\u017eem terenu, zajedno s EVA me\u0111upotplatom sa za\u0161titom od udara i amortizacijom koja vam omogu\u0107uje da pomi\u010dete svoje granice.<br \/>\n Potplat tako\u0111er uklju\u010duje posebna tehni\u010dka podru\u010dja za optimalne performanse u svim uvjetima:  <\/p>\n<p>Oja\u010dani prednji dio za stabilan korak pri spu\u0161tanju<br \/>\n Posebno sredi\u0161nje podru\u010dje s oja\u010danom gumenom smjesom i niskoprofilnom petom za stabilnost i lak\u0161e kretanje stopala<br \/>\n Zone gaznoga sloja za optimiziranje prianjanja pri hodanju uzbrdo i ko\u010denju pri spu\u0161tanju po neravnom terenu<br \/>\n Asimetri\u010dno podru\u010dje pete za stabilnost i sigurnost tijekom hodanja<br \/>\n Tankoprofilna guma na prednjem dijelu medijalne strane za za\u0161titu prstiju i pove\u0107anu osjetljivost na ru\u010dicu ko\u010dnice i mjenja\u010da<br \/>\n S oblikovanim TPU \u0161titnicima, podesivim zatvara\u010dem na \u010di\u010dak, prilago\u0111enim i zamjenjivim magnezijskim kop\u010dama te vodootpornom i prozra\u010dnom H2OUT\u00ae membranom, X-Adventure H2OUT\u00ae pru\u017ea neusporedivu za\u0161titu u svim uvjetima. Ergonomski plasti\u010dni prednji \u0161titnik za potkoljenicu i jastu\u010di\u0107i od memorijske pjene pru\u017eaju iznimnu udobnost \u010dak i nakon sati u sjedalu. Ove avanturisti\u010dke \u010dizma tako\u0111er imaju TPU kapicu i \u0161titnik za pomicanje stopala, pru\u017eaju\u0107i dodatnu za\u0161titu za cijeli donji dio \u010dizme. Ergonomski oblikovana prednja plo\u010da i podstavljeni Lycra ovratnik s elastikom straga i TPU sprijeda pru\u017eaju vrhunsku udobnost, a istovremeno sprje\u010davaju ulazak blata i pra\u0161ine. Ulo\u017eak Mid DFA pru\u017ea stabilnost na potplatu i fleksibilnost pri pomicanju i hodanju, dok jastu\u010di\u0107i i prozra\u010dni Ortholite\u00ae ulo\u017eak osiguravaju udobnost \u010dak i u najte\u017eim uvjetima.<br \/>\nSvaki detalj, od termoformiranog \u0161titnika mjenja\u010da do stra\u017enjeg reflektiraju\u0107eg umetka, dizajniran je kako bi se osigurale maksimalne performanse i sigurnost.<br \/>\nKako bi upotpunio asortiman i zadovoljio potrebe svakog biciklista, Xpd je tako\u0111er razvio model X-Adventure Mid H2OUT\u00ae, verziju s ni\u017eim krojem koja pru\u017ea istu za\u0161titu i udobnost te je idealna za one koji \u017eele avanturisti\u010dke performanse bez odricanja od svakodnevnog stila i bez \u017ertvovanja mobilnosti.<br \/>\nS X-Adventure H2OUT\u00ae-om, Xpd otvara novo doba istra\u017eivanja, ostaju\u0107i vjeran svojim vrijednostima inovacije, sigurnosti i tradicije. Duh avanture \u010deka vas: obucite svoju slobodu i pripremite se otkriti nevi\u0111eno. <\/p>\n<p>VANJSKA STRANA<\/p>\n<p>Gornji dio izra\u0111en od nauljene ko\u017ee punog zrna<br \/>\n Potplat od vulkanizirane gume dvostruke gusto\u0107e, prilagodljiv i visokog prianjanja, ultra lagan za avanture<br \/>\n Iznimno lagani EVA me\u0111upotplat za bolje ubla\u017eavanje udaraca<br \/>\n TPU za\u0161titni obru\u010d i ru\u010dica mjenja\u010da za bolju za\u0161titu gornjeg dijela<br \/>\n Za\u0161tita od brizgane plastike<br \/>\n Vodootporna, otporna na pra\u0161inu i insekte TPU prednja ovratnica<br \/>\n Podstavljeni i elasti\u010dni ovratnik od likre na stra\u017enjoj strani za bolju udobnost<br \/>\n Dizajnirana i ergonomski dizajnirana prednja plo\u010da<br \/>\n Podesivo zatvaranje s gornjim \u010di\u010dkom i prilago\u0111enim i zamjenjivim magnezijskim kop\u010dama<br \/>\n Stra\u017enji reflektiraju\u0107i umetak<\/p>\n<p>INTERNO<\/p>\n<p>Vodootporna i prozra\u010dna tubularna membrana H2OUT\u00ae<br \/>\n Zra\u010dni mre\u017easti ovratnik za pove\u0107anu prozra\u010dnost<br \/>\n Unutarnji podstavljeni jezik za dodatnu udobnost<br \/>\n Za\u0161tita za gle\u017enjeve izra\u0111ena od lijevane TPU plastike<br \/>\n Oja\u010dano podru\u010dje prstiju i pete<br \/>\n Mekana polimerna podloga s memorijskom pjenom<br \/>\n Srednji DFA (Differentiated Flexibility Area) oblikovani i ergonomski izdr\u017eljivi najlonski umetak<br \/>\n Zamjenjivi, ergonomski dizajnirani, dugotrajni jastu\u010di\u0107i, prozra\u010dni i lagani Ortholite\u00ae ulo\u017eak<\/p>\n<p>VANJSKI POTPLAT<\/p>\n<p>Oja\u010dano podru\u010dje za stabilniji i sigurniji polo\u017eaj stopala prilikom silaska s motocikla<br \/>\n Perforirano podru\u010dje potplata dizajnirano za optimiziranje prianjanja pri hodanju uzbrdo<br \/>\n Posebno podru\u010dje s oja\u010danom gumenom smjesom s niskim profilom pete za bolju stabilnost i lak\u0161e kretanje na potplatu<br \/>\n Perforirano podru\u010dje potplata dizajnirano za optimiziranje ko\u010denja pri hodanju nizbrdo<br \/>\n Asimetri\u010dna zona s namjenski dizajniranim dizajnom za pobolj\u0161anu stabilnost pete pri hodanju<br \/>\n Prednji srednji gumeni dio s visokim i tankim profilom s vi\u0161e funkcija za za\u0161titu medijalnog podru\u010dja prstiju cipele i za bolji osje\u0107aj i osjetljivost pri kori\u0161tenju ko\u010dnice i ru\u010dice mjenja\u010da<br \/>\n Iznimno lagani EVA me\u0111upotplat za bolje ubla\u017eavanje udaraca<\/p>\n","protected":false},"excerpt":{"rendered":"<p>X-Adventure H2OUT\u00ae: Sloboda istra\u017eivanja bez granica Osvojite nove horizonte s X-Adventure H2OUT\u00ae, prvom \u010dizmom u liniji&#8230;<\/p>\n","protected":false},"featured_media":89782,"comment_status":"open","ping_status":"closed","template":"","meta":{"_acf_changed":false},"brand":[2812],"gender":[1313],"product_brand":[],"product_cat":[1356,2769,2813],"product_tag":[],"class_list":{"0":"post-128556","1":"product","2":"type-product","3":"status-publish","4":"has-post-thumbnail","6":"brand-xpd-hr","7":"gender-moski","8":"product_cat-motociklisticka-oprema","9":"product_cat-obuca","10":"product_cat-obuca-za-planinarenje","11":"pa_velikost-skornji-38-hr","12":"pa_velikost-skornji-39-hr","13":"pa_velikost-skornji-40-hr","14":"pa_velikost-skornji-41-hr","15":"pa_velikost-skornji-42-hr","16":"pa_velikost-skornji-43-hr","17":"pa_velikost-skornji-44-hr","18":"pa_velikost-skornji-45-hr","19":"pa_velikost-skornji-46-hr","20":"pa_velikost-skornji-47-hr","21":"pa_velikost-skornji-48-hr","22":"pa_velikost-skornji-49-hr","24":"first","25":"outofstock","26":"sale","27":"taxable","28":"shipping-taxable","29":"purchasable","30":"product-type-variable"},"acf":[],"_links":{"self":[{"href":"https:\/\/moto-oprema.com\/hr\/wp-json\/wp\/v2\/product\/128556","targetHints":{"allow":["GET"]}}],"collection":[{"href":"https:\/\/moto-oprema.com\/hr\/wp-json\/wp\/v2\/product"}],"about":[{"href":"https:\/\/moto-oprema.com\/hr\/wp-json\/wp\/v2\/types\/product"}],"replies":[{"embeddable":true,"href":"https:\/\/moto-oprema.com\/hr\/wp-json\/wp\/v2\/comments?post=128556"}],"wp:featuredmedia":[{"embeddable":true,"href":"https:\/\/moto-oprema.com\/hr\/wp-json\/wp\/v2\/media\/89782"}],"wp:attachment":[{"href":"https:\/\/moto-oprema.com\/hr\/wp-json\/wp\/v2\/media?parent=128556"}],"wp:term":[{"taxonomy":"brand","embeddable":true,"href":"https:\/\/moto-oprema.com\/hr\/wp-json\/wp\/v2\/brand?post=128556"},{"taxonomy":"gender","embeddable":true,"href":"https:\/\/moto-oprema.com\/hr\/wp-json\/wp\/v2\/gender?post=128556"},{"taxonomy":"product_brand","embeddable":true,"href":"https:\/\/moto-oprema.com\/hr\/wp-json\/wp\/v2\/product_brand?post=128556"},{"taxonomy":"product_cat","embeddable":true,"href":"https:\/\/moto-oprema.com\/hr\/wp-json\/wp\/v2\/product_cat?post=128556"},{"taxonomy":"product_tag","embeddable":true,"href":"https:\/\/moto-oprema.com\/hr\/wp-json\/wp\/v2\/product_tag?post=128556"}],"curies":[{"name":"wp","href":"https:\/\/api.w.org\/{rel}","templated":true}]}}