{"id":128450,"date":"2025-05-21T08:12:45","date_gmt":"2025-05-21T08:12:45","guid":{"rendered":"https:\/\/moto-oprema.com\/Artikel\/dainese-cizme-torque-4-crne\/"},"modified":"2025-05-21T08:12:45","modified_gmt":"2025-05-21T08:12:45","slug":"dainese-cizme-torque-4-crne","status":"publish","type":"product","link":"https:\/\/moto-oprema.com\/hr\/Artikel\/dainese-cizme-torque-4-crne\/","title":{"rendered":"DAINESE \u010cIZME TORQUE 4 CRNE"},"content":{"rendered":"<p>Dainese Torque 4 motociklisti\u010dke \u010dizme daljnji su razvoj vrhunskog modela Axial 2 i nude maksimalnu udobnost, visoke standarde za\u0161tite i sportski dizajn. Izra\u0111ene su od izdr\u017eljivih mikrovlakana i D-Stone\u2122 tkanine, elasti\u010dnog materijala koji ih \u010dini jednostavnim za obuvanje i pru\u017ea optimalnu otpornost. Integrirani D-Axial sustav izra\u0111en od TPU materijala visokog prianjanja u\u010dinkovito \u0161titi potkoljenicu i petu, dok inovativni uzorak na vanjskim stranama pobolj\u0161ava apsorpciju udara u slu\u010daju pada. Za izdr\u017eljivost i prilagodljivost, magnezijski kliza\u010di na prstima i peti su zamjenjivi, a po potrebi mo\u017eete zamijeniti i patentni zatvara\u010d. Asimetri\u010dni Groundtrax\u00ae potplat sa posebno prilago\u0111enim zonama pomicanja i ko\u010denja pru\u017ea izvrsno prianjanje i otpornost na toplinu &#8211; idealno za maksimalne performanse na cesti i stazi.    <\/p>\n<p>Zna\u010dajke:<\/p>\n<ul>\n<li>Glavne zna\u010dajke: patentni zatvara\u010d na stra\u017enjoj strani<\/li>\n<li>Fleksibilni zglobovi za ve\u0107u udobnost<\/li>\n<li>Sustav za brzo otpu\u0161tanje<\/li>\n<li>TPU D-osi sustav<\/li>\n<li>Groundtrax potplat za ekstremne utrke<\/li>\n<li>Materijal: D-Stone\u2122 tkanina. Gornji materijal od mikrovlakana <\/li>\n<li>Uklonjivi i zamjenjivi magnezijski ulo\u017eak za petu<\/li>\n<li>Magnezijski umetci na vanjskoj strani i peti<\/li>\n<li>Unutarnji remen za zadr\u017eavanje<\/li>\n<li>Dvostruka podstava od \u017eerseja s otvorima za zrak<\/li>\n<\/ul>\n<p>Tehni\u010dki podaci:<\/p>\n<p>Za\u0161titna obu\u0107a za motocikliste (EN 13634:2017)<br \/>\n Umetak za apsorpciju udaraca na peti<br \/>\n Amortizer ispod \u0161titnika za potkoljenicu<br \/>\n TPU za\u0161tita od klizanja<br \/>\n Zamjenjivi magnezijski kliza\u010d za prste<\/p>\n","protected":false},"excerpt":{"rendered":"<p>Mu\u0161ke trka\u0107e cipele izra\u0111ene od mikrovlakana i D-Stone\u2122 tkanine s D-Axial za\u0161titom i magnezijskim kliza\u010dima.<\/p>\n","protected":false},"featured_media":88516,"comment_status":"open","ping_status":"closed","template":"","meta":{"_acf_changed":false},"brand":[2800],"gender":[1313],"product_brand":[],"product_cat":[1356,2769,2792],"product_tag":[],"class_list":{"0":"post-128450","1":"product","2":"type-product","3":"status-publish","4":"has-post-thumbnail","6":"brand-dainese-hr","7":"gender-moski","8":"product_cat-motociklisticka-oprema","9":"product_cat-obuca","10":"product_cat-sportske-cipele","11":"pa_velikost-skornji-38-hr","12":"pa_velikost-skornji-39-hr","13":"pa_velikost-skornji-40-hr","14":"pa_velikost-skornji-41-hr","15":"pa_velikost-skornji-42-hr","16":"pa_velikost-skornji-43-hr","17":"pa_velikost-skornji-44-hr","18":"pa_velikost-skornji-45-hr","19":"pa_velikost-skornji-46-hr","20":"pa_velikost-skornji-47-hr","21":"pa_velikost-skornji-48-hr","23":"first","24":"instock","25":"sale","26":"taxable","27":"shipping-taxable","28":"purchasable","29":"product-type-variable"},"acf":[],"_links":{"self":[{"href":"https:\/\/moto-oprema.com\/hr\/wp-json\/wp\/v2\/product\/128450","targetHints":{"allow":["GET"]}}],"collection":[{"href":"https:\/\/moto-oprema.com\/hr\/wp-json\/wp\/v2\/product"}],"about":[{"href":"https:\/\/moto-oprema.com\/hr\/wp-json\/wp\/v2\/types\/product"}],"replies":[{"embeddable":true,"href":"https:\/\/moto-oprema.com\/hr\/wp-json\/wp\/v2\/comments?post=128450"}],"wp:featuredmedia":[{"embeddable":true,"href":"https:\/\/moto-oprema.com\/hr\/wp-json\/wp\/v2\/media\/88516"}],"wp:attachment":[{"href":"https:\/\/moto-oprema.com\/hr\/wp-json\/wp\/v2\/media?parent=128450"}],"wp:term":[{"taxonomy":"brand","embeddable":true,"href":"https:\/\/moto-oprema.com\/hr\/wp-json\/wp\/v2\/brand?post=128450"},{"taxonomy":"gender","embeddable":true,"href":"https:\/\/moto-oprema.com\/hr\/wp-json\/wp\/v2\/gender?post=128450"},{"taxonomy":"product_brand","embeddable":true,"href":"https:\/\/moto-oprema.com\/hr\/wp-json\/wp\/v2\/product_brand?post=128450"},{"taxonomy":"product_cat","embeddable":true,"href":"https:\/\/moto-oprema.com\/hr\/wp-json\/wp\/v2\/product_cat?post=128450"},{"taxonomy":"product_tag","embeddable":true,"href":"https:\/\/moto-oprema.com\/hr\/wp-json\/wp\/v2\/product_tag?post=128450"}],"curies":[{"name":"wp","href":"https:\/\/api.w.org\/{rel}","templated":true}]}}