{"id":128394,"date":"2025-05-20T07:56:24","date_gmt":"2025-05-20T07:56:24","guid":{"rendered":"https:\/\/moto-oprema.com\/Artikel\/cipele-alpinestars-mm93-faster-4-crvene-fluo-tamno-plave\/"},"modified":"2025-05-20T07:56:24","modified_gmt":"2025-05-20T07:56:24","slug":"cipele-alpinestars-mm93-faster-4-crvene-fluo-tamno-plave","status":"publish","type":"product","link":"https:\/\/moto-oprema.com\/hr\/Artikel\/cipele-alpinestars-mm93-faster-4-crvene-fluo-tamno-plave\/","title":{"rendered":"CIPELE ALPINESTARS MM93 FASTER 4 CRVENE FLUO TAMNO PLAVE"},"content":{"rendered":"<p id=\"tw-target-text\" class=\"tw-data-text tw-text-large tw-ta\" dir=\"ltr\" style=\"text-align: left;\">\u010cizme Faster-4 izgra\u0111ene su na desetlje\u0107ima iskustva istra\u017eivanja i razvoja na najvi\u0161im razinama motosporta i uklju\u010duju vrhunske inovacije performansi. Be\u0161avna pletena konstrukcija \u010dizama osigurava iznimnu lako\u0107u i prozra\u010dnost, a istovremeno pru\u017ea vrhunsku za\u0161titu iznutra i izvana. <\/p>\n<p dir=\"ltr\">Zna\u010dajke:<\/p>\n<ul>\n<li dir=\"ltr\">Glavni gornji materijal izra\u0111en je od naprednih mikrovlakana koja uklju\u010duju be\u0161avne, toplinski zavarene panele, pru\u017eaju\u0107i inovativnu, laganu i tehni\u010dku cipelu za cestovnu vo\u017enju koja kombinira performanse, fleksibilnost i strukturni integritet.<\/li>\n<li dir=\"ltr\">3D mre\u017easta podstava za visoku razinu prozra\u010dnosti i lako\u0107e te protuklizna mikro bru\u0161ena ko\u017ea na peti.<\/li>\n<li dir=\"ltr\">Dodatna to\u010dka za savijanje le\u0111a izra\u0111ena od mekih mikrovlakana koja pobolj\u0161ava savijanje le\u0111a i za\u0161titu le\u0111a, pru\u017eaju\u0107i bolju strukturu i udobnost tijekom vo\u017enje.<\/li>\n<li dir=\"ltr\">Medijalni dio s namjenskim be\u0161avnim dijelom u kombinaciji s mekim TPU podru\u010djem pru\u017ea dodatnu strukturu i udobnost.<\/li>\n<li dir=\"ltr\">Mekana tekstilna konstrukcija stra\u017enjeg dijela stopala za ve\u0107u udobnost i pobolj\u0161anu fleksiju le\u0111a.<\/li>\n<li dir=\"ltr\">Tradicionalni sustav vezanja za jednostavno, sigurno i udobno pristajanje.<\/li>\n<li dir=\"ltr\">Ergonomska TPR traka s bo\u010dnim podesivim sustavom pri\u010dvr\u0161\u0107ivanja<\/li>\n<\/ul>\n<div id=\"z6maec\" class=\"tw-ta-container tw-nfl\">\n<p id=\"tw-target-rmn\" class=\"tw-data-placeholder tw-text-small tw-ta\" dir=\"ltr\" style=\"text-align: left;\">\n<\/div>\n","protected":false},"excerpt":{"rendered":"<p>MM93 kolekcija cipela Faster-4 Boja: Fluo crvena &#8211; tamnoplava<\/p>\n","protected":false},"featured_media":88259,"comment_status":"open","ping_status":"closed","template":"","meta":{"_acf_changed":false},"brand":[2748],"gender":[1313],"product_brand":[],"product_cat":[2770,1356,2769],"product_tag":[],"class_list":{"0":"post-128394","1":"product","2":"type-product","3":"status-publish","4":"has-post-thumbnail","6":"brand-alpinestars-hr","7":"gender-moski","8":"product_cat-gradska-obuca","9":"product_cat-motociklisticka-oprema","10":"product_cat-obuca","11":"pa_velikost-skornji-us-2784","12":"pa_velikost-skornji-us-1043-hr","13":"pa_velikost-skornji-us-2782","14":"pa_velikost-skornji-us-1144-hr","15":"pa_velikost-skornji-us-2773","16":"pa_velikost-skornji-us-2774","17":"pa_velikost-skornji-us-2775","18":"pa_velikost-skornji-us-1347-hr","19":"pa_velikost-skornji-us-2777","20":"pa_velikost-skornji-us-638-hr","21":"pa_velikost-skornji-us-2786","22":"pa_velikost-skornji-us-739-hr","23":"pa_velikost-skornji-us-2783","24":"pa_velikost-skornji-us-2780","25":"pa_velikost-skornji-us-2785","26":"pa_velikost-skornji-us-942-hr","28":"first","29":"instock","30":"sale","31":"taxable","32":"shipping-taxable","33":"purchasable","34":"product-type-variable"},"acf":[],"_links":{"self":[{"href":"https:\/\/moto-oprema.com\/hr\/wp-json\/wp\/v2\/product\/128394","targetHints":{"allow":["GET"]}}],"collection":[{"href":"https:\/\/moto-oprema.com\/hr\/wp-json\/wp\/v2\/product"}],"about":[{"href":"https:\/\/moto-oprema.com\/hr\/wp-json\/wp\/v2\/types\/product"}],"replies":[{"embeddable":true,"href":"https:\/\/moto-oprema.com\/hr\/wp-json\/wp\/v2\/comments?post=128394"}],"wp:featuredmedia":[{"embeddable":true,"href":"https:\/\/moto-oprema.com\/hr\/wp-json\/wp\/v2\/media\/88259"}],"wp:attachment":[{"href":"https:\/\/moto-oprema.com\/hr\/wp-json\/wp\/v2\/media?parent=128394"}],"wp:term":[{"taxonomy":"brand","embeddable":true,"href":"https:\/\/moto-oprema.com\/hr\/wp-json\/wp\/v2\/brand?post=128394"},{"taxonomy":"gender","embeddable":true,"href":"https:\/\/moto-oprema.com\/hr\/wp-json\/wp\/v2\/gender?post=128394"},{"taxonomy":"product_brand","embeddable":true,"href":"https:\/\/moto-oprema.com\/hr\/wp-json\/wp\/v2\/product_brand?post=128394"},{"taxonomy":"product_cat","embeddable":true,"href":"https:\/\/moto-oprema.com\/hr\/wp-json\/wp\/v2\/product_cat?post=128394"},{"taxonomy":"product_tag","embeddable":true,"href":"https:\/\/moto-oprema.com\/hr\/wp-json\/wp\/v2\/product_tag?post=128394"}],"curies":[{"name":"wp","href":"https:\/\/api.w.org\/{rel}","templated":true}]}}