{"id":128371,"date":"2025-05-19T09:04:06","date_gmt":"2025-05-19T09:04:06","guid":{"rendered":"https:\/\/moto-oprema.com\/Artikel\/leatt-mx-kaciga-s-naocalama-moto-9-5-carbon-v25-carbon\/"},"modified":"2025-05-19T09:04:06","modified_gmt":"2025-05-19T09:04:06","slug":"leatt-mx-kaciga-s-naocalama-moto-9-5-carbon-v25-carbon","status":"publish","type":"product","link":"https:\/\/moto-oprema.com\/hr\/Artikel\/leatt-mx-kaciga-s-naocalama-moto-9-5-carbon-v25-carbon\/","title":{"rendered":"LEATT MX KACIGA S NAO\u010cALAMA MOTO 9.5 CARBON V25 CARBON"},"content":{"rendered":"<p>Set se sastoji od kacige Moto 9.5 Carbon i nao\u010dala Velocity 6.5 Iriz tvrtke Leatt, koje zajedno pru\u017eaju iznimnu za\u0161titu glave, mozga i o\u010diju. Kaciga ima visokou\u010dinkoviti ECE 22.06 certifikat i \u0161koljku od karbonske matrice u tri razli\u010dite veli\u010dine. Posebnom tehnologijom smanjenja ozljeda mozga smanjuju se sile povezane s potresima mozga. Elasti\u010dna Pro-Fit udobna podstava prilago\u0111ava se glavi, a veliki ventilacijski kanali osiguravaju hla\u0111enje \u010dak i pri malim brzinama. Unutarnja podstava je periva, prozra\u010dna i sprje\u010dava neugodne mirise. Za\u0161tita vrata omogu\u0107uje izvrsnu upravljivost, a jastu\u010di\u0107i za obraze mogu se ukloniti u hitnim slu\u010dajevima. Ostale zna\u010dajke uklju\u010duju bo\u010dni otvor za sustav hidratacije, tehnologiju turbine od 360\u00b0 za smanjenje rotacijskog ubrzanja mozga te DOT i ECE certifikate.      <\/p>\n<p>Isporuka uklju\u010duje torbu za kacigu i produ\u017eetak vizira za kacigu.<\/p>\n","protected":false},"excerpt":{"rendered":"<p>Set se sastoji od kacige Moto 9.5 Carbon i nao\u010dala Velocity 6.5 Iriz tvrtke Leatt, koje&#8230;<\/p>\n","protected":false},"featured_media":88081,"comment_status":"open","ping_status":"closed","template":"","meta":{"_acf_changed":false},"brand":[2744],"gender":[2172],"product_brand":[],"product_cat":[2764,2733],"product_tag":[],"class_list":{"0":"post-128371","1":"product","2":"type-product","3":"status-publish","4":"has-post-thumbnail","6":"brand-leatt-hr","7":"gender-unisex-hr","8":"product_cat-mx-kacige","9":"product_cat-oprema-za-motokros","10":"pa_size-l-hr","11":"pa_size-m-hr","12":"pa_size-s-hr","13":"pa_size-xl-hr","14":"pa_size-xs-hr","16":"first","17":"instock","18":"sale","19":"taxable","20":"shipping-taxable","21":"purchasable","22":"product-type-variable"},"acf":[],"_links":{"self":[{"href":"https:\/\/moto-oprema.com\/hr\/wp-json\/wp\/v2\/product\/128371","targetHints":{"allow":["GET"]}}],"collection":[{"href":"https:\/\/moto-oprema.com\/hr\/wp-json\/wp\/v2\/product"}],"about":[{"href":"https:\/\/moto-oprema.com\/hr\/wp-json\/wp\/v2\/types\/product"}],"replies":[{"embeddable":true,"href":"https:\/\/moto-oprema.com\/hr\/wp-json\/wp\/v2\/comments?post=128371"}],"wp:featuredmedia":[{"embeddable":true,"href":"https:\/\/moto-oprema.com\/hr\/wp-json\/wp\/v2\/media\/88081"}],"wp:attachment":[{"href":"https:\/\/moto-oprema.com\/hr\/wp-json\/wp\/v2\/media?parent=128371"}],"wp:term":[{"taxonomy":"brand","embeddable":true,"href":"https:\/\/moto-oprema.com\/hr\/wp-json\/wp\/v2\/brand?post=128371"},{"taxonomy":"gender","embeddable":true,"href":"https:\/\/moto-oprema.com\/hr\/wp-json\/wp\/v2\/gender?post=128371"},{"taxonomy":"product_brand","embeddable":true,"href":"https:\/\/moto-oprema.com\/hr\/wp-json\/wp\/v2\/product_brand?post=128371"},{"taxonomy":"product_cat","embeddable":true,"href":"https:\/\/moto-oprema.com\/hr\/wp-json\/wp\/v2\/product_cat?post=128371"},{"taxonomy":"product_tag","embeddable":true,"href":"https:\/\/moto-oprema.com\/hr\/wp-json\/wp\/v2\/product_tag?post=128371"}],"curies":[{"name":"wp","href":"https:\/\/api.w.org\/{rel}","templated":true}]}}