{"id":128348,"date":"2025-07-18T07:47:23","date_gmt":"2025-07-18T07:47:23","guid":{"rendered":"https:\/\/moto-oprema.com\/Artikel\/sp-connect-gps-drzac\/"},"modified":"2025-07-18T07:47:23","modified_gmt":"2025-07-18T07:47:23","slug":"sp-connect-gps-drzac","status":"publish","type":"product","link":"https:\/\/moto-oprema.com\/hr\/Artikel\/sp-connect-gps-drzac\/","title":{"rendered":"SP CONNECT GPS DR\u017dA\u010c"},"content":{"rendered":"<p>SP CONNECT GPS DR\u017dA\u010c<\/p>\n<p>U\u017eivajte u prakti\u010dnosti kori\u0161tenja navigacijskih aplikacija u pokretu, uz jamstvo da \u0107e va\u0161 ure\u0111aj biti sigurno pri\u010dvr\u0161\u0107en, zahvaljuju\u0107i kompatibilnosti s AMPS su\u010deljem s uzorkom rupa.<\/p>\n<ul>\n<li>Kompatibilno s Garmin\u00ae AMPS uzorkom rupa 38 x 30 mm<\/li>\n<li>Glava koja apsorbira udarce<\/li>\n<li>Podesivi kut ugradnje<\/li>\n<li>Instalacija u portretnom i pejza\u017enom formatu<\/li>\n<li>CNC obra\u0111eno od aluminija zrakoplovne kvalitete<\/li>\n<\/ul>\n<p>&nbsp;<\/p>\n<p>&nbsp;<\/p>\n","protected":false},"excerpt":{"rendered":"<p>SP CONNECT GPS DR\u017dA\u010c U\u017eivajte u prakti\u010dnosti kori\u0161tenja navigacijskih aplikacija u pokretu, uz jamstvo da \u0107e&#8230;<\/p>\n","protected":false},"featured_media":93322,"comment_status":"open","ping_status":"closed","template":"","meta":{"_acf_changed":false},"brand":[2767],"gender":[],"product_brand":[],"product_cat":[2766,2729],"product_tag":[],"class_list":{"0":"post-128348","1":"product","2":"type-product","3":"status-publish","4":"has-post-thumbnail","6":"brand-sp-connect-hr","7":"product_cat-ostali-pribor","8":"product_cat-pribor","10":"first","11":"instock","12":"sale","13":"taxable","14":"shipping-taxable","15":"purchasable","16":"product-type-simple"},"acf":[],"_links":{"self":[{"href":"https:\/\/moto-oprema.com\/hr\/wp-json\/wp\/v2\/product\/128348","targetHints":{"allow":["GET"]}}],"collection":[{"href":"https:\/\/moto-oprema.com\/hr\/wp-json\/wp\/v2\/product"}],"about":[{"href":"https:\/\/moto-oprema.com\/hr\/wp-json\/wp\/v2\/types\/product"}],"replies":[{"embeddable":true,"href":"https:\/\/moto-oprema.com\/hr\/wp-json\/wp\/v2\/comments?post=128348"}],"wp:featuredmedia":[{"embeddable":true,"href":"https:\/\/moto-oprema.com\/hr\/wp-json\/wp\/v2\/media\/93322"}],"wp:attachment":[{"href":"https:\/\/moto-oprema.com\/hr\/wp-json\/wp\/v2\/media?parent=128348"}],"wp:term":[{"taxonomy":"brand","embeddable":true,"href":"https:\/\/moto-oprema.com\/hr\/wp-json\/wp\/v2\/brand?post=128348"},{"taxonomy":"gender","embeddable":true,"href":"https:\/\/moto-oprema.com\/hr\/wp-json\/wp\/v2\/gender?post=128348"},{"taxonomy":"product_brand","embeddable":true,"href":"https:\/\/moto-oprema.com\/hr\/wp-json\/wp\/v2\/product_brand?post=128348"},{"taxonomy":"product_cat","embeddable":true,"href":"https:\/\/moto-oprema.com\/hr\/wp-json\/wp\/v2\/product_cat?post=128348"},{"taxonomy":"product_tag","embeddable":true,"href":"https:\/\/moto-oprema.com\/hr\/wp-json\/wp\/v2\/product_tag?post=128348"}],"curies":[{"name":"wp","href":"https:\/\/api.w.org\/{rel}","templated":true}]}}