{"id":128347,"date":"2025-07-18T07:34:33","date_gmt":"2025-07-18T07:34:33","guid":{"rendered":"https:\/\/moto-oprema.com\/Artikel\/sp-connect-moto-drzac-za-volana\/"},"modified":"2025-07-18T07:34:33","modified_gmt":"2025-07-18T07:34:33","slug":"sp-connect-moto-drzac-za-volana","status":"publish","type":"product","link":"https:\/\/moto-oprema.com\/hr\/Artikel\/sp-connect-moto-drzac-za-volana\/","title":{"rendered":"SP CONNECT MOTO DR\u017dA\u010c ZA VOLANA"},"content":{"rendered":"<p>SP CONNECT Moto Stem nosa\u010d<\/p>\n<p>Otkrijte dr\u017ea\u010d za mobitel Supersport, posebno dizajniran za velike brzine.<\/p>\n<p>Nosa\u010d za upravlja\u010d motocikala Moto Stem izra\u0111en od aluminija zrakoplovne kvalitete posebno je dizajniran za potrebe supersportskih motocikala. Jednostavnim okretanjem od 90\u00b0, futrola za telefon SP ConnectTM sigurno se pri\u010dvr\u0161\u0107uje na upravlja\u010d. Va\u0161 mobilni telefon dodatno je za\u0161ti\u0107en zahvaljuju\u0107i prigu\u0161ivanju vibracija.  <\/p>\n<p>Ovaj dr\u017ea\u010d za mobitel Supersport prati vas do novih osobnih rekorda. U\u017eivajte u svestranom pametnom iskustvu na cesti. <\/p>\n<p>&nbsp;<\/p>\n<p>&nbsp;<\/p>\n","protected":false},"excerpt":{"rendered":"<p>Najsvestraniji dr\u017ea\u010d za pri\u010dvr\u0161\u0107ivanje mobitela na upravlja\u010d motocikla.<\/p>\n","protected":false},"featured_media":93302,"comment_status":"open","ping_status":"closed","template":"","meta":{"_acf_changed":false},"brand":[2767],"gender":[],"product_brand":[],"product_cat":[2766,2729],"product_tag":[],"class_list":{"0":"post-128347","1":"product","2":"type-product","3":"status-publish","4":"has-post-thumbnail","6":"brand-sp-connect-hr","7":"product_cat-ostali-pribor","8":"product_cat-pribor","10":"first","11":"instock","12":"sale","13":"taxable","14":"shipping-taxable","15":"purchasable","16":"product-type-simple"},"acf":[],"_links":{"self":[{"href":"https:\/\/moto-oprema.com\/hr\/wp-json\/wp\/v2\/product\/128347","targetHints":{"allow":["GET"]}}],"collection":[{"href":"https:\/\/moto-oprema.com\/hr\/wp-json\/wp\/v2\/product"}],"about":[{"href":"https:\/\/moto-oprema.com\/hr\/wp-json\/wp\/v2\/types\/product"}],"replies":[{"embeddable":true,"href":"https:\/\/moto-oprema.com\/hr\/wp-json\/wp\/v2\/comments?post=128347"}],"wp:featuredmedia":[{"embeddable":true,"href":"https:\/\/moto-oprema.com\/hr\/wp-json\/wp\/v2\/media\/93302"}],"wp:attachment":[{"href":"https:\/\/moto-oprema.com\/hr\/wp-json\/wp\/v2\/media?parent=128347"}],"wp:term":[{"taxonomy":"brand","embeddable":true,"href":"https:\/\/moto-oprema.com\/hr\/wp-json\/wp\/v2\/brand?post=128347"},{"taxonomy":"gender","embeddable":true,"href":"https:\/\/moto-oprema.com\/hr\/wp-json\/wp\/v2\/gender?post=128347"},{"taxonomy":"product_brand","embeddable":true,"href":"https:\/\/moto-oprema.com\/hr\/wp-json\/wp\/v2\/product_brand?post=128347"},{"taxonomy":"product_cat","embeddable":true,"href":"https:\/\/moto-oprema.com\/hr\/wp-json\/wp\/v2\/product_cat?post=128347"},{"taxonomy":"product_tag","embeddable":true,"href":"https:\/\/moto-oprema.com\/hr\/wp-json\/wp\/v2\/product_tag?post=128347"}],"curies":[{"name":"wp","href":"https:\/\/api.w.org\/{rel}","templated":true}]}}