{"id":128329,"date":"2025-07-17T09:30:55","date_gmt":"2025-07-17T09:30:55","guid":{"rendered":"https:\/\/moto-oprema.com\/Artikel\/sp-connect-drzac-ogledala-pro\/"},"modified":"2025-07-17T09:30:55","modified_gmt":"2025-07-17T09:30:55","slug":"sp-connect-drzac-ogledala-pro","status":"publish","type":"product","link":"https:\/\/moto-oprema.com\/hr\/Artikel\/sp-connect-drzac-ogledala-pro\/","title":{"rendered":"SP CONNECT DR\u017dA\u010c OGLEDALA PRO"},"content":{"rendered":"<p>SP CONNECT Nosa\u010d za ogledalo Pro<\/p>\n<p>Pomo\u0107u Mirror Mount Pro mo\u017eete brzo i sigurno pri\u010dvrstiti svoj pametni telefon na retrovizor svog mopeda ili motocikla.<\/p>\n<p>U\u017eivajte u jo\u0161 pametnijem iskustvu na cesti! S Mirror Mount Pro dobivate sveobuhvatno sigurno i prakti\u010dno rje\u0161enje za svoj moped ili motocikl, pomo\u0107u kojeg mo\u017eete instalirati svoju SP ConnectTM futrolu za telefon u samo nekoliko sekundi. <\/p>\n<p>Mirror Mount Pro se lako pri\u010dvrsti na ogledalo, a va\u0161 mobilni telefon se mo\u017ee individualno postaviti zahvaljuju\u0107i fleksibilnoj glavi. Idealno za navigaciju i pristup va\u0161im popisima za reprodukciju ili porukama u pokretu. <\/p>\n<ul>\n<li>Dr\u017ea\u010d za mobitel na retrovizoru mopeda ili motocikala<\/li>\n<li>Djelomi\u010dno izra\u0111eno od CNC glodanog aluminija<\/li>\n<li>Rotiraju\u0107i i reverzibilni<\/li>\n<li>Tako\u0111er za nosa\u010de navigacijskih ure\u0111aja na avanturisti\u010dkim motociklima<\/li>\n<\/ul>\n<p>&nbsp;<\/p>\n<p>&nbsp;<\/p>\n","protected":false},"excerpt":{"rendered":"<p>Najsvestraniji dr\u017ea\u010d za pri\u010dvr\u0161\u0107ivanje mobitela na retrovizor motocikla.<\/p>\n","protected":false},"featured_media":93262,"comment_status":"open","ping_status":"closed","template":"","meta":{"_acf_changed":false},"brand":[2767],"gender":[],"product_brand":[],"product_cat":[2766,2729],"product_tag":[],"class_list":{"0":"post-128329","1":"product","2":"type-product","3":"status-publish","4":"has-post-thumbnail","6":"brand-sp-connect-hr","7":"product_cat-ostali-pribor","8":"product_cat-pribor","10":"first","11":"instock","12":"sale","13":"taxable","14":"shipping-taxable","15":"purchasable","16":"product-type-simple"},"acf":[],"_links":{"self":[{"href":"https:\/\/moto-oprema.com\/hr\/wp-json\/wp\/v2\/product\/128329","targetHints":{"allow":["GET"]}}],"collection":[{"href":"https:\/\/moto-oprema.com\/hr\/wp-json\/wp\/v2\/product"}],"about":[{"href":"https:\/\/moto-oprema.com\/hr\/wp-json\/wp\/v2\/types\/product"}],"replies":[{"embeddable":true,"href":"https:\/\/moto-oprema.com\/hr\/wp-json\/wp\/v2\/comments?post=128329"}],"wp:featuredmedia":[{"embeddable":true,"href":"https:\/\/moto-oprema.com\/hr\/wp-json\/wp\/v2\/media\/93262"}],"wp:attachment":[{"href":"https:\/\/moto-oprema.com\/hr\/wp-json\/wp\/v2\/media?parent=128329"}],"wp:term":[{"taxonomy":"brand","embeddable":true,"href":"https:\/\/moto-oprema.com\/hr\/wp-json\/wp\/v2\/brand?post=128329"},{"taxonomy":"gender","embeddable":true,"href":"https:\/\/moto-oprema.com\/hr\/wp-json\/wp\/v2\/gender?post=128329"},{"taxonomy":"product_brand","embeddable":true,"href":"https:\/\/moto-oprema.com\/hr\/wp-json\/wp\/v2\/product_brand?post=128329"},{"taxonomy":"product_cat","embeddable":true,"href":"https:\/\/moto-oprema.com\/hr\/wp-json\/wp\/v2\/product_cat?post=128329"},{"taxonomy":"product_tag","embeddable":true,"href":"https:\/\/moto-oprema.com\/hr\/wp-json\/wp\/v2\/product_tag?post=128329"}],"curies":[{"name":"wp","href":"https:\/\/api.w.org\/{rel}","templated":true}]}}