{"id":128314,"date":"2025-07-16T09:56:29","date_gmt":"2025-07-16T09:56:29","guid":{"rendered":"https:\/\/moto-oprema.com\/Artikel\/hjc-avanturisticka-kaciga-rpha-60-dakar-mc3hsf\/"},"modified":"2025-07-16T09:56:29","modified_gmt":"2025-07-16T09:56:29","slug":"hjc-avanturisticka-kaciga-rpha-60-dakar-mc3hsf","status":"publish","type":"product","link":"https:\/\/moto-oprema.com\/hr\/Artikel\/hjc-avanturisticka-kaciga-rpha-60-dakar-mc3hsf\/","title":{"rendered":"HJC AVANTURISTI\u010cKA KACIGA RPHA 60 DAKAR MC3HSF"},"content":{"rendered":"<p>HJC RPHA 60 nudi iznimnu za\u0161titu od udara uz malu te\u017einu zahvaljuju\u0107i Premium Integrated Matrix (PIM) tehnologiji, visokou\u010dinkovitom materijalu koji se koristi u zrakoplovnoj i trka\u0107oj industriji. ACS Advanced Channeling Ventilation System osigurava u\u010dinkovitu ventilaciju i prenosi toplinu i vlagu sprijeda prema natrag, gore i prema van, osiguravaju\u0107i ugodnu klimu tijekom vo\u017enje. Aerodinami\u010dna struktura \u0161koljke kacige smanjuje otpor zraka i time doprinosi stabilnosti pri velikim brzinama, \u0161to je posebno korisno na dugim putovanjima ili pri vo\u017enji velikim brzinama. Kaciga nudi savr\u0161enu ravnote\u017eu izme\u0111u sigurnosti, udobnosti i performansi &#8211; idealno za sve vrste vo\u017enje.   <\/p>\n<p>Zna\u010dajke:<\/p>\n<ul>\n<li>Premium Integrated Matrix \/ PIM\u2122: visokou\u010dinkoviti materijal s epoksidnom smolom i vlaknastom tkaninom<\/li>\n<li>ACS: potpuna cirkulacija zraka od naprijed prema natrag s 3 ulaza za zrak i 4 izlaza za zrak, koja uklanja toplinu i vlagu<\/li>\n<li>Vizir testiran u aerotunelu osigurava maksimalnu stabilnost i smanjeni otpor zraka, \u010dak i pri velikim brzinama<\/li>\n<li>dinami\u010dni, vi\u0161eslojno podesivi \u0161titnik za sunce<\/li>\n<li>Jastu\u010di\u0107i za glavu i obraze: odvojivi i perivi.<\/li>\n<li>Kanali za nao\u010dale: pogodno za osobe koje nose nao\u010dale.<\/li>\n<\/ul>\n<p>Tehni\u010dki podaci:<\/p>\n<ul>\n<li>Materijal: termoplastika<\/li>\n<li>ECE 22.06<\/li>\n<li>Zatvaranje: Dvostruko D<\/li>\n<li>Vrsta vizira: HJ-47, s premazom protiv pra\u0161ine<\/li>\n<li>Za\u0161tita od sunca: HJ-V12<\/li>\n<\/ul>\n<p>Kompatibilnost:<\/p>\n<p>Spremno za SMART HJC 11B, 21B i 50B Bluetooth (nije uklju\u010deno u paket)<\/p>\n<p>&nbsp;<\/p>\n<p>Veli\u010dina kacige \/ jastu\u010di\u0107a za obraze \/ jastu\u010di\u0107a za glavu:<\/p>\n<p>XS (54-55 cm) \/ 35 mm \/ 9 mm<\/p>\n<p>S (55\u201356 cm) \/ 30 mm \/ 7 mm<\/p>\n<p>M (57\u201358 cm) \/ 30 mm \/ 9 mm<\/p>\n<p>D (58\u201359 cm) \/ 30 mm \/ 9 mm<\/p>\n<p>XL (60-61 cm) \/ 35 mm \/ 12 mm<\/p>\n<p>XXL (62-63 cm) \/ 25 mm \/ 7 mm<\/p>\n<p>&nbsp;<\/p>\n<p>&nbsp;<\/p>\n","protected":false},"excerpt":{"rendered":"<p>Boja: MC3HSF<\/p>\n","protected":false},"featured_media":92913,"comment_status":"open","ping_status":"closed","template":"","meta":{"_acf_changed":false},"brand":[2130],"gender":[2172],"product_brand":[],"product_cat":[1358,1356,1359],"product_tag":[],"class_list":{"0":"post-128314","1":"product","2":"type-product","3":"status-publish","4":"has-post-thumbnail","6":"brand-hjc-hr","7":"gender-unisex-hr","8":"product_cat-kacige","9":"product_cat-motociklisticka-oprema","10":"product_cat-sastavni","11":"pa_size-l-hr","12":"pa_size-m-hr","13":"pa_size-s-hr","14":"pa_size-xl-hr","15":"pa_size-xs-hr","16":"pa_size-xxl-hr","18":"first","19":"onbackorder","20":"sale","21":"taxable","22":"shipping-taxable","23":"purchasable","24":"product-type-variable"},"acf":[],"_links":{"self":[{"href":"https:\/\/moto-oprema.com\/hr\/wp-json\/wp\/v2\/product\/128314","targetHints":{"allow":["GET"]}}],"collection":[{"href":"https:\/\/moto-oprema.com\/hr\/wp-json\/wp\/v2\/product"}],"about":[{"href":"https:\/\/moto-oprema.com\/hr\/wp-json\/wp\/v2\/types\/product"}],"replies":[{"embeddable":true,"href":"https:\/\/moto-oprema.com\/hr\/wp-json\/wp\/v2\/comments?post=128314"}],"wp:featuredmedia":[{"embeddable":true,"href":"https:\/\/moto-oprema.com\/hr\/wp-json\/wp\/v2\/media\/92913"}],"wp:attachment":[{"href":"https:\/\/moto-oprema.com\/hr\/wp-json\/wp\/v2\/media?parent=128314"}],"wp:term":[{"taxonomy":"brand","embeddable":true,"href":"https:\/\/moto-oprema.com\/hr\/wp-json\/wp\/v2\/brand?post=128314"},{"taxonomy":"gender","embeddable":true,"href":"https:\/\/moto-oprema.com\/hr\/wp-json\/wp\/v2\/gender?post=128314"},{"taxonomy":"product_brand","embeddable":true,"href":"https:\/\/moto-oprema.com\/hr\/wp-json\/wp\/v2\/product_brand?post=128314"},{"taxonomy":"product_cat","embeddable":true,"href":"https:\/\/moto-oprema.com\/hr\/wp-json\/wp\/v2\/product_cat?post=128314"},{"taxonomy":"product_tag","embeddable":true,"href":"https:\/\/moto-oprema.com\/hr\/wp-json\/wp\/v2\/product_tag?post=128314"}],"curies":[{"name":"wp","href":"https:\/\/api.w.org\/{rel}","templated":true}]}}