{"id":128284,"date":"2025-07-16T08:40:41","date_gmt":"2025-07-16T08:40:41","guid":{"rendered":"https:\/\/moto-oprema.com\/Artikel\/hjc-kaciga-f100-bios-mc3hsf-mat-crna-siva-fluorescent-zuta\/"},"modified":"2025-07-16T08:40:41","modified_gmt":"2025-07-16T08:40:41","slug":"hjc-kaciga-f100-bios-mc3hsf-mat-crna-siva-fluorescent-zuta","status":"publish","type":"product","link":"https:\/\/moto-oprema.com\/hr\/Artikel\/hjc-kaciga-f100-bios-mc3hsf-mat-crna-siva-fluorescent-zuta\/","title":{"rendered":"HJC KACIGA F100 BIOS MC3HSF MAT CRNA SIVA FLUORESCENT \u017dUTA"},"content":{"rendered":"<p>F100 stavlja najve\u0107i naglasak na sigurnost, udobnost i inovativnu tehnologiju. S naprednom AFC kompozitnom \u0161koljkom od staklenih vlakana, kaciga nudi izvrsnu za\u0161titu uz malu te\u017einu. Sofisticirani ACS ventilacijski sustav osigurava stalan protok zraka i u\u010dinkovito raspr\u0161uje toplinu i vlagu, dok vizir s 99% UV za\u0161titom i premazom protiv pra\u0161ine osigurava jasan pogled. F100 tako\u0111er impresionira svojim integriranim tamnim vizirom za sunce, 3D oblikovanim jastu\u010di\u0107ima za obraze za savr\u0161eno pristajanje i prakti\u010dnim utorima za nao\u010dale za nositelje nao\u010dala. Dodatne zna\u010dajke poput deflektora vjetra i deflektora daha upotpunjuju paket udobnosti.    <\/p>\n<p>Zna\u010dajke:<\/p>\n<p>AFC tehnologija: lagana, otporna na udarce \u0161koljka od kompozita od stakloplastike<br \/>\n ACS ventilacijski sustav: optimalna cirkulacija zraka za svje\u017einu i udobnost<br \/>\n Vizir: 99% UV za\u0161tita, premaz protiv pra\u0161ine, Pinlock<br \/>\n Tamno obojena za\u0161tita od sunca: ugra\u0111ena, za bolju za\u0161titu od odsjaja<br \/>\n Udobnost: Unutarnja podstava koja upija vlagu i mo\u017ee se prati<br \/>\n \u017dljebovi za nao\u010dale: Pogodno za nositelje nao\u010dala<\/p>\n<p>Tehni\u010dki podaci:<\/p>\n<p>Materijal: Stakloplastika<br \/>\n ECE 22.06<br \/>\n Zatvaranje: Mikrometrijska kop\u010da<br \/>\n Vrsta vizira: HJ-45, premaz protiv pra\u0161ine, Pinlock<br \/>\n \u0160titnik za sunce: HJ-V12<\/p>\n<p>Veli\u010dina kacige \/ jastu\u010di\u0107a za obraze \/ jastu\u010di\u0107a za glavu:<\/p>\n<p>XS (54-55 cm) \/ 40 mm \/ 21 mm<br \/>\n S (55-56 cm) \/ 40 mm \/ 18 mm<br \/>\n M (57-58 cm) \/ 35 mm \/ 15 mm<br \/>\n L (58-59 cm) \/ 30 mm \/ 12 mm<br \/>\n XL (60-61 cm) \/ 35 mm \/ 9 mm<br \/>\n XXL (62-63 cm) \/ 30 mm \/ 7 mm<\/p>\n","protected":false},"excerpt":{"rendered":"<p>F100 stavlja najve\u0107i naglasak na sigurnost, udobnost i inovativnu tehnologiju. S naprednom AFC kompozitnom \u0161koljkom od&#8230;<\/p>\n","protected":false},"featured_media":92606,"comment_status":"open","ping_status":"closed","template":"","meta":{"_acf_changed":false},"brand":[2130],"gender":[2172],"product_brand":[],"product_cat":[1358,1356,2753],"product_tag":[],"class_list":{"0":"post-128284","1":"product","2":"type-product","3":"status-publish","4":"has-post-thumbnail","6":"brand-hjc-hr","7":"gender-unisex-hr","8":"product_cat-kacige","9":"product_cat-motociklisticka-oprema","10":"product_cat-sklopivi","11":"pa_size-2xl-hr","12":"pa_size-l-hr","13":"pa_size-m-hr","14":"pa_size-s-hr","15":"pa_size-xl-hr","16":"pa_size-xs-hr","18":"first","19":"instock","20":"sale","21":"taxable","22":"shipping-taxable","23":"purchasable","24":"product-type-variable"},"acf":[],"_links":{"self":[{"href":"https:\/\/moto-oprema.com\/hr\/wp-json\/wp\/v2\/product\/128284","targetHints":{"allow":["GET"]}}],"collection":[{"href":"https:\/\/moto-oprema.com\/hr\/wp-json\/wp\/v2\/product"}],"about":[{"href":"https:\/\/moto-oprema.com\/hr\/wp-json\/wp\/v2\/types\/product"}],"replies":[{"embeddable":true,"href":"https:\/\/moto-oprema.com\/hr\/wp-json\/wp\/v2\/comments?post=128284"}],"wp:featuredmedia":[{"embeddable":true,"href":"https:\/\/moto-oprema.com\/hr\/wp-json\/wp\/v2\/media\/92606"}],"wp:attachment":[{"href":"https:\/\/moto-oprema.com\/hr\/wp-json\/wp\/v2\/media?parent=128284"}],"wp:term":[{"taxonomy":"brand","embeddable":true,"href":"https:\/\/moto-oprema.com\/hr\/wp-json\/wp\/v2\/brand?post=128284"},{"taxonomy":"gender","embeddable":true,"href":"https:\/\/moto-oprema.com\/hr\/wp-json\/wp\/v2\/gender?post=128284"},{"taxonomy":"product_brand","embeddable":true,"href":"https:\/\/moto-oprema.com\/hr\/wp-json\/wp\/v2\/product_brand?post=128284"},{"taxonomy":"product_cat","embeddable":true,"href":"https:\/\/moto-oprema.com\/hr\/wp-json\/wp\/v2\/product_cat?post=128284"},{"taxonomy":"product_tag","embeddable":true,"href":"https:\/\/moto-oprema.com\/hr\/wp-json\/wp\/v2\/product_tag?post=128284"}],"curies":[{"name":"wp","href":"https:\/\/api.w.org\/{rel}","templated":true}]}}