{"id":128244,"date":"2025-07-16T08:59:57","date_gmt":"2025-07-16T08:59:57","guid":{"rendered":"https:\/\/moto-oprema.com\/Artikel\/hjc-sklopivna-avanturisticka-kaciga-i80-bijela\/"},"modified":"2025-07-16T08:59:57","modified_gmt":"2025-07-16T08:59:57","slug":"hjc-sklopivna-avanturisticka-kaciga-i80-bijela","status":"publish","type":"product","link":"https:\/\/moto-oprema.com\/hr\/Artikel\/hjc-sklopivna-avanturisticka-kaciga-i80-bijela\/","title":{"rendered":"HJC SKLOPIVNA AVANTURISTI\u010cKA KACIGA I80 BIJELA"},"content":{"rendered":"<p>HJC i80 nudi optimalnu kombinaciju za\u0161tite i udobnosti zahvaljuju\u0107i APC Advanced Polycarbonate Compound tehnologiji. Ova kaciga, s mje\u0161avinom visokokvalitetnog polikarbonata i ABS-a, pru\u017ea posebno \u010dvrstu, otpornu na udarce i istovremeno laganu \u0161koljku. ACS Advanced Channeling Ventilation System osigurava izvrsnu ventilaciju. S vrhunskim vrijednostima testiranim u zra\u010dnom tunelu i preciznim pode\u0161avanjem pomo\u0107u naprednih CFD programa, i80 nudi maksimalnu stabilnost pri velikim brzinama. Unutra\u0161njost odvodi vlagu, 3D oblikovani jastu\u010di\u0107i za obraze nude dodatnu udobnost i zamjenjivi su u svim veli\u010dinama. Kaciga je opremljena utorima za nao\u010dale, pa je posebno udobna i za nositelje nao\u010dala, a ima i ugra\u0111eni tamni \u0161titnik za sunce.     <\/p>\n<p>Zna\u010dajke:<br \/>\n APC Advanced Polycarbonate Compound: mje\u0161avina visokokvalitetnog polikarbonata s visokom udarnom \u010dvrsto\u0107om i ABS-a u optimalnom omjeru.<br \/>\n ACS napredni sustav ventilacije s kanalima: savr\u0161en protok zraka od naprijed prema natrag odvodi toplinu i vlagu prema gore i van.<br \/>\n Vizir Pinlock Ready HJ-44: nudi 99% UV za\u0161titu, premaz protiv ogrebotina.<br \/>\n Integrirani tamno zatamnjeni \u0161titnik za sunce<br \/>\n maksimalna stabilnost i smanjeni otpor, \u010dak i pri velikim brzinama<br \/>\n Obrazi: zamjenjivi za sve veli\u010dine<\/p>\n<p>Tehni\u010dki podaci:<\/p>\n<p>Materijal: polikarbonat<br \/>\n ECE 22.06<br \/>\n Zatvaranje: mikrometrijska kop\u010da<br \/>\n Vrsta vizira: HJ-44, premaz protiv zamagljivanja, Pinlock ready<br \/>\n \u0160titnik za sunce: HJ-V12<\/p>\n<p>Veli\u010dina kacige\/\u0161titnika za obraze\/\u0161titnika za glavu:<\/p>\n<p>XS (54\u201355 cm)\/40 mm\/12 mm<br \/>\n S (55\u201356 cm)\/35 mm\/9 mm<br \/>\n M (57\u201358 cm)\/35 mm\/9 mm<br \/>\n D (58\u201359 cm)\/35 mm\/12 mm<br \/>\n XL (60\u201361 cm)\/30 mm\/9 mm<br \/>\n XXL (62\u201363 cm)\/25 mm\/7 mm<\/p>\n","protected":false},"excerpt":{"rendered":"<p>Boja: Biserno bijela<\/p>\n","protected":false},"featured_media":92698,"comment_status":"open","ping_status":"closed","template":"","meta":{"_acf_changed":false},"brand":[2130],"gender":[2172],"product_brand":[],"product_cat":[1358,1356,2753],"product_tag":[],"class_list":{"0":"post-128244","1":"product","2":"type-product","3":"status-publish","4":"has-post-thumbnail","6":"brand-hjc-hr","7":"gender-unisex-hr","8":"product_cat-kacige","9":"product_cat-motociklisticka-oprema","10":"product_cat-sklopivi","11":"pa_size-l-hr","12":"pa_size-m-hr","13":"pa_size-s-hr","14":"pa_size-xl-hr","15":"pa_size-xs-hr","16":"pa_size-xxl-hr","18":"first","19":"onbackorder","20":"sale","21":"taxable","22":"shipping-taxable","23":"purchasable","24":"product-type-variable"},"acf":[],"_links":{"self":[{"href":"https:\/\/moto-oprema.com\/hr\/wp-json\/wp\/v2\/product\/128244","targetHints":{"allow":["GET"]}}],"collection":[{"href":"https:\/\/moto-oprema.com\/hr\/wp-json\/wp\/v2\/product"}],"about":[{"href":"https:\/\/moto-oprema.com\/hr\/wp-json\/wp\/v2\/types\/product"}],"replies":[{"embeddable":true,"href":"https:\/\/moto-oprema.com\/hr\/wp-json\/wp\/v2\/comments?post=128244"}],"wp:featuredmedia":[{"embeddable":true,"href":"https:\/\/moto-oprema.com\/hr\/wp-json\/wp\/v2\/media\/92698"}],"wp:attachment":[{"href":"https:\/\/moto-oprema.com\/hr\/wp-json\/wp\/v2\/media?parent=128244"}],"wp:term":[{"taxonomy":"brand","embeddable":true,"href":"https:\/\/moto-oprema.com\/hr\/wp-json\/wp\/v2\/brand?post=128244"},{"taxonomy":"gender","embeddable":true,"href":"https:\/\/moto-oprema.com\/hr\/wp-json\/wp\/v2\/gender?post=128244"},{"taxonomy":"product_brand","embeddable":true,"href":"https:\/\/moto-oprema.com\/hr\/wp-json\/wp\/v2\/product_brand?post=128244"},{"taxonomy":"product_cat","embeddable":true,"href":"https:\/\/moto-oprema.com\/hr\/wp-json\/wp\/v2\/product_cat?post=128244"},{"taxonomy":"product_tag","embeddable":true,"href":"https:\/\/moto-oprema.com\/hr\/wp-json\/wp\/v2\/product_tag?post=128244"}],"curies":[{"name":"wp","href":"https:\/\/api.w.org\/{rel}","templated":true}]}}