{"id":128216,"date":"2025-07-09T08:29:36","date_gmt":"2025-07-09T08:29:36","guid":{"rendered":"https:\/\/moto-oprema.com\/Artikel\/agv-k6-sa-kacigom-bezzecchi-2024\/"},"modified":"2025-07-09T08:29:36","modified_gmt":"2025-07-09T08:29:36","slug":"agv-k6-sa-kacigom-bezzecchi-2024","status":"publish","type":"product","link":"https:\/\/moto-oprema.com\/hr\/Artikel\/agv-k6-sa-kacigom-bezzecchi-2024\/","title":{"rendered":"AGV K6 SA KACIGOM BEZZECCHI 2024"},"content":{"rendered":"<p>Kaciga AGV K6 S<\/p>\n<p>Kaciga AGV K6 S koristi najsuvremeniju MotoGP tehnologiju i prilago\u0111ena je zahtjevnim potrebama ljubitelja utrka. Ova kaciga za cijelo lice kombinira visoko razvijene materijale s naprednim tehnolo\u0161kim inovacijama i strogim sigurnosnim standardima. K6 S dizajnirana je kako bi pru\u017eila iznimnu vo\u017enju kao motociklisti\u010dka kaciga \u010dak i u najekstremnijim uvjetima.  <\/p>\n<p>Visokokvalitetna karbonsko-aramidna \u0161koljka kacige K6 S pru\u017ea razinu za\u0161tite kakvu u\u017eivaju samo voza\u010di MotoGP-a. Ovaj izdr\u017eljivi i lagani materijal mo\u017ee u\u010dinkovito apsorbirati i raspodijeliti energiju udara u slu\u010daju pada. <\/p>\n<p>Zahvaljuju\u0107i strogom AGV Extreme Safety Design protokolu, kaciga K6 S zadovoljava, pa \u010dak i prema\u0161uje, stroge zahtjeve standarda ECE 22.06. AGV-ovo sigurnosno obe\u0107anje uzima u obzir razli\u010dite aspekte, uklju\u010duju\u0107i za\u0161titu od udara i aerodinamiku, tako da kaciga ne samo da \u0161titi, ve\u0107 i optimizira performanse i udobnost za voza\u010da. <\/p>\n<p>S pet velikih otvora za ventilaciju, kaciga AGV K6 S osigurava izvrsnu ventilaciju u svim uvjetima. Ergonomski podesivi elementi i AGV Micro-Lock sustav omogu\u0107uju jednostavno rukovanje, \u010dak i s rukavicama. Vodoodbojni vanjski materijal \u0161titi od ki\u0161e, dok prozra\u010dni unutarnji materijal u\u010dinkovito odvodi znoj.  <\/p>\n<p>K6 S je vrlo lagana motociklisti\u010dka kaciga. Te\u0161ka samo 1255 grama, posebno je udobna i smanjuje umor \u010dak i na dugim vo\u017enjama. Aerodinami\u010dna \u0161koljka osigurava stabilnost \u010dak i pri velikim brzinama i smanjuje otpor zraka. K6 S je savr\u0161eno uravnote\u017eena i nudi neutralnu dinami\u010dku raspodjelu te\u017eine za udobnu vo\u017enju.   <\/p>\n<p>&nbsp;<\/p>\n<p>Zna\u010dajke:<\/p>\n<ul>\n<li>Ugra\u0111eni spojler<\/li>\n<li>Optimizirano za sve vo\u017enje<\/li>\n<li>Oblik \u0161koljke je dizajniran kako bi se smanjila turbulencija<\/li>\n<li>2Dry: trenutno upijanje znoja<\/li>\n<li>Sigurnosni sustav za otpu\u0161tanje jastu\u010di\u0107a za obraze<\/li>\n<li>Podloga za obraze: Ritmo tkanina za jednostavno obla\u010denje i skidanje, s podru\u010djem za obraze od Shalimar tkanine za stabilnost pri velikim brzinama<\/li>\n<li>Jastuk: mekana i nje\u017ena tkanina Shalimar<\/li>\n<li>Zakrivljeni profil za za\u0161titu vrata<\/li>\n<li>Posebno dizajnirano za nositelje nao\u010dala<\/li>\n<li>Microsense: vrhunska udobnost za ko\u017eu<\/li>\n<li>Jastu\u010di\u0107 za vrat: Ritmo tkanina i umjetna ko\u017ea, vodootporan i vrlo otporan na habanje<\/li>\n<li>Reflektiraju\u0107i umetci<\/li>\n<li>Uklonjiva i periva podstava<\/li>\n<li>Bez bakterija: antimikrobna za\u0161tita<\/li>\n<li>Dvostruka D-kop\u010da<\/li>\n<li>190\u00b0 horizontalno vidno polje<\/li>\n<li>85\u00b0 vertikalno vidno polje<\/li>\n<li>Otporno na ogrebotine<\/li>\n<li>Mehanizam metalnog vizira<\/li>\n<li>Sustav mikroblende<\/li>\n<li>Vi\u0161estupanjski mehanizam vizira<\/li>\n<li>Optika klase 1<\/li>\n<li>Patentirani mehanizam sustava za brzo otpu\u0161tanje<\/li>\n<li>Patentirani sustav zaklju\u010davanja Vizir<\/li>\n<li>1 veliki stra\u017enji otvor<\/li>\n<li>5 ventilacijskih otvora na prednjoj strani<\/li>\n<li>Podesivi ventilacijski otvori<\/li>\n<li>Profil za\u0161tite klju\u010dne kosti<\/li>\n<\/ul>\n<p>Tehni\u010dki podaci:<\/p>\n<p>&nbsp;<\/p>\n<ul>\n<li>Ugljik-aramidna staklena vlakna<\/li>\n<li>Dvostruko zatvaranje u obliku D-prstena<\/li>\n<li>5-slojni EPS u 4 veli\u010dine ljuske<\/li>\n<li>ECE 2206<\/li>\n<li>Te\u017eina: 1255 g (+\/- 50 g)<\/li>\n<\/ul>\n<p>Kompatibilnost:<\/p>\n<p>Kompatibilan s AGV-ovim ARK interfonskim sustavom<\/p>\n","protected":false},"excerpt":{"rendered":"<p>Kaciga AGV K6 S Kaciga AGV K6 S koristi najsuvremeniju MotoGP tehnologiju i prilago\u0111ena je zahtjevnim&#8230;<\/p>\n","protected":false},"featured_media":92317,"comment_status":"open","ping_status":"closed","template":"","meta":{"_acf_changed":false},"brand":[2763],"gender":[2172],"product_brand":[],"product_cat":[1358,1356,1359],"product_tag":[],"class_list":{"0":"post-128216","1":"product","2":"type-product","3":"status-publish","4":"has-post-thumbnail","6":"brand-agv-hr","7":"gender-unisex-hr","8":"product_cat-kacige","9":"product_cat-motociklisticka-oprema","10":"product_cat-sastavni","11":"pa_size-l-hr","12":"pa_size-m-hr","13":"pa_size-s-hr","14":"pa_size-xl-hr","15":"pa_size-xs-hr","16":"pa_size-xxl-hr","18":"first","19":"instock","20":"sale","21":"taxable","22":"shipping-taxable","23":"purchasable","24":"product-type-variable"},"acf":[],"_links":{"self":[{"href":"https:\/\/moto-oprema.com\/hr\/wp-json\/wp\/v2\/product\/128216","targetHints":{"allow":["GET"]}}],"collection":[{"href":"https:\/\/moto-oprema.com\/hr\/wp-json\/wp\/v2\/product"}],"about":[{"href":"https:\/\/moto-oprema.com\/hr\/wp-json\/wp\/v2\/types\/product"}],"replies":[{"embeddable":true,"href":"https:\/\/moto-oprema.com\/hr\/wp-json\/wp\/v2\/comments?post=128216"}],"wp:featuredmedia":[{"embeddable":true,"href":"https:\/\/moto-oprema.com\/hr\/wp-json\/wp\/v2\/media\/92317"}],"wp:attachment":[{"href":"https:\/\/moto-oprema.com\/hr\/wp-json\/wp\/v2\/media?parent=128216"}],"wp:term":[{"taxonomy":"brand","embeddable":true,"href":"https:\/\/moto-oprema.com\/hr\/wp-json\/wp\/v2\/brand?post=128216"},{"taxonomy":"gender","embeddable":true,"href":"https:\/\/moto-oprema.com\/hr\/wp-json\/wp\/v2\/gender?post=128216"},{"taxonomy":"product_brand","embeddable":true,"href":"https:\/\/moto-oprema.com\/hr\/wp-json\/wp\/v2\/product_brand?post=128216"},{"taxonomy":"product_cat","embeddable":true,"href":"https:\/\/moto-oprema.com\/hr\/wp-json\/wp\/v2\/product_cat?post=128216"},{"taxonomy":"product_tag","embeddable":true,"href":"https:\/\/moto-oprema.com\/hr\/wp-json\/wp\/v2\/product_tag?post=128216"}],"curies":[{"name":"wp","href":"https:\/\/api.w.org\/{rel}","templated":true}]}}