{"id":128201,"date":"2025-06-16T08:06:11","date_gmt":"2025-06-16T08:06:11","guid":{"rendered":"https:\/\/moto-oprema.com\/Artikel\/schuberth-sc2-komunikacija\/"},"modified":"2025-06-16T08:06:11","modified_gmt":"2025-06-16T08:06:11","slug":"schuberth-sc2-komunikacija","status":"publish","type":"product","link":"https:\/\/moto-oprema.com\/hr\/Artikel\/schuberth-sc2-komunikacija\/","title":{"rendered":"SCHUBERTH SC2 KOMUNIKACIJA"},"content":{"rendered":"<p>Komunikacijski sustav Schuberth SC2 C5 E2 S3 J2, pojedina\u010dni set<\/p>\n<p>SC2 postavlja novi standard u komunikaciji za motocikle. HD zvu\u010dnici i tri antene za FM radio, Bluetooth interkom i Mesh interkom ve\u0107 su integrirani u Schuberth C5. SC2 je izuzetno jednostavan za instalaciju: umetnite HD mikrofon, uklonite poklopce na stra\u017enjoj strani kacige, otkrijte ku\u0107i\u0161te daljinskog upravlja\u010da sa strane, umetnite oboje, uklju\u010dite i spremni ste za polazak!  <\/p>\n<p>Zahvaljuju\u0107i novoj Mesh 2.0 tehnologiji, Schuberth SC2 nudi neusporedivu razinu povezivosti interfona i redefinira koncept \u201ekomunikacijske mre\u017ee\u201c. S Mesh 2.0 tehnologijom sada se mo\u017ee povezati gotovo neograni\u010den broj sudionika. Osim toga, novi sustav nudi najnovije HD zvu\u010dnike i mikrofone tvrtke Sena, naprednu kontrolu buke, digitalnog asistenta i raspon usporediv s najsna\u017enijim proizvodima na tr\u017ei\u0161tu.  <\/p>\n<p>Zna\u010dajke:<\/p>\n<p>HD zvu\u010dnici i tri antene (FM radio, Bluetooth interkom i Mesh interkom) ve\u0107 su ugra\u0111eni u Schuberth C5.<br \/>\n Jednostavno se postavlja u kacigu.<br \/>\n S Mesh 2.0 tehnologijom.<\/p>\n<p>Tehni\u010dki podaci:<\/p>\n<p>Kompatibilnost:<\/p>\n<p>Schuberth C5<br \/>\n Schubert E2<br \/>\n Schuberth S3<br \/>\n Schubert J2<\/p>\n<p>Sadr\u017eaj paketa:<\/p>\n<p>1 x Schuberth glavna jedinica<br \/>\n 1 x Schuberth upravlja\u010dka jedinica<br \/>\n 1 x mikrofon<\/p>\n<p>&nbsp;<\/p>\n","protected":false},"excerpt":{"rendered":"<p>Komunikacijski sustav Schuberth SC2 C5 E2 S3 J2, pojedina\u010dni set SC2 postavlja novi standard u komunikaciji&#8230;<\/p>\n","protected":false},"featured_media":91978,"comment_status":"open","ping_status":"closed","template":"","meta":{"_acf_changed":false},"brand":[2762],"gender":[],"product_brand":[],"product_cat":[1358,2757,1356],"product_tag":[],"class_list":{"0":"post-128201","1":"product","2":"type-product","3":"status-publish","4":"has-post-thumbnail","6":"brand-schuberth-hr","7":"product_cat-kacige","8":"product_cat-komunikacije-hr","9":"product_cat-motociklisticka-oprema","11":"first","12":"instock","13":"sale","14":"taxable","15":"shipping-taxable","16":"purchasable","17":"product-type-simple"},"acf":[],"_links":{"self":[{"href":"https:\/\/moto-oprema.com\/hr\/wp-json\/wp\/v2\/product\/128201","targetHints":{"allow":["GET"]}}],"collection":[{"href":"https:\/\/moto-oprema.com\/hr\/wp-json\/wp\/v2\/product"}],"about":[{"href":"https:\/\/moto-oprema.com\/hr\/wp-json\/wp\/v2\/types\/product"}],"replies":[{"embeddable":true,"href":"https:\/\/moto-oprema.com\/hr\/wp-json\/wp\/v2\/comments?post=128201"}],"wp:featuredmedia":[{"embeddable":true,"href":"https:\/\/moto-oprema.com\/hr\/wp-json\/wp\/v2\/media\/91978"}],"wp:attachment":[{"href":"https:\/\/moto-oprema.com\/hr\/wp-json\/wp\/v2\/media?parent=128201"}],"wp:term":[{"taxonomy":"brand","embeddable":true,"href":"https:\/\/moto-oprema.com\/hr\/wp-json\/wp\/v2\/brand?post=128201"},{"taxonomy":"gender","embeddable":true,"href":"https:\/\/moto-oprema.com\/hr\/wp-json\/wp\/v2\/gender?post=128201"},{"taxonomy":"product_brand","embeddable":true,"href":"https:\/\/moto-oprema.com\/hr\/wp-json\/wp\/v2\/product_brand?post=128201"},{"taxonomy":"product_cat","embeddable":true,"href":"https:\/\/moto-oprema.com\/hr\/wp-json\/wp\/v2\/product_cat?post=128201"},{"taxonomy":"product_tag","embeddable":true,"href":"https:\/\/moto-oprema.com\/hr\/wp-json\/wp\/v2\/product_tag?post=128201"}],"curies":[{"name":"wp","href":"https:\/\/api.w.org\/{rel}","templated":true}]}}