{"id":128178,"date":"2025-06-13T10:23:15","date_gmt":"2025-06-13T10:23:15","guid":{"rendered":"https:\/\/moto-oprema.com\/Artikel\/sena-60s-univerzalna-komunikacija\/"},"modified":"2025-06-13T10:23:15","modified_gmt":"2025-06-13T10:23:15","slug":"sena-60s-univerzalna-komunikacija","status":"publish","type":"product","link":"https:\/\/moto-oprema.com\/hr\/Artikel\/sena-60s-univerzalna-komunikacija\/","title":{"rendered":"SENA 60S UNIVERZALNA KOMUNIKACIJA"},"content":{"rendered":"<p>Sena 60S Sound by Harman Kardon Bluetooth komunikacijski sustav, pojedina\u010dni komplet za jednu kacigu<\/p>\n<p>Sena 60S je Mesh komunikacijski sustav s vrhunskim Harman Kardon zvukom. Zahvaljuju\u0107i svojoj dvostrukoj Mesh verziji, potpuno je kompatibilan sa starijim Sena Mesh proizvodima, tako da mo\u017eete ostati povezani kroz generacije. <\/p>\n<p>Zna\u010dajke:<\/p>\n<ul>\n<li>Harman Kardon zvu\u010dnici druge generacije <\/li>\n<li>Wave Intercom mobilna grupna komunikacija<\/li>\n<li>Poni\u0161tavanje buke pomo\u0107u umjetne inteligencije<\/li>\n<li>Napredno glasovno upravljanje<\/li>\n<li>Magnetski dr\u017ea\u010d<\/li>\n<li>Brzo i jednostavno kori\u0161tenje na vi\u0161e kaciga<\/li>\n<li>Zamjenjiva prednja plo\u010da<\/li>\n<li>Dinami\u010dka LED rasvjeta<\/li>\n<li>Ugra\u0111eno LED svjetlo<\/li>\n<li>Vodootpornost prema IPX7 standardu<\/li>\n<li>Be\u017ei\u010dna a\u017euriranja putem Sena Motorcycle aplikacije<\/li>\n<\/ul>\n<p>Tehni\u010dke specifikacije:<\/p>\n<ul>\n<li>Dimenzije glavnog modula: 94 mm x 52 mm x 27 mm<\/li>\n<li>Dimenzije zvu\u010dnika: 40 mm &#8211; debljina 8,6 mm<\/li>\n<li>Te\u017eina glavnog modula: 68 g<\/li>\n<li>Radna temperatura: -10\u00b0C \u2013 55\u00b0C<\/li>\n<li>Mre\u017ea 3.0<\/li>\n<li>Bluetooth 5.3<\/li>\n<li>Profil slu\u0161alica (HSP)<\/li>\n<li>Profil za pozivanje bez upotrebe ruku (HFP)<\/li>\n<li>Napredni profil za isporuku zvuka (A2DP)<\/li>\n<li>Profil daljinskog upravljanja zvukom ili videom (AVRCP)<\/li>\n<li>Domet Bluetootha: do 2 km na otvorenom terenu<\/li>\n<li>Domet mre\u017ee: do 2 km na otvorenom terenu (mo\u017ee se pro\u0161iriti na 8,0 km ako je spojeno najmanje 6 upravlja\u010dkih programa)<\/li>\n<li>Wave-Intercom: neograni\u010den broj voza\u010da<\/li>\n<li>Bluetooth-Interkom: do \u010detiri voza\u010da<\/li>\n<li>Mesh-Intercom (Open Mesh): neograni\u010den broj voza\u010da<\/li>\n<li>Mesh-Intercom (Zatvorena mre\u017ea): do 24 voza\u010da<\/li>\n<li>Vrijeme razgovora putem Bluetooth interkoma: 24 sata<\/li>\n<li>Vrijeme razgovora s Mesh Intercomom: 17 sati<\/li>\n<li>Vrijeme punjenja: 1,5 sati<\/li>\n<li>Ispitni standardi: CE, FCC, IC, KC, J-MIC, SRRC<\/li>\n<\/ul>\n<p>Sadr\u017eaj paketa:<\/p>\n<ul>\n<li>1x Sena 60S glavna jedinica<\/li>\n<li>2x kop\u010de za kacigu<\/li>\n<li>2x zvu\u010dnika<\/li>\n<li>2x jastu\u010di\u0107i za zvu\u010dnike<\/li>\n<li>4x \u010di\u010dak jastu\u010di\u0107i za zvu\u010dnike<\/li>\n<li>3x mikrofona<\/li>\n<li>4x prednje plo\u010de<\/li>\n<li>4x spu\u017eve za mikrofon<\/li>\n<li>3x \u010di\u010dak jastu\u010di\u0107i za mikrofon<\/li>\n<li>1x dr\u017ea\u010d mikrofona 1x magnetski poklopac za kop\u010du za kacigu<\/li>\n<li>1x 3,5 mm stereo audio adapter<\/li>\n<li>1x USB-C kabel za punjenje<\/li>\n<\/ul>\n<p>&nbsp;<\/p>\n<p>&nbsp;<\/p>\n","protected":false},"excerpt":{"rendered":"<p>Sena 60S Sound by Harman Kardon Bluetooth komunikacijski sustav, pojedina\u010dni komplet za jednu kacigu Sena 60S&#8230;<\/p>\n","protected":false},"featured_media":91893,"comment_status":"open","ping_status":"closed","template":"","meta":{"_acf_changed":false},"brand":[2758],"gender":[],"product_brand":[],"product_cat":[1358,2757,1356],"product_tag":[],"class_list":{"0":"post-128178","1":"product","2":"type-product","3":"status-publish","4":"has-post-thumbnail","6":"brand-snea-hr","7":"product_cat-kacige","8":"product_cat-komunikacije-hr","9":"product_cat-motociklisticka-oprema","11":"first","12":"instock","13":"sale","14":"taxable","15":"shipping-taxable","16":"purchasable","17":"product-type-simple"},"acf":[],"_links":{"self":[{"href":"https:\/\/moto-oprema.com\/hr\/wp-json\/wp\/v2\/product\/128178","targetHints":{"allow":["GET"]}}],"collection":[{"href":"https:\/\/moto-oprema.com\/hr\/wp-json\/wp\/v2\/product"}],"about":[{"href":"https:\/\/moto-oprema.com\/hr\/wp-json\/wp\/v2\/types\/product"}],"replies":[{"embeddable":true,"href":"https:\/\/moto-oprema.com\/hr\/wp-json\/wp\/v2\/comments?post=128178"}],"wp:featuredmedia":[{"embeddable":true,"href":"https:\/\/moto-oprema.com\/hr\/wp-json\/wp\/v2\/media\/91893"}],"wp:attachment":[{"href":"https:\/\/moto-oprema.com\/hr\/wp-json\/wp\/v2\/media?parent=128178"}],"wp:term":[{"taxonomy":"brand","embeddable":true,"href":"https:\/\/moto-oprema.com\/hr\/wp-json\/wp\/v2\/brand?post=128178"},{"taxonomy":"gender","embeddable":true,"href":"https:\/\/moto-oprema.com\/hr\/wp-json\/wp\/v2\/gender?post=128178"},{"taxonomy":"product_brand","embeddable":true,"href":"https:\/\/moto-oprema.com\/hr\/wp-json\/wp\/v2\/product_brand?post=128178"},{"taxonomy":"product_cat","embeddable":true,"href":"https:\/\/moto-oprema.com\/hr\/wp-json\/wp\/v2\/product_cat?post=128178"},{"taxonomy":"product_tag","embeddable":true,"href":"https:\/\/moto-oprema.com\/hr\/wp-json\/wp\/v2\/product_tag?post=128178"}],"curies":[{"name":"wp","href":"https:\/\/api.w.org\/{rel}","templated":true}]}}