{"id":128172,"date":"2025-06-12T08:37:58","date_gmt":"2025-06-12T08:37:58","guid":{"rendered":"https:\/\/moto-oprema.com\/Artikel\/fox-180-mx-rukavice-flow-fluo-zute\/"},"modified":"2025-06-12T08:37:58","modified_gmt":"2025-06-12T08:37:58","slug":"fox-180-mx-rukavice-flow-fluo-zute","status":"publish","type":"product","link":"https:\/\/moto-oprema.com\/hr\/Artikel\/fox-180-mx-rukavice-flow-fluo-zute\/","title":{"rendered":"FOX 180 MX RUKAVICE FLOW FLUO \u017dUTE"},"content":{"rendered":"<p>Kad su u pitanju rukavice, udobnost i osje\u0107aj su najva\u017eniji. Rukavice FOX 180 Flow pru\u017eaju siguran i pouzdan hvat zahvaljuju\u0107i kompresijskoj kop\u010di. Izdr\u017eljivi materijali osiguravaju izvrsnu pouzdanost i performanse, dok podstavljeni dlanovi i navlake za pal\u010deve pru\u017eaju dodatnu udobnost i izdr\u017eljivost.  <\/p>\n<p>Zna\u010dajke:<\/p>\n<p>1. Lijevana neoprenska man\u017eeta s \u010di\u010dkom za sigurno prianjanje<\/p>\n<p>2. Podstavljeni, jednoslojni, vodljivi Clarino\u00ae dlan kompatibilan je sa zaslonima osjetljivim na dodir<\/p>\n<p>3. Vanjska tkanina od izdr\u017eljivog najlona sa sublimiranom grafikom<\/p>\n<p>4. Umetci za prste od rastezljive mre\u017easte tkanine pove\u0107avaju prozra\u010dnost i spretnost prstiju<\/p>\n<p>5. Silikonski otisak na vrhovima prstiju za bolji hvat<\/p>\n<p>&nbsp;<\/p>\n","protected":false},"excerpt":{"rendered":"<p>Kad su u pitanju rukavice, udobnost i osje\u0107aj su najva\u017eniji. Rukavice FOX 180 Flow pru\u017eaju siguran&#8230;<\/p>\n","protected":false},"featured_media":91553,"comment_status":"open","ping_status":"closed","template":"","meta":{"_acf_changed":false},"brand":[2738],"gender":[2172],"product_brand":[],"product_cat":[2754,2733],"product_tag":[],"class_list":{"0":"post-128172","1":"product","2":"type-product","3":"status-publish","4":"has-post-thumbnail","6":"brand-fox-hr","7":"gender-unisex-hr","8":"product_cat-mx-rukavice","9":"product_cat-oprema-za-motokros","10":"pa_size-l-hr","11":"pa_size-m-hr","12":"pa_size-s-hr","13":"pa_size-xl-hr","15":"first","16":"instock","17":"taxable","18":"shipping-taxable","19":"purchasable","20":"product-type-variable"},"acf":[],"_links":{"self":[{"href":"https:\/\/moto-oprema.com\/hr\/wp-json\/wp\/v2\/product\/128172","targetHints":{"allow":["GET"]}}],"collection":[{"href":"https:\/\/moto-oprema.com\/hr\/wp-json\/wp\/v2\/product"}],"about":[{"href":"https:\/\/moto-oprema.com\/hr\/wp-json\/wp\/v2\/types\/product"}],"replies":[{"embeddable":true,"href":"https:\/\/moto-oprema.com\/hr\/wp-json\/wp\/v2\/comments?post=128172"}],"wp:featuredmedia":[{"embeddable":true,"href":"https:\/\/moto-oprema.com\/hr\/wp-json\/wp\/v2\/media\/91553"}],"wp:attachment":[{"href":"https:\/\/moto-oprema.com\/hr\/wp-json\/wp\/v2\/media?parent=128172"}],"wp:term":[{"taxonomy":"brand","embeddable":true,"href":"https:\/\/moto-oprema.com\/hr\/wp-json\/wp\/v2\/brand?post=128172"},{"taxonomy":"gender","embeddable":true,"href":"https:\/\/moto-oprema.com\/hr\/wp-json\/wp\/v2\/gender?post=128172"},{"taxonomy":"product_brand","embeddable":true,"href":"https:\/\/moto-oprema.com\/hr\/wp-json\/wp\/v2\/product_brand?post=128172"},{"taxonomy":"product_cat","embeddable":true,"href":"https:\/\/moto-oprema.com\/hr\/wp-json\/wp\/v2\/product_cat?post=128172"},{"taxonomy":"product_tag","embeddable":true,"href":"https:\/\/moto-oprema.com\/hr\/wp-json\/wp\/v2\/product_tag?post=128172"}],"curies":[{"name":"wp","href":"https:\/\/api.w.org\/{rel}","templated":true}]}}