{"id":128143,"date":"2025-06-10T09:49:45","date_gmt":"2025-06-10T09:49:45","guid":{"rendered":"https:\/\/moto-oprema.com\/Artikel\/fox-180-mx-dres-flow-bijelo-crveni\/"},"modified":"2025-06-10T09:49:45","modified_gmt":"2025-06-10T09:49:45","slug":"fox-180-mx-dres-flow-bijelo-crveni","status":"publish","type":"product","link":"https:\/\/moto-oprema.com\/hr\/Artikel\/fox-180-mx-dres-flow-bijelo-crveni\/","title":{"rendered":"FOX 180 MX DRES FLOW BIJELO-CRVENI"},"content":{"rendered":"<p>Dres FOX 180 Air Flow nudi sve bitne zna\u010dajke koje su vam potrebne za vo\u017enju i idealan je komplet za svakoga tko prelazi s po\u010detnika na iskusnog naprednog voza\u010da. Dres 180 izra\u0111en je od tkanine koja odvodi vlagu i prozra\u010dnih mre\u017eastih panela kako biste bili hladni, suhi i udobni, dok spu\u0161teni naslon osigurava da dres ostane uvu\u010den tijekom cijele vo\u017enje. <\/p>\n<p>Zna\u010dajke:<br \/>\n 1. Tkanina koja odvodi vlagu pru\u017ea mekan i lagan kroj te odvodi znoj s tijela kako biste ostali suhi<br \/>\n 2. Umetci od mre\u017easte ventilacije pove\u0107avaju prozra\u010dnost i protok zraka<br \/>\n 3. Mre\u017easti ovratnik i man\u017eete pobolj\u0161avaju pristajanje i udobnost<br \/>\n 4. grafi\u010dke plo\u010de s termosublimacijom ili sublimacijom za bogate, \u017eive boje<br \/>\n 5. Dizajn spu\u0161tenog repa dr\u017ei majicu uvu\u010denom u kratke hla\u010de<\/p>\n","protected":false},"excerpt":{"rendered":"<p>Dres FOX 180 Air Flow nudi sve bitne zna\u010dajke koje su vam potrebne za vo\u017enju i&#8230;<\/p>\n","protected":false},"featured_media":91399,"comment_status":"open","ping_status":"closed","template":"","meta":{"_acf_changed":false},"brand":[2738],"gender":[1313],"product_brand":[],"product_cat":[2746,2733],"product_tag":[],"class_list":{"0":"post-128143","1":"product","2":"type-product","3":"status-publish","4":"has-post-thumbnail","6":"brand-fox-hr","7":"gender-moski","8":"product_cat-mx-dresovi","9":"product_cat-oprema-za-motokros","10":"pa_size-2xl-hr","11":"pa_size-l-hr","12":"pa_size-m-hr","13":"pa_size-xl-hr","15":"first","16":"instock","17":"taxable","18":"shipping-taxable","19":"purchasable","20":"product-type-variable"},"acf":[],"_links":{"self":[{"href":"https:\/\/moto-oprema.com\/hr\/wp-json\/wp\/v2\/product\/128143","targetHints":{"allow":["GET"]}}],"collection":[{"href":"https:\/\/moto-oprema.com\/hr\/wp-json\/wp\/v2\/product"}],"about":[{"href":"https:\/\/moto-oprema.com\/hr\/wp-json\/wp\/v2\/types\/product"}],"replies":[{"embeddable":true,"href":"https:\/\/moto-oprema.com\/hr\/wp-json\/wp\/v2\/comments?post=128143"}],"wp:featuredmedia":[{"embeddable":true,"href":"https:\/\/moto-oprema.com\/hr\/wp-json\/wp\/v2\/media\/91399"}],"wp:attachment":[{"href":"https:\/\/moto-oprema.com\/hr\/wp-json\/wp\/v2\/media?parent=128143"}],"wp:term":[{"taxonomy":"brand","embeddable":true,"href":"https:\/\/moto-oprema.com\/hr\/wp-json\/wp\/v2\/brand?post=128143"},{"taxonomy":"gender","embeddable":true,"href":"https:\/\/moto-oprema.com\/hr\/wp-json\/wp\/v2\/gender?post=128143"},{"taxonomy":"product_brand","embeddable":true,"href":"https:\/\/moto-oprema.com\/hr\/wp-json\/wp\/v2\/product_brand?post=128143"},{"taxonomy":"product_cat","embeddable":true,"href":"https:\/\/moto-oprema.com\/hr\/wp-json\/wp\/v2\/product_cat?post=128143"},{"taxonomy":"product_tag","embeddable":true,"href":"https:\/\/moto-oprema.com\/hr\/wp-json\/wp\/v2\/product_tag?post=128143"}],"curies":[{"name":"wp","href":"https:\/\/api.w.org\/{rel}","templated":true}]}}