{"id":128125,"date":"2025-06-02T08:57:20","date_gmt":"2025-06-02T08:57:20","guid":{"rendered":"https:\/\/moto-oprema.com\/Artikel\/alpinestars-zastitna-jakna-vector-tech-ls-crna\/"},"modified":"2025-06-02T08:57:20","modified_gmt":"2025-06-02T08:57:20","slug":"alpinestars-zastitna-jakna-vector-tech-ls-crna","status":"publish","type":"product","link":"https:\/\/moto-oprema.com\/hr\/Artikel\/alpinestars-zastitna-jakna-vector-tech-ls-crna\/","title":{"rendered":"ALPINESTARS ZA\u0160TITNA JAKNA VECTOR TECH LS CRNA"},"content":{"rendered":"<p>Alpinestarsova Vector Tech Protector jakna nudi razne mogu\u0107nosti no\u0161enja zahvaljuju\u0107i odvojivim rukavima, odvojivoj podstavi i mogu\u0107nosti postavljanja hidratacijskog mjehura ili potpore za vrat.<\/p>\n<p>Zna\u010dajke:<\/p>\n<ul>\n<li>Vi\u0161eslojni dizajn za savr\u0161eno pristajanje<\/li>\n<li>Lagana rastezljiva mre\u017easta konstrukcija s prozra\u010dnim, jastu\u010dastim umetcima<\/li>\n<li>Strate\u0161ki postavljeni paneli<\/li>\n<li>Ergonomska za\u0161tita za le\u0111a prati prirodnu krivulju le\u0111a<\/li>\n<li>Zatvara\u010d po cijeloj du\u017eini sprijeda<\/li>\n<li>Mekani jastu\u010di\u0107i na prsima i bokovima su oja\u010dani kako bi se pove\u0107ala apsorpcija udara<\/li>\n<li>Kompatibilan s BNS sustavom s X ili A remenima<\/li>\n<li>Dugi, odvojivi rukavi<\/li>\n<li>D\u017eep za stra\u017enji za\u0161titnik mo\u017ee se koristiti i kao d\u017eep za hidratacijski mjehur<\/li>\n<li>Pretinci za pohranu na stra\u017enjoj strani bubrega<\/li>\n<li>Prednja i stra\u017enja crijeva za crijevo hidratacijske vre\u0107ice<\/li>\n<\/ul>\n<p>Tehni\u010dki podaci<\/p>\n<p>Mje\u0161avina PU pjene i viskoelasti\u010dne mase razine 1 na \u0161titnicima za ramena i laktove (1621_1:2012)<br \/>\n Uklonjiva za\u0161tita za le\u0111a razine 1<br \/>\n Te\u017eina: 965 grama<\/p>\n","protected":false},"excerpt":{"rendered":"<p>Alpinestarsova Vector Tech Protector jakna nudi razne mogu\u0107nosti no\u0161enja zahvaljuju\u0107i odvojivim rukavima, odvojivoj podstavi i mogu\u0107nosti&#8230;<\/p>\n","protected":false},"featured_media":90703,"comment_status":"open","ping_status":"closed","template":"","meta":{"_acf_changed":false},"brand":[2748],"gender":[1313],"product_brand":[],"product_cat":[2740,2741,2747],"product_tag":[],"class_list":{"0":"post-128125","1":"product","2":"type-product","3":"status-publish","4":"has-post-thumbnail","6":"brand-alpinestars-hr","7":"gender-moski","8":"product_cat-mtb-biciklisticka-oprema","9":"product_cat-mtb-stitnici","10":"product_cat-mtb-stitnici-za-tijelo","11":"pa_size-l-hr","12":"pa_size-m-hr","13":"pa_size-xl-hr","15":"first","16":"instock","17":"sale","18":"taxable","19":"shipping-taxable","20":"purchasable","21":"product-type-variable"},"acf":[],"_links":{"self":[{"href":"https:\/\/moto-oprema.com\/hr\/wp-json\/wp\/v2\/product\/128125","targetHints":{"allow":["GET"]}}],"collection":[{"href":"https:\/\/moto-oprema.com\/hr\/wp-json\/wp\/v2\/product"}],"about":[{"href":"https:\/\/moto-oprema.com\/hr\/wp-json\/wp\/v2\/types\/product"}],"replies":[{"embeddable":true,"href":"https:\/\/moto-oprema.com\/hr\/wp-json\/wp\/v2\/comments?post=128125"}],"wp:featuredmedia":[{"embeddable":true,"href":"https:\/\/moto-oprema.com\/hr\/wp-json\/wp\/v2\/media\/90703"}],"wp:attachment":[{"href":"https:\/\/moto-oprema.com\/hr\/wp-json\/wp\/v2\/media?parent=128125"}],"wp:term":[{"taxonomy":"brand","embeddable":true,"href":"https:\/\/moto-oprema.com\/hr\/wp-json\/wp\/v2\/brand?post=128125"},{"taxonomy":"gender","embeddable":true,"href":"https:\/\/moto-oprema.com\/hr\/wp-json\/wp\/v2\/gender?post=128125"},{"taxonomy":"product_brand","embeddable":true,"href":"https:\/\/moto-oprema.com\/hr\/wp-json\/wp\/v2\/product_brand?post=128125"},{"taxonomy":"product_cat","embeddable":true,"href":"https:\/\/moto-oprema.com\/hr\/wp-json\/wp\/v2\/product_cat?post=128125"},{"taxonomy":"product_tag","embeddable":true,"href":"https:\/\/moto-oprema.com\/hr\/wp-json\/wp\/v2\/product_tag?post=128125"}],"curies":[{"name":"wp","href":"https:\/\/api.w.org\/{rel}","templated":true}]}}