{"id":128108,"date":"2025-05-22T09:46:51","date_gmt":"2025-05-22T09:46:51","guid":{"rendered":"https:\/\/moto-oprema.com\/Artikel\/spidi-top-cuther-wp-crni\/"},"modified":"2025-05-22T09:46:51","modified_gmt":"2025-05-22T09:46:51","slug":"spidi-top-cuther-wp-crni","status":"publish","type":"product","link":"https:\/\/moto-oprema.com\/hr\/Artikel\/spidi-top-cuther-wp-crni\/","title":{"rendered":"SPIDI TOP CUTHER WP CRNI"},"content":{"rendered":"<p>Volumen 45 litara.<br \/>\n Prosje\u010dna te\u017eina 2,0 kg<br \/>\n Motociklisti\u010dka torba s remenima za ruksak<br \/>\n Modularni sustav za pri\u010dvr\u0161\u0107ivanje torbi<br \/>\n Visokofrekventni zavareni \u0161avovi<br \/>\n vodootporni patentni zatvara\u010d<br \/>\n vodootporni unutarnji d\u017eep<br \/>\n ru\u010dke<br \/>\n d\u017eep s elasti\u010dnom vrpcom<br \/>\n remeni s dodacima za pri\u010dvr\u0161\u0107ivanje na motocikl<br \/>\n trake za vezanje torbi.<\/p>\n","protected":false},"excerpt":{"rendered":"<p>Volumen 45 litara. Prosje\u010dna te\u017eina 2,0 kg Motociklisti\u010dka torba s remenima za ruksak Modularni sustav za&#8230;<\/p>\n","protected":false},"featured_media":90187,"comment_status":"open","ping_status":"closed","template":"","meta":{"_acf_changed":false},"brand":[2732],"gender":[],"product_brand":[],"product_cat":[2730,2729],"product_tag":[],"class_list":{"0":"post-128108","1":"product","2":"type-product","3":"status-publish","4":"has-post-thumbnail","6":"brand-spidi-hr","7":"product_cat-koferi-i-torbe","8":"product_cat-pribor","10":"first","11":"instock","12":"sale","13":"taxable","14":"shipping-taxable","15":"purchasable","16":"product-type-simple"},"acf":[],"_links":{"self":[{"href":"https:\/\/moto-oprema.com\/hr\/wp-json\/wp\/v2\/product\/128108","targetHints":{"allow":["GET"]}}],"collection":[{"href":"https:\/\/moto-oprema.com\/hr\/wp-json\/wp\/v2\/product"}],"about":[{"href":"https:\/\/moto-oprema.com\/hr\/wp-json\/wp\/v2\/types\/product"}],"replies":[{"embeddable":true,"href":"https:\/\/moto-oprema.com\/hr\/wp-json\/wp\/v2\/comments?post=128108"}],"wp:featuredmedia":[{"embeddable":true,"href":"https:\/\/moto-oprema.com\/hr\/wp-json\/wp\/v2\/media\/90187"}],"wp:attachment":[{"href":"https:\/\/moto-oprema.com\/hr\/wp-json\/wp\/v2\/media?parent=128108"}],"wp:term":[{"taxonomy":"brand","embeddable":true,"href":"https:\/\/moto-oprema.com\/hr\/wp-json\/wp\/v2\/brand?post=128108"},{"taxonomy":"gender","embeddable":true,"href":"https:\/\/moto-oprema.com\/hr\/wp-json\/wp\/v2\/gender?post=128108"},{"taxonomy":"product_brand","embeddable":true,"href":"https:\/\/moto-oprema.com\/hr\/wp-json\/wp\/v2\/product_brand?post=128108"},{"taxonomy":"product_cat","embeddable":true,"href":"https:\/\/moto-oprema.com\/hr\/wp-json\/wp\/v2\/product_cat?post=128108"},{"taxonomy":"product_tag","embeddable":true,"href":"https:\/\/moto-oprema.com\/hr\/wp-json\/wp\/v2\/product_tag?post=128108"}],"curies":[{"name":"wp","href":"https:\/\/api.w.org\/{rel}","templated":true}]}}