{"id":62418,"date":"2024-12-30T03:27:04","date_gmt":"2024-12-30T03:27:04","guid":{"rendered":"https:\/\/moto-oprema.com\/o-nama\/"},"modified":"2025-09-01T09:12:22","modified_gmt":"2025-09-01T09:12:22","slug":"o-nama","status":"publish","type":"page","link":"https:\/\/moto-oprema.com\/hr\/o-nama\/","title":{"rendered":"O nama"},"content":{"rendered":"<div  class=\"block-20820fae-1cab-479d-aa90-8963b2377672 areoi-element container\">\r\n\t\t\t\r\n\t\t\t\n<div  class=\"block-a2003e39-36c4-4a6c-a7de-05112cb39151 row areoi-element align-items-center\">\r\n\t\t\t\r\n\r\n\t\t\t\n<div  class=\"block-7fbcc35b-a23c-4454-b2ac-16b25cbfaceb col areoi-element col-12 col-md-8\">\r\n\t\t\t\r\n\t\t\t\n<h1 class=\"wp-block-heading\" style=\"font-size:36px\">Motociklisti\u010dka oprema<\/h1>\n\n<p style=\"font-size:20px\"><strong>Moto oprema renomiranih proizvo\u0111a\u010da.<\/strong><\/p>\n\n<p>Velika ve\u0107ina na\u0161ih kupaca ne zna to\u010dno \u0161to \u0107e kupiti kada u\u0111e u na\u0161u trgovinu. Tu mi stupamo na scenu \u2013 profesionalni savjeti izmame osmijeh na lice svakog kupca koji izlazi iz na\u0161e trgovine punih ruku.<\/p>\n\n<p>Stoga su na\u0161a glavna vodilja zadovoljni kupci, \u010diji se dobar glas prote\u017ee na svim kontinentima.  <\/p>\n\n<p><strong>Dobro nam do\u0161li!<\/strong><\/p>\n \r\n\t\t\t\r\n\t\t<\/div>\n\n<div  class=\"block-69289ce8-331f-474b-b75f-116635dca1a3 col areoi-element mt-4 mt-md-0\">\r\n\t\t\t\r\n\t\t\t\n<a href=\"https:\/\/www.google.com\/maps\/@46.666548,16.1774838,3a,90y,89.66h,78.77t\/data=!3m8!1e1!3m6!1sAF1QipPDtg0ktMX9e3iRPTQHCCmwZmAM7V7K8457IdnQ!2e10!3e12!6shttps:%2F%2Flh3.googleusercontent.com%2Fp%2FAF1QipPDtg0ktMX9e3iRPTQHCCmwZmAM7V7K8457IdnQ%3Dw900-h600-k-no-pi11.230595721197972-ya154.29379857864666-ro0-fo100!7i10000!8i5000?entry=ttu&#038;g_ep=EgoyMDI1MDMxMi4wIKXMDSoASAFQAw%3D%3D\" class=\"tour-view-cta\" target=\"_blank\" rel=\"noopener\">\n    <div class=\"tour-icon\">\n        <svg width=\"80\" height=\"80\" viewBox=\"0 0 80 80\" fill=\"none\" xmlns=\"http:\/\/www.w3.org\/2000\/svg\">\n<circle cx=\"40\" cy=\"40\" r=\"40\" fill=\"black\"\/>\n<g clip-path=\"url(#clip0_152_1264)\">\n<path d=\"M35.5253 36.6462C33.9006 37.9881 32.9688 39.965 32.9688 42.0701C32.9688 45.9472 36.123 49.1014 40 49.1014C43.877 49.1014 47.0312 45.9472 47.0312 42.0701C47.0312 38.1931 43.877 35.0389 40 35.0389C39.1689 35.0389 38.3552 35.1826 37.5812 35.4661C37.2774 35.5774 37.1213 35.914 37.2327 36.2179C37.3439 36.5217 37.6802 36.6782 37.9844 36.5665C38.6287 36.3304 39.3069 36.2108 40 36.2108C43.2309 36.2108 45.8594 38.8393 45.8594 42.0701C45.8594 45.301 43.2309 47.9295 40 47.9295C36.7691 47.9295 34.1406 45.301 34.1406 42.0701C34.1406 40.3158 34.9173 38.6683 36.2716 37.5499C36.521 37.3438 36.5563 36.9745 36.3502 36.7249C36.1442 36.4754 35.775 36.4402 35.5253 36.6462Z\" fill=\"white\"\/>\n<path d=\"M40 46.7576C42.5847 46.7576 44.6875 44.6548 44.6875 42.0701C44.6875 39.4854 42.5847 37.3826 40 37.3826C37.4153 37.3826 35.3125 39.4854 35.3125 42.0701C35.3125 44.6548 37.4153 46.7576 40 46.7576ZM40 38.5545C41.9385 38.5545 43.5156 40.1316 43.5156 42.0701C43.5156 44.0086 41.9385 45.5858 40 45.5858C38.0615 45.5858 36.4844 44.0086 36.4844 42.0701C36.4844 40.1316 38.0615 38.5545 40 38.5545Z\" fill=\"white\"\/>\n<path d=\"M32.8906 27.8126C32.2123 27.8126 31.6302 27.3071 31.5366 26.6368C31.5279 26.574 31.5234 26.5096 31.5234 26.4454C31.5234 26.1217 31.2612 25.8595 30.9375 25.8595C30.6138 25.8595 30.3516 26.1217 30.3516 26.4454C30.3516 26.5637 30.3598 26.6826 30.376 26.7988C30.5499 28.0448 31.6309 28.9845 32.8906 28.9845C34.2907 28.9845 35.4297 27.8455 35.4297 26.4454C35.4297 25.661 35.072 24.9584 34.5113 24.4923C35.072 24.0262 35.4297 23.3236 35.4297 22.5392C35.4297 21.1391 34.2907 20.0001 32.8906 20.0001C31.6801 20.0001 30.6323 20.8612 30.3991 22.0477C30.3367 22.3652 30.5437 22.6731 30.8612 22.7356C31.1787 22.7981 31.4867 22.591 31.5491 22.2735C31.6744 21.6352 32.2387 21.172 32.8906 21.172C33.6445 21.172 34.2578 21.7853 34.2578 22.5392C34.2578 23.293 33.6445 23.9063 32.8906 23.9063C32.567 23.9063 32.3047 24.1686 32.3047 24.4923C32.3047 24.816 32.567 25.0782 32.8906 25.0782C33.6445 25.0782 34.2578 25.6916 34.2578 26.4454C34.2578 27.1992 33.6445 27.8126 32.8906 27.8126Z\" fill=\"white\"\/>\n<path d=\"M39.2974 28.9844C40.8798 28.9844 42.167 27.6971 42.167 26.1148C42.167 24.5326 40.8797 23.2453 39.2974 23.2453C38.9676 23.2453 38.6508 23.3019 38.3555 23.4048C39.1227 21.8831 40.1802 21.0695 40.199 21.0552C40.4576 20.8619 40.511 20.4955 40.3181 20.2364C40.125 19.9767 39.7578 19.9227 39.4984 20.1159C39.3918 20.1951 36.8978 22.089 36.464 25.6612C36.4404 25.809 36.4277 25.9605 36.4277 26.1149C36.4278 27.6971 37.7151 28.9844 39.2974 28.9844ZM40.9952 26.1148C40.9952 27.0508 40.2336 27.8125 39.2975 27.8125C38.3614 27.8125 37.5998 27.0508 37.5998 26.1148C37.5998 25.1787 38.3614 24.4171 39.2975 24.4171C40.2336 24.4171 40.9952 25.1787 40.9952 26.1148Z\" fill=\"white\"\/>\n<path d=\"M45.86 28.9845C47.3799 28.9845 48.6165 27.7479 48.6165 26.228V22.7566C48.6165 21.2367 47.3799 20.0001 45.86 20.0001C44.3401 20.0001 43.1035 21.2367 43.1035 22.7566V26.228C43.1035 27.7478 44.3401 28.9845 45.86 28.9845ZM44.2754 22.7566C44.2754 21.8827 44.9862 21.172 45.86 21.172C46.7337 21.172 47.4446 21.8828 47.4446 22.7566V26.228C47.4446 27.1018 46.7337 27.8126 45.86 27.8126C44.9862 27.8126 44.2754 27.1017 44.2754 26.228V22.7566Z\" fill=\"white\"\/>\n<path d=\"M53.75 43.8163V42.843C53.75 42.5193 53.4877 42.2571 53.1641 42.2571C52.8404 42.2571 52.5781 42.5193 52.5781 42.843V49.2966C52.5781 50.2658 51.7895 51.0544 50.8203 51.0544H31.5234C31.1998 51.0544 30.9375 51.3167 30.9375 51.6404C30.9375 51.964 31.1998 52.2263 31.5234 52.2263H50.8203C52.4358 52.2263 53.75 50.9121 53.75 49.2966V45.0676C56.9869 46.3218 58.8281 47.9483 58.8281 49.5773C58.8281 51.047 57.3291 52.5222 54.6075 53.7315C51.7573 54.9977 47.7916 55.8577 43.4412 56.1529C43.1183 56.1747 42.8743 56.4542 42.8962 56.7771C42.9173 57.0865 43.1746 57.3233 43.4802 57.3233C43.4936 57.3233 43.507 57.3229 43.5205 57.3219C48.0045 57.0177 52.1108 56.1229 55.0833 54.8023C58.2998 53.3733 60 51.5665 60 49.5773C60 47.3297 57.7821 45.289 53.75 43.8163Z\" fill=\"white\"\/>\n<path d=\"M38.1848 53.8799C37.9561 53.6511 37.5851 53.6511 37.3563 53.88C37.1274 54.1088 37.1274 54.4797 37.3563 54.7086L38.9041 56.2563C34.2002 56.1579 29.8221 55.4276 26.4779 54.1741C23.1059 52.9103 21.1719 51.2347 21.1719 49.5773C21.1719 47.9483 23.0131 46.3218 26.25 45.0676V49.2966C26.25 50.9121 27.5642 52.2263 29.1797 52.2263C29.5034 52.2263 29.7656 51.964 29.7656 51.6404C29.7656 51.3167 29.5034 51.0544 29.1797 51.0544C28.2105 51.0544 27.4219 50.2658 27.4219 49.2966V38.1096C27.4219 37.4822 27.7598 36.8982 28.3038 36.5854C29.2316 36.052 30.8841 35.2393 33.4867 34.3973C33.5955 34.3622 33.6916 34.2959 33.7632 34.2068L35.3722 32.2034C35.6555 31.8506 36.057 31.6231 36.5024 31.5629C37.2935 31.4558 38.5424 31.3281 40.0001 31.3281C41.4577 31.3281 42.7066 31.4558 43.4977 31.5629C43.9432 31.6231 44.3446 31.8507 44.628 32.2034L46.237 34.2068C46.3085 34.2959 46.4046 34.3622 46.5134 34.3973C49.1156 35.2393 50.7683 36.052 51.6964 36.5854C52.2404 36.8982 52.5783 37.4822 52.5783 38.1097V40.4993C52.5783 40.8229 52.8405 41.0852 53.1642 41.0852C53.4879 41.0852 53.7502 40.8229 53.7502 40.4993V38.1097C53.7502 37.064 53.187 36.0907 52.2805 35.5695C51.3241 35.0197 49.6445 34.1909 47.0413 33.3368L45.5417 31.4697C45.0694 30.8816 44.3994 30.5023 43.655 30.4015C42.8283 30.2897 41.523 30.1562 40.0002 30.1562C38.4774 30.1562 37.1722 30.2897 36.3455 30.4015C35.6011 30.5023 34.9311 30.8816 34.4588 31.4697L32.9591 33.3368C30.3555 34.1909 28.6762 35.0198 27.7199 35.5695C26.8131 36.0907 26.25 37.064 26.25 38.1096V43.8163C22.2179 45.289 20 47.3297 20 49.5773C20 51.7829 22.1545 53.8051 26.0665 55.2715C29.5423 56.5743 34.0749 57.3315 38.927 57.429L37.3562 58.9997C37.1273 59.2286 37.1273 59.5996 37.3562 59.8284C37.4706 59.9428 37.6206 60 37.7705 60C37.9205 60 38.0705 59.9428 38.1849 59.8284L40.7449 57.2684C40.8548 57.1585 40.9165 57.0095 40.9165 56.854C40.9165 56.6986 40.8548 56.5497 40.7448 56.4397L38.1848 53.8799Z\" fill=\"white\"\/>\n<path d=\"M51.3105 23.5157C52.2798 23.5157 53.0684 22.7271 53.0684 21.7579C53.0684 20.7887 52.2798 20.0001 51.3105 20.0001C50.3413 20.0001 49.5527 20.7887 49.5527 21.7579C49.5527 22.7271 50.3413 23.5157 51.3105 23.5157ZM51.3105 21.172C51.6337 21.172 51.8965 21.4348 51.8965 21.7579C51.8965 22.081 51.6337 22.3438 51.3105 22.3438C50.9874 22.3438 50.7246 22.081 50.7246 21.7579C50.7246 21.4348 50.9875 21.172 51.3105 21.172Z\" fill=\"white\"\/>\n<\/g>\n<defs>\n<clipPath id=\"clip0_152_1264\">\n<rect width=\"40\" height=\"40\" fill=\"white\" transform=\"translate(20 20)\"\/>\n<\/clipPath>\n<\/defs>\n<\/svg>\n    <\/div>\n    <span class=\"heading-1\">Najopskrbljenija trgovina na Balkanu<\/span>\n    <span class=\"heading-2\">360\u00b0 pogled na motociklisti\u010dku opremu<\/span>\n<\/a>\n \r\n\t\t\t\r\n\t\t<\/div>\n \r\n\t\t<\/div>\n \r\n\t\t<\/div><div  class=\"block-f90f71cf-eb7d-4cb5-b8f6-5357fdf027ea areoi-element container mt-4\">\r\n\t\t\t\r\n\t\t\t\n<div  class=\"block-796ff902-89c0-4702-863a-ca62211736b3 row areoi-element\">\r\n\t\t\t\r\n\r\n\t\t\t\n<div  class=\"block-7316fb61-6308-490b-b3e6-993e40e75bce col areoi-element\">\r\n\t\t\t\r\n\t\t\t\n<figure class=\"wp-block-gallery has-nested-images columns-4 is-cropped wp-block-gallery-1 is-layout-flex wp-block-gallery-is-layout-flex\"><figure class=\"wp-block-image size-medium\"><img loading=\"lazy\" decoding=\"async\" width=\"300\" height=\"210\" data-id=\"33968\" src=\"https:\/\/moto-oprema.com\/wp-content\/uploads\/2025\/01\/Rectangle-43-300x210.jpg\" alt=\"\" class=\"wp-image-33968\" srcset=\"https:\/\/moto-oprema.com\/wp-content\/uploads\/2025\/01\/Rectangle-43-300x210.jpg 300w, https:\/\/moto-oprema.com\/wp-content\/uploads\/2025\/01\/Rectangle-43.jpg 304w\" sizes=\"auto, (max-width: 300px) 100vw, 300px\" \/><\/figure>\n\n<figure class=\"wp-block-image size-medium\"><img loading=\"lazy\" decoding=\"async\" width=\"300\" height=\"210\" data-id=\"33969\" src=\"https:\/\/moto-oprema.com\/wp-content\/uploads\/2025\/01\/Rectangle-42-300x210.jpg\" alt=\"\" class=\"wp-image-33969\" srcset=\"https:\/\/moto-oprema.com\/wp-content\/uploads\/2025\/01\/Rectangle-42-300x210.jpg 300w, https:\/\/moto-oprema.com\/wp-content\/uploads\/2025\/01\/Rectangle-42.jpg 304w\" sizes=\"auto, (max-width: 300px) 100vw, 300px\" \/><\/figure>\n\n<figure class=\"wp-block-image size-medium\"><img loading=\"lazy\" decoding=\"async\" width=\"300\" height=\"210\" data-id=\"33971\" src=\"https:\/\/moto-oprema.com\/wp-content\/uploads\/2025\/01\/Rectangle-45-300x210.jpg\" alt=\"\" class=\"wp-image-33971\" srcset=\"https:\/\/moto-oprema.com\/wp-content\/uploads\/2025\/01\/Rectangle-45-300x210.jpg 300w, https:\/\/moto-oprema.com\/wp-content\/uploads\/2025\/01\/Rectangle-45.jpg 304w\" sizes=\"auto, (max-width: 300px) 100vw, 300px\" \/><\/figure>\n\n<figure class=\"wp-block-image size-medium\"><img loading=\"lazy\" decoding=\"async\" width=\"300\" height=\"210\" data-id=\"33970\" src=\"https:\/\/moto-oprema.com\/wp-content\/uploads\/2025\/01\/Rectangle-44-300x210.jpg\" alt=\"\" class=\"wp-image-33970\" srcset=\"https:\/\/moto-oprema.com\/wp-content\/uploads\/2025\/01\/Rectangle-44-300x210.jpg 300w, https:\/\/moto-oprema.com\/wp-content\/uploads\/2025\/01\/Rectangle-44.jpg 304w\" sizes=\"auto, (max-width: 300px) 100vw, 300px\" \/><\/figure><\/figure>\n \r\n\t\t\t\r\n\t\t<\/div>\n \r\n\t\t<\/div>\n \r\n\t\t<\/div><div  class=\"block-9037c5b9-c8b2-4055-b2ab-ed37a595e8b5 areoi-element container mt-12\">\r\n\t\t\t\r\n\t\t\t\n<div  class=\"block-0127a047-dad1-4bb8-b374-06e0d082f72b row areoi-element\">\r\n\t\t\t\r\n\r\n\t\t\t\n<div  class=\"block-f294548d-2b7d-4500-a7d3-cf6926e54287 col areoi-element col-12 col-md-4\">\r\n\t\t\t\r\n\t\t\t\n<p><strong>Motociklisti\u010dka oprema<\/strong><\/p>\n\n<p>Nor\u0161inska ulica 2<br\/> 9000 Murska Sobota<br\/> Slovenija<\/p>\n\n<div  class=\"icon-list-block text-secondary layout-grid-1\" >\n            <a href=\"telefon: +386 (0)31 882 777\" target=\"_blank\">\n            <img loading=\"lazy\" decoding=\"async\" width=\"1\" height=\"1\" src=\"https:\/\/moto-oprema.com\/wp-content\/uploads\/2025\/01\/Vector-1.svg\" class=\"attachment-medium size-medium\" alt=\"\" \/>                            <span class=\"d-block lh-1 ms-1\">+386 (0)31 882 777<\/span>\n                    <\/a>\n            <a href=\"telefon:+386 (0)41 362 958\" target=\"_blank\">\n            <img loading=\"lazy\" decoding=\"async\" width=\"1\" height=\"1\" src=\"https:\/\/moto-oprema.com\/wp-content\/uploads\/2025\/01\/Vector-1.svg\" class=\"attachment-medium size-medium\" alt=\"\" \/>                            <span class=\"d-block lh-1 ms-1\">+386 (0)41 362 958<\/span>\n                    <\/a>\n            <a href=\"mailto:info@moto-oprema.com\" target=\"_blank\">\n            <img loading=\"lazy\" decoding=\"async\" width=\"1\" height=\"1\" src=\"https:\/\/moto-oprema.com\/wp-content\/uploads\/2025\/01\/mail-1.svg\" class=\"attachment-medium size-medium\" alt=\"\" \/>                            <span class=\"d-block lh-1 ms-1\">info@moto-oprema.com<\/span>\n                    <\/a>\n    <\/div>\n\n<p class=\"mt-5\"><strong>RADNO VRIJEME<\/strong><\/p>\n\n<p>ponedjeljak &#8211; srijeda: 09:00-17:00 sati<br\/> \u010cetvrtak &#8211; Petak: 09:00-18:00<br\/> Subota: 09:00-12:30<\/p>\n\n<p class=\"mt-4\"><strong>TRR<\/strong><\/p>\n\n<p>IBAN SI56 0468 2011 4464 353 (OTP banka dd)<br\/> IBAN SI56 1010 0004 3720 417 (Banka Intesa Sanpaolo dd)<\/p>\n\n<p class=\"mt-4\"><strong>PODACI O TVRTKI<\/strong><\/p>\n\n<p>DDV ID: SI31975119<br\/>Mati\u010dna \u0161tevilka: 3067483000, zavezanec vpisan pri AJPES<\/p>\n \r\n\t\t\t\r\n\t\t<\/div>\n\n<div  class=\"block-61237aa3-3b1b-4206-8392-8fb9f99ba76d col areoi-element col-12 col-md-7\">\r\n\t\t\t\r\n\t\t\t\n<p><strong>Ispunite donja polja i po\u0161aljite nam e-mail.<br\/> Odgovorit \u0107emo vam u najkra\u0107em mogu\u0107em roku.<\/strong><\/p>\n\n<div class=\"wp-block-contact-form-7-contact-form-selector\">\n<div class=\"wpcf7 no-js\" id=\"wpcf7-f33966-o1\" lang=\"sl-SI\" dir=\"ltr\" data-wpcf7-id=\"33966\">\n<div class=\"screen-reader-response\"><p role=\"status\" aria-live=\"polite\" aria-atomic=\"true\"><\/p> <ul><\/ul><\/div>\n<form action=\"\/hr\/wp-json\/wp\/v2\/pages\/62418#wpcf7-f33966-o1\" method=\"post\" class=\"wpcf7-form init\" aria-label=\"Contact form\" novalidate=\"novalidate\" data-status=\"init\">\n<div style=\"display: none;\">\n<input type=\"hidden\" name=\"_wpcf7\" value=\"33966\" \/>\n<input type=\"hidden\" name=\"_wpcf7_version\" value=\"6.0.5\" \/>\n<input type=\"hidden\" name=\"_wpcf7_locale\" value=\"sl_SI\" \/>\n<input type=\"hidden\" name=\"_wpcf7_unit_tag\" value=\"wpcf7-f33966-o1\" \/>\n<input type=\"hidden\" name=\"_wpcf7_container_post\" value=\"0\" \/>\n<input type=\"hidden\" name=\"_wpcf7_posted_data_hash\" value=\"\" \/>\n<\/div>\n<p><span class=\"wpcf7-form-control-wrap\" data-name=\"your-name\"><input size=\"40\" maxlength=\"400\" class=\"wpcf7-form-control wpcf7-text wpcf7-validates-as-required form-control\" autocomplete=\"name\" aria-required=\"true\" aria-invalid=\"false\" placeholder=\"Ime in priimek: *\" value=\"\" type=\"text\" name=\"your-name\" \/><\/span><br \/>\n<span class=\"wpcf7-form-control-wrap\" data-name=\"tel-744\"><input size=\"40\" maxlength=\"400\" class=\"wpcf7-form-control wpcf7-tel wpcf7-validates-as-required wpcf7-text wpcf7-validates-as-tel form-control\" autocomplete=\"tel\" aria-required=\"true\" aria-invalid=\"false\" placeholder=\"Telefonska \u0161tevilka: *\" value=\"\" type=\"tel\" name=\"tel-744\" \/><\/span><br \/>\n<span class=\"wpcf7-form-control-wrap\" data-name=\"your-email\"><input size=\"40\" maxlength=\"400\" class=\"wpcf7-form-control wpcf7-email wpcf7-validates-as-required wpcf7-text wpcf7-validates-as-email form-control\" autocomplete=\"email\" aria-required=\"true\" aria-invalid=\"false\" placeholder=\"Elektronski naslov: *\" value=\"\" type=\"email\" name=\"your-email\" \/><\/span><br \/>\n<span class=\"wpcf7-form-control-wrap\" data-name=\"your-message\"><textarea cols=\"40\" rows=\"10\" maxlength=\"2000\" class=\"wpcf7-form-control wpcf7-textarea form-control\" aria-invalid=\"false\" placeholder=\"Sporo\u010dilo: *\" name=\"your-message\"><\/textarea><\/span>\n<\/p>\n<p>V kolikor v vnosna polja vnesete va\u0161e osebne podatke in kliknete gumb \u201cPO\u0160LJITE\u201d, bo \u00a0Damijan Miklavi\u010d s. p.\u00a0 vnesene podatke shranil in obdeloval za namene priprave odziva na va\u0161e sporo\u010dilo. Ve\u010d informacij o tem, kako \u00a0Damijan Miklavi\u010d s. p.\u00a0 Obdeluje osebne podatke, si lahko preberete na povezavi <a target=\"_blank\" href=\"https:\/\/moto-oprema.com\/politika-zasebnosti-in-varovanje-osebnih-podatkov\/\">politika zasebnosti<\/a>.\n<\/p>\n<p><span class=\"wpcf7-form-control-wrap\" data-name=\"acceptance-580\"><span class=\"wpcf7-form-control wpcf7-acceptance\"><span class=\"wpcf7-list-item\"><label><input type=\"checkbox\" name=\"acceptance-580\" value=\"1\" class=\"form-check\" aria-invalid=\"false\" \/><span class=\"wpcf7-list-item-label\">Ozna\u010dite to polje, \u010de se strinjate s tem, da vam lahko \u00a0Damijan Miklavi\u010d s. p.\u00a0 na vneseni elektronski naslov ob\u010dasno po\u0161ilja tudi e-po\u0161tna sporo\u010dila o izdelkih spletne trgovine. Svojo privolitev lahko kadarkoli prekli\u010dete prek povezave v vsakem e-po\u0161tnem sporo\u010dilu ali tako, da se obrnete na nas. Ve\u010d o tem, kako obdelujemo va\u0161e osebne podatke, si lahko <a target=\"_blank\" href=\"https:\/\/moto-oprema.com\/politika-zasebnosti-in-varovanje-osebnih-podatkov\/\">preberete tukaj<\/a>.<\/span><\/label><\/span><\/span><\/span>\n<\/p>\n<p><input class=\"wpcf7-form-control wpcf7-submit has-spinner btn btn-secondary wide\" type=\"submit\" value=\"Po\u0161ljite\" \/>\n<\/p><div class=\"wpcf7-response-output\" aria-hidden=\"true\"><\/div>\n<\/form>\n<\/div>\n<\/div>\n\n<p>Va\u0161e \u0107emo podatke koristiti isklju\u010divo u svrhu za koju smo dobili Va\u0161u privolu. S va\u0161im osobnim podacima postupat \u0107emo povjerljivo i ne\u0107emo ih dijeliti s tre\u0107im stranama. S va\u0161om privatno\u0161\u0107u postupamo u skladu s odredbama GDPR-a i Zakona o za\u0161titi osobnih podataka.  <\/p>\n\n<p>Od prejemanja sporo\u010dil se lahko kadarkoli odjavite tako, da po\u0161ljete sporo\u010dilo na e-naslov: <a href=\"mailto:info@moto-oprema.com\">info@moto-oprema.com<\/a> z naslovom Odjava. Po obdelavi zahteve za odjavo vam bo \u00a0Damijan Miklavi\u010d s. p.\u00a0, prenehal po\u0161iljati vsebine, od katerih ste se odjavili. Podrobnosti o odjavi, obdelavi in varovanju osebnih podatkov si preberite v <a href=\"https:\/\/moto-oprema.com\/pogoji-poslovanja\/\" data-type=\"link\" data-id=\"https:\/\/moto-oprema.com\/pogoji-poslovanja\/\">Splo\u0161nih pogojih poslovanja<\/a>.<\/p>\n \r\n\t\t\t\r\n\t\t<\/div>\n \r\n\t\t<\/div>\n \r\n\t\t<\/div><div  class=\"block-b662405d-e68c-4848-9085-38ec3e331aec areoi-element container-fluid px-xxl-10 mt-11 map-wrapper\">\r\n\t\t\t\r\n\t\t\t\n<div  class=\"block-e97f40f3-4355-4501-bc49-abd099004bbb row areoi-element\">\r\n\t\t\t\r\n\r\n\t\t\t\n<div  class=\"block-e790f222-4a89-423b-b55e-ca701a948d4c col areoi-element\">\r\n\t\t\t\r\n\t\t\t\n<iframe src=\"https:\/\/www.google.com\/maps\/embed?pb=!1m18!1m12!1m3!1d889.4068213314853!2d16.178710939773584!3d46.665679207511815!2m3!1f0!2f0!3f0!3m2!1i1024!2i768!4f13.1!3m3!1m2!1s0x476f3e575182f5a1%3A0x48a8c03578a47c8f!2sProdajalna%20Moto-oprema%2C%20Trgovske%20storitve%20Damijan%20Miklavi%C4%8D%20s.p.!5e0!3m2!1sen!2ssi!4v1742204576611!5m2!1sen!2ssi\" width=\"600\" height=\"450\" style=\"border:0;\" allowfullscreen=\"\" loading=\"lazy\" referrerpolicy=\"no-referrer-when-downgrade\"><\/iframe>\n \r\n\t\t\t\r\n\t\t<\/div>\n \r\n\t\t<\/div>\n \r\n\t\t<\/div>","protected":false},"excerpt":{"rendered":"","protected":false},"author":1,"featured_media":0,"parent":0,"menu_order":0,"comment_status":"closed","ping_status":"closed","template":"page-templates\/fullwidthpage.php","meta":{"_acf_changed":false,"footnotes":""},"class_list":["post-62418","page","type-page","status-publish","hentry"],"acf":[],"_links":{"self":[{"href":"https:\/\/moto-oprema.com\/hr\/wp-json\/wp\/v2\/pages\/62418","targetHints":{"allow":["GET"]}}],"collection":[{"href":"https:\/\/moto-oprema.com\/hr\/wp-json\/wp\/v2\/pages"}],"about":[{"href":"https:\/\/moto-oprema.com\/hr\/wp-json\/wp\/v2\/types\/page"}],"author":[{"embeddable":true,"href":"https:\/\/moto-oprema.com\/hr\/wp-json\/wp\/v2\/users\/1"}],"replies":[{"embeddable":true,"href":"https:\/\/moto-oprema.com\/hr\/wp-json\/wp\/v2\/comments?post=62418"}],"version-history":[{"count":2,"href":"https:\/\/moto-oprema.com\/hr\/wp-json\/wp\/v2\/pages\/62418\/revisions"}],"predecessor-version":[{"id":160562,"href":"https:\/\/moto-oprema.com\/hr\/wp-json\/wp\/v2\/pages\/62418\/revisions\/160562"}],"wp:attachment":[{"href":"https:\/\/moto-oprema.com\/hr\/wp-json\/wp\/v2\/media?parent=62418"}],"curies":[{"name":"wp","href":"https:\/\/api.w.org\/{rel}","templated":true}]}}