{"id":62411,"date":"2024-12-30T03:26:12","date_gmt":"2024-12-30T03:26:12","guid":{"rendered":"https:\/\/moto-oprema.com\/dostava-2\/"},"modified":"2025-03-31T11:46:31","modified_gmt":"2025-03-31T11:46:31","slug":"dostava-2","status":"publish","type":"page","link":"https:\/\/moto-oprema.com\/hr\/dostava-2\/","title":{"rendered":"Dostava"},"content":{"rendered":"<p>1. Dostava po\u0161tom vr\u0161i se GLS brzom po\u0161tom u skladu s uvjetima poslovanja. Tro\u0161kovi dostave iznose 4,10 EUR.<\/p><p>U slu\u010daju isteka zaliha, odmah \u0107emo Vas obavijestiti i prezentirati Vam ostatak ponude ili Vas obavijestiti o roku isporuke za naru\u010dene artikle.<\/p><p>Predvi\u0111eno vrijeme isporuke je 3 do 5 radnih dana (odnosi se na artikle na zalihi). Dostava robe trenutno je ograni\u010dena na podru\u010dje Slovenije. Ni u kojem slu\u010daju internet trgovina nije odgovorna za prekora\u010denje rokova isporuke. Dostava se vr\u0161i na Va\u0161u adresu koju ste naveli prilikom registracije ili narud\u017ebe.<\/p><p>Ako niste kod ku\u0107e u vrijeme dostave, dostavlja\u010d \u0107e s vama dogovoriti ponovnu dostavu bez dodatnih tro\u0161kova.<\/p><p>U slu\u010daju isteka zaliha, odmah \u0107emo Vas obavijestiti i prezentirati Vam ostatak ponude ili Vas obavijestiti o roku isporuke za naru\u010dene artikle.<\/p><p><strong>Jo\u0161 jedan savjet\u2026<\/strong><\/p><p>Ako ste izme\u0111u 8. i 16. sat, na primjer na poslu (za to vrijeme dostavna slu\u017eba dostavlja naru\u010denu robu), radnu adresu za dostavu mo\u017eete dodati u <strong>&#8220;Moj ra\u010dun&#8221;<\/strong> . Na stranici <strong>\u201cPotvrda narud\u017ebe\u201d<\/strong> zatim odabirete \u017eeljenu adresu. Tako \u0107ete paket primiti na poslu umjesto kod ku\u0107e i u\u0161tedjet \u0107ete put do po\u0161te.<\/p>","protected":false},"excerpt":{"rendered":"<p>1. Dostava po\u0161tom vr\u0161i se GLS brzom po\u0161tom u skladu s uvjetima poslovanja. Tro\u0161kovi dostave iznose&#8230;<\/p>\n","protected":false},"author":1,"featured_media":0,"parent":0,"menu_order":0,"comment_status":"closed","ping_status":"closed","template":"","meta":{"_acf_changed":false,"footnotes":""},"class_list":["post-62411","page","type-page","status-publish","hentry"],"acf":[],"_links":{"self":[{"href":"https:\/\/moto-oprema.com\/hr\/wp-json\/wp\/v2\/pages\/62411","targetHints":{"allow":["GET"]}}],"collection":[{"href":"https:\/\/moto-oprema.com\/hr\/wp-json\/wp\/v2\/pages"}],"about":[{"href":"https:\/\/moto-oprema.com\/hr\/wp-json\/wp\/v2\/types\/page"}],"author":[{"embeddable":true,"href":"https:\/\/moto-oprema.com\/hr\/wp-json\/wp\/v2\/users\/1"}],"replies":[{"embeddable":true,"href":"https:\/\/moto-oprema.com\/hr\/wp-json\/wp\/v2\/comments?post=62411"}],"version-history":[{"count":1,"href":"https:\/\/moto-oprema.com\/hr\/wp-json\/wp\/v2\/pages\/62411\/revisions"}],"predecessor-version":[{"id":62414,"href":"https:\/\/moto-oprema.com\/hr\/wp-json\/wp\/v2\/pages\/62411\/revisions\/62414"}],"wp:attachment":[{"href":"https:\/\/moto-oprema.com\/hr\/wp-json\/wp\/v2\/media?parent=62411"}],"curies":[{"name":"wp","href":"https:\/\/api.w.org\/{rel}","templated":true}]}}