{"id":160552,"date":"2025-09-01T09:05:20","date_gmt":"2025-09-01T09:05:20","guid":{"rendered":"https:\/\/moto-oprema.com\/odustajanje-od-kupnje\/"},"modified":"2025-09-01T09:09:58","modified_gmt":"2025-09-01T09:09:58","slug":"odustajanje-od-kupnje","status":"publish","type":"page","link":"https:\/\/moto-oprema.com\/hr\/odustajanje-od-kupnje\/","title":{"rendered":"Odustajanje od kupnje"},"content":{"rendered":"<p>Kupac ima 14 dana od datuma primitka po\u0161iljke da otka\u017ee narud\u017ebu bez navo\u0111enja razloga ili obja\u0161njenja. Za otkazivanje narud\u017ebe, molimo ispunite obrazac i po\u0161aljite nam ga zajedno s vra\u0107enim proizvodom ili ga skenirajte e-po\u0161tom. Robu nam morate vratiti najkasnije u roku od 14 dana od datuma kada ste nas obavijestili o odustajanju od ugovora.    <\/p><p>U slu\u010daju odustajanja od ugovora, kupac je odgovoran za sve tro\u0161kove povrata robe. Molimo kupce da nam robu vrate\/po\u0161alju na adresu:<br\/> Damijan Miklavi\u010d sp, prodaja moto opreme, Nor\u0161inska ulica 2, 9000 Murska Sobota <\/p><p>Povrat kupoprodajne cijene u slu\u010daju odustajanja od ugovora uvijek se vr\u0161i na bankovni ra\u010dun kupca. Kupoprodajnu cijenu vratit \u0107emo vam najkasnije u roku od 14 dana od primitka obavijesti o odustajanju od ugovora. Povrat kupoprodajne cijene mo\u017eemo produ\u017eiti ako robu jo\u0161 nismo primili. Robu nam morate vratiti u originalnoj ambala\u017ei, sa svim pe\u010datima, onako kako ste je primili. Ne primamo pakete s otkupninom.    <\/p><p><a href=\"https:\/\/moto-oprema.com\/wp-content\/uploads\/2025\/01\/moto-oprema-obrazec-odstop.pdf\">Obrazac za raskid ugovora preuzmite ovdje.<\/a><\/p><p><\/p>","protected":false},"excerpt":{"rendered":"<p>Kupac ima 14 dana od datuma primitka po\u0161iljke da otka\u017ee narud\u017ebu bez navo\u0111enja razloga ili obja\u0161njenja&#8230;.<\/p>\n","protected":false},"author":2,"featured_media":0,"parent":0,"menu_order":0,"comment_status":"closed","ping_status":"closed","template":"","meta":{"_acf_changed":false,"footnotes":""},"class_list":["post-160552","page","type-page","status-publish","hentry"],"acf":[],"_links":{"self":[{"href":"https:\/\/moto-oprema.com\/hr\/wp-json\/wp\/v2\/pages\/160552","targetHints":{"allow":["GET"]}}],"collection":[{"href":"https:\/\/moto-oprema.com\/hr\/wp-json\/wp\/v2\/pages"}],"about":[{"href":"https:\/\/moto-oprema.com\/hr\/wp-json\/wp\/v2\/types\/page"}],"author":[{"embeddable":true,"href":"https:\/\/moto-oprema.com\/hr\/wp-json\/wp\/v2\/users\/2"}],"replies":[{"embeddable":true,"href":"https:\/\/moto-oprema.com\/hr\/wp-json\/wp\/v2\/comments?post=160552"}],"version-history":[{"count":1,"href":"https:\/\/moto-oprema.com\/hr\/wp-json\/wp\/v2\/pages\/160552\/revisions"}],"predecessor-version":[{"id":160554,"href":"https:\/\/moto-oprema.com\/hr\/wp-json\/wp\/v2\/pages\/160552\/revisions\/160554"}],"wp:attachment":[{"href":"https:\/\/moto-oprema.com\/hr\/wp-json\/wp\/v2\/media?parent=160552"}],"curies":[{"name":"wp","href":"https:\/\/api.w.org\/{rel}","templated":true}]}}