{"id":8977,"date":"2016-10-25T14:54:10","date_gmt":"2016-10-25T14:54:10","guid":{"rendered":"https:\/\/spletnatrgovina.si\/product\/dainese-d-gambit-nahrbtnik\/"},"modified":"2026-01-06T12:04:16","modified_gmt":"2026-01-06T12:04:16","slug":"dainese-d-gambit-2-nahrbtnik-za-moto-opremo","status":"publish","type":"product","link":"https:\/\/moto-oprema.com\/en\/Artikel\/dainese-d-gambit-2-nahrbtnik-za-moto-opremo\/","title":{"rendered":"DAINESE D-GAMBIT 2 NAHRBTNIK"},"content":{"rendered":"<p>Ta prostoren nahrbtnik je idealen za dnevno no\u0161enje in ga lahko imate vedno pri sebi, zahvaljujo\u010d razli\u010dnim \u017eepom za razli\u010dne namene.<\/p>\n<ul>\n<li>Fully featured organizer panel with zippered security pocket<\/li>\n<li>Padded iPad\/tablet\/e-reader sleeve<\/li>\n<li>Dedicated top loading laptop compartment fits most 15\u201d laptops<\/li>\n<li>Integrated foam panels keep your electronics and other valuables protected<\/li>\n<li>Crush proof Tech Vault pocket with soft tricot liner<\/li>\n<li>HUB (Hybrid Unibody Backpanel) for ultimate comfort<\/li>\n<li>Padded mouse\/digital camera pocket<\/li>\n<li>Increased shoulder strap foam padding creates Sweet Spot comfort zone<\/li>\n<li>Fully adjustable ergonomic shoulder straps with molded protection zone<\/li>\n<li>Two zippered side utility pockets<\/li>\n<li>Dual si<\/li>\n<\/ul>\n","protected":false},"excerpt":{"rendered":"<p>Ta prostoren nahrbtnik je idealen za dnevno no\u0161enje in ga lahko imate vedno pri sebi, zahvaljujo\u010d&#8230;<\/p>\n","protected":false},"featured_media":194158,"comment_status":"open","ping_status":"closed","template":"","meta":{"_acf_changed":false},"brand":[35],"gender":[],"product_brand":[],"product_cat":[469,483,1290,1286],"product_tag":[],"class_list":{"0":"post-8977","1":"product","2":"type-product","3":"status-publish","4":"has-post-thumbnail","6":"brand-dainese","7":"product_cat-dodatna-oprema","8":"product_cat-motoristicna-oprema","9":"product_cat-nahrbtniki-in-torbe-za-nogo","10":"product_cat-ostalo","12":"first","13":"instock","14":"sale","15":"taxable","16":"shipping-taxable","17":"purchasable","18":"product-type-simple"},"acf":[],"_links":{"self":[{"href":"https:\/\/moto-oprema.com\/en\/wp-json\/wp\/v2\/product\/8977","targetHints":{"allow":["GET"]}}],"collection":[{"href":"https:\/\/moto-oprema.com\/en\/wp-json\/wp\/v2\/product"}],"about":[{"href":"https:\/\/moto-oprema.com\/en\/wp-json\/wp\/v2\/types\/product"}],"replies":[{"embeddable":true,"href":"https:\/\/moto-oprema.com\/en\/wp-json\/wp\/v2\/comments?post=8977"}],"wp:featuredmedia":[{"embeddable":true,"href":"https:\/\/moto-oprema.com\/en\/wp-json\/wp\/v2\/media\/194158"}],"wp:attachment":[{"href":"https:\/\/moto-oprema.com\/en\/wp-json\/wp\/v2\/media?parent=8977"}],"wp:term":[{"taxonomy":"brand","embeddable":true,"href":"https:\/\/moto-oprema.com\/en\/wp-json\/wp\/v2\/brand?post=8977"},{"taxonomy":"gender","embeddable":true,"href":"https:\/\/moto-oprema.com\/en\/wp-json\/wp\/v2\/gender?post=8977"},{"taxonomy":"product_brand","embeddable":true,"href":"https:\/\/moto-oprema.com\/en\/wp-json\/wp\/v2\/product_brand?post=8977"},{"taxonomy":"product_cat","embeddable":true,"href":"https:\/\/moto-oprema.com\/en\/wp-json\/wp\/v2\/product_cat?post=8977"},{"taxonomy":"product_tag","embeddable":true,"href":"https:\/\/moto-oprema.com\/en\/wp-json\/wp\/v2\/product_tag?post=8977"}],"curies":[{"name":"wp","href":"https:\/\/api.w.org\/{rel}","templated":true}]}}