{"id":79893,"date":"2009-11-20T03:51:28","date_gmt":"2009-11-20T03:51:28","guid":{"rendered":"https:\/\/moto-oprema.com\/Artikel\/stand-for-mx-engine\/"},"modified":"2009-11-20T03:51:28","modified_gmt":"2009-11-20T03:51:28","slug":"stand-for-mx-engine","status":"publish","type":"product","link":"https:\/\/moto-oprema.com\/en\/Artikel\/stand-for-mx-engine\/","title":{"rendered":"STAND FOR MX ENGINE"},"content":{"rendered":"<p><span style=\"font-size:small;\"><span style=\"font-family:tahoma, arial, helvetica, sans-serif;\">f\u00fcr MX\/Enduro; robuste Ausf\u00fchrung mit Stahlplatte, Gummiauflage und Hebelarm f\u00fcr Fu\u00dfbet\u00e4tigung<br \/> entlastet gehoben Art. 166\/ Preis<br \/>MX125+250+500ccm 32cm 40cm MOD1 49,90<br \/>MX Modell (zerlegbar) 32cm 40cm EV293000 44,90<br \/>Enduro z.B.: XR, TT,DR+DR-Z,WR 27cm 36cm MOD2 49,90<br \/>Enduro extra niedrig z.B.: <br \/>Africa Twin, Transalp 21cm 31cm MOD3 49,90<\/span><\/span><\/p>\n","protected":false},"excerpt":{"rendered":"<p>f\u00fcr MX\/Enduro; robuste Ausf\u00fchrung mit Stahlplatte, Gummiauflage und Hebelarm f\u00fcr Fu\u00dfbet\u00e4tigung entlastet gehoben Art. 166\/ PreisMX125+250+500ccm&#8230;<\/p>\n","protected":false},"featured_media":614,"comment_status":"open","ping_status":"open","template":"","meta":{"_acf_changed":false},"brand":[],"gender":[],"product_brand":[],"product_cat":[1434],"product_tag":[],"class_list":{"0":"post-79893","1":"product","2":"type-product","3":"status-publish","4":"has-post-thumbnail","6":"product_cat-motocross-equipment","8":"first","9":"instock","10":"taxable","11":"shipping-taxable","12":"purchasable","13":"product-type-simple"},"acf":[],"_links":{"self":[{"href":"https:\/\/moto-oprema.com\/en\/wp-json\/wp\/v2\/product\/79893","targetHints":{"allow":["GET"]}}],"collection":[{"href":"https:\/\/moto-oprema.com\/en\/wp-json\/wp\/v2\/product"}],"about":[{"href":"https:\/\/moto-oprema.com\/en\/wp-json\/wp\/v2\/types\/product"}],"replies":[{"embeddable":true,"href":"https:\/\/moto-oprema.com\/en\/wp-json\/wp\/v2\/comments?post=79893"}],"wp:featuredmedia":[{"embeddable":true,"href":"https:\/\/moto-oprema.com\/en\/wp-json\/wp\/v2\/media\/614"}],"wp:attachment":[{"href":"https:\/\/moto-oprema.com\/en\/wp-json\/wp\/v2\/media?parent=79893"}],"wp:term":[{"taxonomy":"brand","embeddable":true,"href":"https:\/\/moto-oprema.com\/en\/wp-json\/wp\/v2\/brand?post=79893"},{"taxonomy":"gender","embeddable":true,"href":"https:\/\/moto-oprema.com\/en\/wp-json\/wp\/v2\/gender?post=79893"},{"taxonomy":"product_brand","embeddable":true,"href":"https:\/\/moto-oprema.com\/en\/wp-json\/wp\/v2\/product_brand?post=79893"},{"taxonomy":"product_cat","embeddable":true,"href":"https:\/\/moto-oprema.com\/en\/wp-json\/wp\/v2\/product_cat?post=79893"},{"taxonomy":"product_tag","embeddable":true,"href":"https:\/\/moto-oprema.com\/en\/wp-json\/wp\/v2\/product_tag?post=79893"}],"curies":[{"name":"wp","href":"https:\/\/api.w.org\/{rel}","templated":true}]}}