{"id":64949,"date":"2024-12-05T09:04:53","date_gmt":"2024-12-05T09:04:53","guid":{"rendered":"https:\/\/moto-oprema.com\/Artikel\/alpinestars-vision-5-corp-mx-goggles-black-roll-off\/"},"modified":"2024-12-05T09:04:53","modified_gmt":"2024-12-05T09:04:53","slug":"alpinestars-vision-5-corp-mx-goggles-black-roll-off","status":"publish","type":"product","link":"https:\/\/moto-oprema.com\/en\/Artikel\/alpinestars-vision-5-corp-mx-goggles-black-roll-off\/","title":{"rendered":"ALPINESTARS VISION 5 CORP MX GOGGLES BLACK ROLL OFF"},"content":{"rendered":"<p>Recognised by professional drivers including Hunter Lawrence for their exceptional fit and feel, Vision 5 goggles are the ultimate goggle for all levels. Featuring a lightweight, ultra-flexible A-FLEX urethane frame, 17mm thick multi-stage face foam and integrated RAM-AIR ventilation system, these goggles deliver unrivalled performance. Whether you&#8217;re racing at the stadium in Anaheim, exploring the local tracks or riding in your own backyard, the Vision 5 goggles are sure to become your favourite. The Vision 5 Roll-Off goggles consist of lenses, two rolls of foil, a mud visor and our wide-angle Roll-Off system. All Roll-Offs have 100% UVA protection and built-in silicone &#8220;slip lines&#8221; to prevent the film from binding or sticking to the lens. The Vision 5 Wide Vision Roll-Off set is a class leader in peripheral vision and clarity.     <\/p>\n<p>Acclaimed for the exceptional fit and feel by pro riders, including Hunter Lawrence, the Vision 5 Goggles are top-of-the-class for all levels. Featuring a lightweight, ultra-pliable urethane A-FLEX frame, 17mm thick multi-stage face foam, and an integrated RAM-AIR ventilation system, these goggles offer unparalleled performance. Whether you&#8217;re racing at Anaheim Stadium, exploring local trails, or riding in your backyard, the Vision 5 Goggles are sure to become a favorite. The Vision 5 Roll-Off Goggles consists of a lens, two rolls of film, a mud visor and our Wide Vision Roll-Off system. All Roll-Off lenses have 100% UVA protection and built in silicone &#8220;Glide Lines&#8221; to keep the film from binding or sticking to the lens. The Vision 5 Wide Vision Roll-Off Goggles kit is a class leader in peripheral vision and clarity.     <\/p>\n<p>Die Vision 5 Goggles, die von Profi-Fahrern wie Hunter Lawrence f\u00fcr ihre au\u00dfergew\u00f6hnliche Passform und ihr Tragegef\u00fchl gelobt werden, sind Spitzenprodukte f\u00fcr alle K\u00f6nnerstufen. Mit ihrem leichten, ultraflexiblen A-FLEX-Rahmen aus Urethan, dem 17 mm dicken, mehrstufigen Gesichtsschaum und dem integrierten RAM-AIR-Bel\u00fcftungssystem bietet diese Brille unvergleichliche Leistung. Ganz gleich, ob Sie ein Rennen im Anaheim Stadium bestreiten, die \u00f6rtlichen Trails erkunden oder in Ihrem Hinterhof fahren, die Vision 5 Goggles werden mit Sicherheit zu Ihren Favoriten geh\u00f6ren. Die Vision 5 Roll-Off Goggles bestehen aus einer Linse, zwei Rollen Folie, einem Schlammvisier und unserem Wide Vision Roll-Off-System. Alle Roll-Off-Gl\u00e4ser haben einen 100-prozentigen UVA-Schutz und eingebaute Silikon-Gleitlinien, die verhindern, dass die Folie am Glas klebt oder sich festsetzt. Das Vision 5 Wide Vision Roll-Off Goggles Kit ist in seiner Klasse f\u00fchrend in Bezug auf periphere Sicht und Klarheit.<\/p>\n","protected":false},"excerpt":{"rendered":"<p>Vision 5 Corp Roll Off Goggles Colour: Black Lens: Clear + RollOff<\/p>\n","protected":false},"featured_media":32386,"comment_status":"open","ping_status":"closed","template":"","meta":{"_acf_changed":false},"brand":[2110],"gender":[2171],"product_brand":[],"product_cat":[1434,1522],"product_tag":[],"class_list":{"0":"post-64949","1":"product","2":"type-product","3":"status-publish","4":"has-post-thumbnail","6":"brand-alpinestars-en","7":"gender-unisex-en","8":"product_cat-motocross-equipment","9":"product_cat-mx-glasses","11":"first","12":"instock","13":"sale","14":"taxable","15":"shipping-taxable","16":"purchasable","17":"product-type-simple"},"acf":[],"_links":{"self":[{"href":"https:\/\/moto-oprema.com\/en\/wp-json\/wp\/v2\/product\/64949","targetHints":{"allow":["GET"]}}],"collection":[{"href":"https:\/\/moto-oprema.com\/en\/wp-json\/wp\/v2\/product"}],"about":[{"href":"https:\/\/moto-oprema.com\/en\/wp-json\/wp\/v2\/types\/product"}],"replies":[{"embeddable":true,"href":"https:\/\/moto-oprema.com\/en\/wp-json\/wp\/v2\/comments?post=64949"}],"wp:featuredmedia":[{"embeddable":true,"href":"https:\/\/moto-oprema.com\/en\/wp-json\/wp\/v2\/media\/32386"}],"wp:attachment":[{"href":"https:\/\/moto-oprema.com\/en\/wp-json\/wp\/v2\/media?parent=64949"}],"wp:term":[{"taxonomy":"brand","embeddable":true,"href":"https:\/\/moto-oprema.com\/en\/wp-json\/wp\/v2\/brand?post=64949"},{"taxonomy":"gender","embeddable":true,"href":"https:\/\/moto-oprema.com\/en\/wp-json\/wp\/v2\/gender?post=64949"},{"taxonomy":"product_brand","embeddable":true,"href":"https:\/\/moto-oprema.com\/en\/wp-json\/wp\/v2\/product_brand?post=64949"},{"taxonomy":"product_cat","embeddable":true,"href":"https:\/\/moto-oprema.com\/en\/wp-json\/wp\/v2\/product_cat?post=64949"},{"taxonomy":"product_tag","embeddable":true,"href":"https:\/\/moto-oprema.com\/en\/wp-json\/wp\/v2\/product_tag?post=64949"}],"curies":[{"name":"wp","href":"https:\/\/api.w.org\/{rel}","templated":true}]}}