{"id":64939,"date":"2024-11-28T11:39:05","date_gmt":"2024-11-28T11:39:05","guid":{"rendered":"https:\/\/moto-oprema.com\/Artikel\/alpinestars-vision-5-hollow-mx-mirror-wind-goggles\/"},"modified":"2024-11-28T11:39:05","modified_gmt":"2024-11-28T11:39:05","slug":"alpinestars-vision-5-hollow-mx-mirror-wind-goggles","status":"publish","type":"product","link":"https:\/\/moto-oprema.com\/en\/Artikel\/alpinestars-vision-5-hollow-mx-mirror-wind-goggles\/","title":{"rendered":"ALPINESTARS VISION 5 HOLLOW MX MIRROR WIND GOGGLES"},"content":{"rendered":"<p>Recognised by professional riders including Hunter Lawrence for their exceptional fit and feel, Alpinestars Vision 5 goggles are the ultimate goggle for all levels. Featuring a lightweight, ultra-flexible A-FLEX urethane frame, 17mm thick multi-stage face foam and integrated RAM-AIR ventilation system, these goggles deliver unrivalled performance. Whether you&#8217;re racing at the stadium in Anaheim, exploring the local tracks or riding in your own backyard, the Vision 5 goggles are sure to become your favourite.  <\/p>\n<p>Acclaimed for the exceptional fit and feel by pro riders, including Hunter Lawrence, the Vision 5 Goggles are top-of-the-class for all levels. Featuring a lightweight, ultra-pliable urethane A-FLEX frame, 17mm thick multi-stage face foam, and an integrated RAM-AIR ventilation system, these goggles offer unparalleled performance. Whether you&#8217;re racing at Anaheim Stadium, exploring local trails, or riding in your backyard, the Vision 5 Goggles are sure to become a favorite.  <\/p>\n<p>Die Vision 5 Goggles, die von Profi-Fahrern wie Hunter Lawrence f\u00fcr ihre au\u00dfergew\u00f6hnliche Passform und ihr Tragegef\u00fchl gelobt werden, sind Spitzenprodukte f\u00fcr alle Leistungsstufen. Mit ihrem leichten, ultraflexiblen A-FLEX-Rahmen aus Urethan, dem 17 mm dicken, mehrstufigen Gesichtsschaum und dem integrierten RAM-AIR-Bel\u00fcftungssystem bietet diese Brille unvergleichliche Leistung. Egal, ob du im Anaheim Stadium Rennen f\u00e4hrst, die \u00f6rtlichen Trails erkundest oder in deinem Hinterhof f\u00e4hrst, die Vision 5 Goggles werden mit Sicherheit zu deinen Favoriten geh\u00f6ren.<\/p>\n","protected":false},"excerpt":{"rendered":"<p>Vision 5 Hollow Goggles Colour: Wind Lens:Gold Mirror<\/p>\n","protected":false},"featured_media":32336,"comment_status":"open","ping_status":"closed","template":"","meta":{"_acf_changed":false},"brand":[2110],"gender":[2171],"product_brand":[],"product_cat":[1434,1522],"product_tag":[],"class_list":{"0":"post-64939","1":"product","2":"type-product","3":"status-publish","4":"has-post-thumbnail","6":"brand-alpinestars-en","7":"gender-unisex-en","8":"product_cat-motocross-equipment","9":"product_cat-mx-glasses","11":"first","12":"instock","13":"sale","14":"taxable","15":"shipping-taxable","16":"purchasable","17":"product-type-simple"},"acf":[],"_links":{"self":[{"href":"https:\/\/moto-oprema.com\/en\/wp-json\/wp\/v2\/product\/64939","targetHints":{"allow":["GET"]}}],"collection":[{"href":"https:\/\/moto-oprema.com\/en\/wp-json\/wp\/v2\/product"}],"about":[{"href":"https:\/\/moto-oprema.com\/en\/wp-json\/wp\/v2\/types\/product"}],"replies":[{"embeddable":true,"href":"https:\/\/moto-oprema.com\/en\/wp-json\/wp\/v2\/comments?post=64939"}],"wp:featuredmedia":[{"embeddable":true,"href":"https:\/\/moto-oprema.com\/en\/wp-json\/wp\/v2\/media\/32336"}],"wp:attachment":[{"href":"https:\/\/moto-oprema.com\/en\/wp-json\/wp\/v2\/media?parent=64939"}],"wp:term":[{"taxonomy":"brand","embeddable":true,"href":"https:\/\/moto-oprema.com\/en\/wp-json\/wp\/v2\/brand?post=64939"},{"taxonomy":"gender","embeddable":true,"href":"https:\/\/moto-oprema.com\/en\/wp-json\/wp\/v2\/gender?post=64939"},{"taxonomy":"product_brand","embeddable":true,"href":"https:\/\/moto-oprema.com\/en\/wp-json\/wp\/v2\/product_brand?post=64939"},{"taxonomy":"product_cat","embeddable":true,"href":"https:\/\/moto-oprema.com\/en\/wp-json\/wp\/v2\/product_cat?post=64939"},{"taxonomy":"product_tag","embeddable":true,"href":"https:\/\/moto-oprema.com\/en\/wp-json\/wp\/v2\/product_tag?post=64939"}],"curies":[{"name":"wp","href":"https:\/\/api.w.org\/{rel}","templated":true}]}}