{"id":64931,"date":"2024-11-28T11:04:08","date_gmt":"2024-11-28T11:04:08","guid":{"rendered":"https:\/\/moto-oprema.com\/Artikel\/alpinestars-vision-3-wordmark-mx-goggles-mirror-blue\/"},"modified":"2024-11-28T11:04:08","modified_gmt":"2024-11-28T11:04:08","slug":"alpinestars-vision-3-wordmark-mx-goggles-mirror-blue","status":"publish","type":"product","link":"https:\/\/moto-oprema.com\/en\/Artikel\/alpinestars-vision-3-wordmark-mx-goggles-mirror-blue\/","title":{"rendered":"ALPINESTARS VISION 3 WORDMARK MX GOGGLES MIRROR BLUE"},"content":{"rendered":"<p>Alpinestars Vision 3 builds on the strengths of Vision 5 and offers great features at a more affordable price. Vision 3 includes the RAM-AIR ventilation system, ultra-soft A-FLEX frame, moisture channel and dual-layer face foam for exceptional comfort. The goggles are lightweight and versatile, and use the same lenses and TearOff foils as the Vision 8 and 5.  <\/p>\n<p>&nbsp;<\/p>\n<p>The Vision 3 Goggles build on the Vision 5&#8217;s strengths, offering excellent features at a more affordable price. The Vision 3 includes the RAM-AIR ventilation system, super-soft A-FLEX frame, moisture channel, and two-layer face foam for exceptional comfort. Lightweight and versatile, the goggles use the same lens and tear-offs as the Vision 8 and 5 Goggles.  <\/p>\n<p>&nbsp;<\/p>\n<p>Die Vision 3 Goggles bauen auf den St\u00e4rken der Vision 5 auf und bieten hervorragende Funktionen zu einem g\u00fcnstigeren Preis. Die Vision 3 verf\u00fcgt \u00fcber das RAM-AIR-Bel\u00fcftungssystem, den superweichen A-FLEX-Rahmen, den Feuchtigkeitskanal und den zweilagigen Gesichtsschaum f\u00fcr au\u00dfergew\u00f6hnlichen Komfort. Die leichte und vielseitige Brille ist mit den gleichen Gl\u00e4sern und Tear-offs ausgestattet wie die Vision 8 und 5 Goggles.<\/p>\n","protected":false},"excerpt":{"rendered":"<p>Vision 3 Wordmark Goggles Colour: Blue Lens:Silver Mirror<\/p>\n","protected":false},"featured_media":32293,"comment_status":"open","ping_status":"closed","template":"","meta":{"_acf_changed":false},"brand":[2110],"gender":[2171],"product_brand":[],"product_cat":[1434,1522],"product_tag":[],"class_list":{"0":"post-64931","1":"product","2":"type-product","3":"status-publish","4":"has-post-thumbnail","6":"brand-alpinestars-en","7":"gender-unisex-en","8":"product_cat-motocross-equipment","9":"product_cat-mx-glasses","11":"first","12":"instock","13":"sale","14":"taxable","15":"shipping-taxable","16":"purchasable","17":"product-type-simple"},"acf":[],"_links":{"self":[{"href":"https:\/\/moto-oprema.com\/en\/wp-json\/wp\/v2\/product\/64931","targetHints":{"allow":["GET"]}}],"collection":[{"href":"https:\/\/moto-oprema.com\/en\/wp-json\/wp\/v2\/product"}],"about":[{"href":"https:\/\/moto-oprema.com\/en\/wp-json\/wp\/v2\/types\/product"}],"replies":[{"embeddable":true,"href":"https:\/\/moto-oprema.com\/en\/wp-json\/wp\/v2\/comments?post=64931"}],"wp:featuredmedia":[{"embeddable":true,"href":"https:\/\/moto-oprema.com\/en\/wp-json\/wp\/v2\/media\/32293"}],"wp:attachment":[{"href":"https:\/\/moto-oprema.com\/en\/wp-json\/wp\/v2\/media?parent=64931"}],"wp:term":[{"taxonomy":"brand","embeddable":true,"href":"https:\/\/moto-oprema.com\/en\/wp-json\/wp\/v2\/brand?post=64931"},{"taxonomy":"gender","embeddable":true,"href":"https:\/\/moto-oprema.com\/en\/wp-json\/wp\/v2\/gender?post=64931"},{"taxonomy":"product_brand","embeddable":true,"href":"https:\/\/moto-oprema.com\/en\/wp-json\/wp\/v2\/product_brand?post=64931"},{"taxonomy":"product_cat","embeddable":true,"href":"https:\/\/moto-oprema.com\/en\/wp-json\/wp\/v2\/product_cat?post=64931"},{"taxonomy":"product_tag","embeddable":true,"href":"https:\/\/moto-oprema.com\/en\/wp-json\/wp\/v2\/product_tag?post=64931"}],"curies":[{"name":"wp","href":"https:\/\/api.w.org\/{rel}","templated":true}]}}