{"id":64474,"date":"2024-12-17T08:51:11","date_gmt":"2024-12-17T08:51:11","guid":{"rendered":"https:\/\/moto-oprema.com\/Artikel\/alpinestars-mx-techstar-gloves-black-25\/"},"modified":"2024-12-17T08:51:11","modified_gmt":"2024-12-17T08:51:11","slug":"alpinestars-mx-techstar-gloves-black-25","status":"publish","type":"product","link":"https:\/\/moto-oprema.com\/en\/Artikel\/alpinestars-mx-techstar-gloves-black-25\/","title":{"rendered":"ALPINESTARS MX TECHSTAR GLOVES BLACK 25"},"content":{"rendered":"<p>The new Alpinestars Techstar gloves are made from advanced stretch fabric for a precise feel when using the handles and grips, and are designed to provide professional-level protection. The Techstar gloves feature a highly flexible upper construction, thermoformed knuckle area and stretch micro ripstop upper for added comfort and protection, while the reinforced synthetic suede palm ensures a high level of durability. The palms are made of conductive material for seamless use with smartphones and other GPS touchscreen devices. The gloves also feature a newly designed seamless closure for a secure fit.   <\/p>\n<p>Made from advanced, stretch fabric for a precise feel with the levers and grips, the new Techstar Gloves are designed to offer pro-level protection. Featuring a high flex upper construction with a thermoformed knuckle area and stretch micro ripstop top hand for additional comfort and protection, the Techstar Gloves have a reinforced synthetic suede palm for high levels of durability. The palms are made from conductive material for flawless use with smartphones and other GPS touchscreen devices. The gloves also have a new moulded, seamless closure for a secure fit.   <\/p>\n<p>Die neuen Techstar Gloves sind aus hochentwickeltem, dehnbarem Material f\u00fcr ein pr\u00e4zises Gef\u00fchl an den Hebeln und Griffen und bieten Schutz auf Profi-Niveau. Die Techstar Gloves verf\u00fcgen \u00fcber eine hochflexible Oberkonstruktion mit einem thermogeformten Kn\u00f6chelbereich und einer Stretch-Micro-Ripstop-Oberhand f\u00fcr zus\u00e4tzlichen Komfort und Schutz sowie \u00fcber eine verst\u00e4rkte Handfl\u00e4che aus synthetischem Wildleder f\u00fcr hohe Strapazierf\u00e4higkeit. Die Handfl\u00e4chen bestehen aus leitf\u00e4higem Material f\u00fcr den problemlosen Einsatz mit Smartphones und anderen GPS-Touchscreen-Ger\u00e4ten. Die Handschuhe haben au\u00dferdem einen neuen geformten, nahtlosen Verschluss f\u00fcr einen sicheren Sitz.<\/p>\n","protected":false},"excerpt":{"rendered":"<p>Alpinestars MX Techstar gloves<\/p>\n","protected":false},"featured_media":32784,"comment_status":"open","ping_status":"open","template":"","meta":{"_acf_changed":false},"brand":[2110],"gender":[],"product_brand":[],"product_cat":[1434,1454],"product_tag":[],"class_list":{"0":"post-64474","1":"product","2":"type-product","3":"status-publish","4":"has-post-thumbnail","6":"brand-alpinestars-en","7":"product_cat-motocross-equipment","8":"product_cat-mx-gloves","9":"pa_size-2xl-en","10":"pa_size-l-en","11":"pa_size-m-en","12":"pa_size-s-en","13":"pa_size-xl-en","15":"first","16":"instock","17":"sale","18":"taxable","19":"shipping-taxable","20":"purchasable","21":"product-type-variable"},"acf":[],"_links":{"self":[{"href":"https:\/\/moto-oprema.com\/en\/wp-json\/wp\/v2\/product\/64474","targetHints":{"allow":["GET"]}}],"collection":[{"href":"https:\/\/moto-oprema.com\/en\/wp-json\/wp\/v2\/product"}],"about":[{"href":"https:\/\/moto-oprema.com\/en\/wp-json\/wp\/v2\/types\/product"}],"replies":[{"embeddable":true,"href":"https:\/\/moto-oprema.com\/en\/wp-json\/wp\/v2\/comments?post=64474"}],"wp:featuredmedia":[{"embeddable":true,"href":"https:\/\/moto-oprema.com\/en\/wp-json\/wp\/v2\/media\/32784"}],"wp:attachment":[{"href":"https:\/\/moto-oprema.com\/en\/wp-json\/wp\/v2\/media?parent=64474"}],"wp:term":[{"taxonomy":"brand","embeddable":true,"href":"https:\/\/moto-oprema.com\/en\/wp-json\/wp\/v2\/brand?post=64474"},{"taxonomy":"gender","embeddable":true,"href":"https:\/\/moto-oprema.com\/en\/wp-json\/wp\/v2\/gender?post=64474"},{"taxonomy":"product_brand","embeddable":true,"href":"https:\/\/moto-oprema.com\/en\/wp-json\/wp\/v2\/product_brand?post=64474"},{"taxonomy":"product_cat","embeddable":true,"href":"https:\/\/moto-oprema.com\/en\/wp-json\/wp\/v2\/product_cat?post=64474"},{"taxonomy":"product_tag","embeddable":true,"href":"https:\/\/moto-oprema.com\/en\/wp-json\/wp\/v2\/product_tag?post=64474"}],"curies":[{"name":"wp","href":"https:\/\/api.w.org\/{rel}","templated":true}]}}