{"id":64426,"date":"2024-12-17T08:41:39","date_gmt":"2024-12-17T08:41:39","guid":{"rendered":"https:\/\/moto-oprema.com\/Artikel\/alpinestars-mx-pants-techstar-melt-orange-blue-25\/"},"modified":"2024-12-17T08:41:39","modified_gmt":"2024-12-17T08:41:39","slug":"alpinestars-mx-pants-techstar-melt-orange-blue-25","status":"publish","type":"product","link":"https:\/\/moto-oprema.com\/en\/Artikel\/alpinestars-mx-pants-techstar-melt-orange-blue-25\/","title":{"rendered":"ALPINESTARS MX PANTS TECHSTAR MELT ORANGE BLUE 25"},"content":{"rendered":"<p>The Alpinestrs Techstar Melt Pants feature a new reinforced fabric construction that incorporates more stretch ripstop materials, an updated ergonomically designed cut and an optimised racing multi-panel pattern that gives a second-skin feel and provides superior freedom of movement and excellent mobility.<\/p>\n<p>Alpinestrs Techstar Melt Pants have a new reinforced materials construction that incorporates more stretch ripstop materials, and an updated ergonomically engineered cut and optimised racing multi-panel pattern delivering a second skin feel and providing premium freedom of movement and superior mobility.<\/p>\n<p>Die Techstar Melt Pants von Alpinestrs hat eine neue, verst\u00e4rkte Materialkonstruktion, die mehr Stretch-Ripstop-Materialien enth\u00e4lt, sowie einen aktualisierten, ergonomischen Schnitt und ein optimiertes Rennsport-Multipanelmuster, das ein Gef\u00fchl wie eine zweite Haut vermittelt und erstklassige Bewegungsfreiheit und \u00fcberragende Mobilit\u00e4t bietet.<\/p>\n<p>&nbsp;<\/p>\n","protected":false},"excerpt":{"rendered":"<p>Alpinestars Techstar Melt MX Pants<\/p>\n","protected":false},"featured_media":32740,"comment_status":"open","ping_status":"open","template":"","meta":{"_acf_changed":false},"brand":[2110],"gender":[],"product_brand":[],"product_cat":[1434,1440],"product_tag":[],"class_list":{"0":"post-64426","1":"product","2":"type-product","3":"status-publish","4":"has-post-thumbnail","6":"brand-alpinestars-en","7":"product_cat-motocross-equipment","8":"product_cat-mx-pants","9":"pa_size-28-en","10":"pa_size-30-en","11":"pa_size-32-en","12":"pa_size-34-en","13":"pa_size-36-en","14":"pa_size-38-en","15":"pa_size-40-en","17":"first","18":"instock","19":"sale","20":"taxable","21":"shipping-taxable","22":"purchasable","23":"product-type-variable"},"acf":[],"_links":{"self":[{"href":"https:\/\/moto-oprema.com\/en\/wp-json\/wp\/v2\/product\/64426","targetHints":{"allow":["GET"]}}],"collection":[{"href":"https:\/\/moto-oprema.com\/en\/wp-json\/wp\/v2\/product"}],"about":[{"href":"https:\/\/moto-oprema.com\/en\/wp-json\/wp\/v2\/types\/product"}],"replies":[{"embeddable":true,"href":"https:\/\/moto-oprema.com\/en\/wp-json\/wp\/v2\/comments?post=64426"}],"wp:featuredmedia":[{"embeddable":true,"href":"https:\/\/moto-oprema.com\/en\/wp-json\/wp\/v2\/media\/32740"}],"wp:attachment":[{"href":"https:\/\/moto-oprema.com\/en\/wp-json\/wp\/v2\/media?parent=64426"}],"wp:term":[{"taxonomy":"brand","embeddable":true,"href":"https:\/\/moto-oprema.com\/en\/wp-json\/wp\/v2\/brand?post=64426"},{"taxonomy":"gender","embeddable":true,"href":"https:\/\/moto-oprema.com\/en\/wp-json\/wp\/v2\/gender?post=64426"},{"taxonomy":"product_brand","embeddable":true,"href":"https:\/\/moto-oprema.com\/en\/wp-json\/wp\/v2\/product_brand?post=64426"},{"taxonomy":"product_cat","embeddable":true,"href":"https:\/\/moto-oprema.com\/en\/wp-json\/wp\/v2\/product_cat?post=64426"},{"taxonomy":"product_tag","embeddable":true,"href":"https:\/\/moto-oprema.com\/en\/wp-json\/wp\/v2\/product_tag?post=64426"}],"curies":[{"name":"wp","href":"https:\/\/api.w.org\/{rel}","templated":true}]}}