{"id":64266,"date":"2024-12-09T09:10:04","date_gmt":"2024-12-09T09:10:04","guid":{"rendered":"https:\/\/moto-oprema.com\/Artikel\/alpinestars-vision-8-corp-mx-goggles-clear-black\/"},"modified":"2024-12-09T09:10:04","modified_gmt":"2024-12-09T09:10:04","slug":"alpinestars-vision-8-corp-mx-goggles-clear-black","status":"publish","type":"product","link":"https:\/\/moto-oprema.com\/en\/Artikel\/alpinestars-vision-8-corp-mx-goggles-clear-black\/","title":{"rendered":"ALPINESTARS VISION 8 CORP MX GOGGLES CLEAR BLACK"},"content":{"rendered":"<p>Tested by top racers around the world, Vision 8 goggles have been designed and developed with two goals in mind: comfort and performance. Strategically designed cues with an exclusive 13-degree strap angle that allows the lightweight A-FLEX frame to provide an unparalleled fit. The advanced RAM-AIR ventilation system combined with 3D-moulded face foam ensures that the Vision 8 Goggles will deliver the highest level of performance whatever the conditions.  <\/p>\n<p>Tested by top racers worldwide, the Vision 8 Goggles were designed and developed with two objectives in mind: comfort and performance. Strategically designed outriggers with the exclusive 13-degree Strap Wedge that enables the lightweight A-FLEX frame to create an unmatched fit. An advanced RAM-AIR ventilation system, along with 3D-molded face foam, ensures the Vision 8 Goggles will offer maximum levels of performance regardless of the conditions.  <\/p>\n<p>Die von Top-Rennfahrern auf der ganzen Welt getestete Vision 8 Goggles wurde mit zwei Zielen im Hinterkopf entworfen und entwickelt: Komfort und Leistung. Strategisch konzipierte Ausleger mit dem exklusiven 13-Grad-Bandkeil, der dem leichten A-FLEX-Rahmen eine un\u00fcbertroffene Passform verleiht. Das fortschrittliche RAM-AIR-Bel\u00fcftungssystem und der 3D-geformte Gesichtsschaum sorgen daf\u00fcr, dass die Vision 8 Goggles unabh\u00e4ngig von den Bedingungen ein H\u00f6chstma\u00df an Leistung bieten.  <\/p>\n<ul class=\"group\/features\">\n<li><span class=\"metafield-multi_line_text_field\">The Polycarbonate, anti-fog hard-coated lens provides 100% UVA protection.<\/span><\/li>\n<li>A-FLEX urethane frame material with moisture channel technology for an amazing fit and moisture management.<\/li>\n<li>The Vision 8&#8217;s strategically designed, centrally mounted, outrigger system ensures a direct pull against your face for the ultimate fit.<\/li>\n<li>An ultra-wide field of view is designed to integrate seamlessly with Alpinestars WIDE-VISION Roll-Off system.<\/li>\n<li>The specially engineered RAM-AIR ventilation system promotes airflow and moisture release.<\/li>\n<li>The 100 PPI reticulated vent foam enhances ventilation.<\/li>\n<li>The uniquely angled 13-degree Strap Wedge perfectly positions the 45mm wide woven strap, providing even pulling pressure on the face for maximum comfort.<\/li>\n<li>3D Molded 17mm, multi-layer face foam creates a comfortable fit for almost every face shape. The strategically moulded design ensures a perfect seal, a wide-open field of view, and offers effective sweat management demanded by pro riders. <\/li>\n<li>Class leading peripheral vision.<\/li>\n<\/ul>\n<p>&nbsp;<\/p>\n","protected":false},"excerpt":{"rendered":"<p>Vision 8 Corp Goggles Colour: Black Lens: Clear<\/p>\n","protected":false},"featured_media":32426,"comment_status":"open","ping_status":"open","template":"","meta":{"_acf_changed":false},"brand":[2110],"gender":[2171],"product_brand":[],"product_cat":[1434,1522],"product_tag":[],"class_list":{"0":"post-64266","1":"product","2":"type-product","3":"status-publish","4":"has-post-thumbnail","6":"brand-alpinestars-en","7":"gender-unisex-en","8":"product_cat-motocross-equipment","9":"product_cat-mx-glasses","11":"first","12":"instock","13":"sale","14":"taxable","15":"shipping-taxable","16":"purchasable","17":"product-type-simple"},"acf":[],"_links":{"self":[{"href":"https:\/\/moto-oprema.com\/en\/wp-json\/wp\/v2\/product\/64266","targetHints":{"allow":["GET"]}}],"collection":[{"href":"https:\/\/moto-oprema.com\/en\/wp-json\/wp\/v2\/product"}],"about":[{"href":"https:\/\/moto-oprema.com\/en\/wp-json\/wp\/v2\/types\/product"}],"replies":[{"embeddable":true,"href":"https:\/\/moto-oprema.com\/en\/wp-json\/wp\/v2\/comments?post=64266"}],"wp:featuredmedia":[{"embeddable":true,"href":"https:\/\/moto-oprema.com\/en\/wp-json\/wp\/v2\/media\/32426"}],"wp:attachment":[{"href":"https:\/\/moto-oprema.com\/en\/wp-json\/wp\/v2\/media?parent=64266"}],"wp:term":[{"taxonomy":"brand","embeddable":true,"href":"https:\/\/moto-oprema.com\/en\/wp-json\/wp\/v2\/brand?post=64266"},{"taxonomy":"gender","embeddable":true,"href":"https:\/\/moto-oprema.com\/en\/wp-json\/wp\/v2\/gender?post=64266"},{"taxonomy":"product_brand","embeddable":true,"href":"https:\/\/moto-oprema.com\/en\/wp-json\/wp\/v2\/product_brand?post=64266"},{"taxonomy":"product_cat","embeddable":true,"href":"https:\/\/moto-oprema.com\/en\/wp-json\/wp\/v2\/product_cat?post=64266"},{"taxonomy":"product_tag","embeddable":true,"href":"https:\/\/moto-oprema.com\/en\/wp-json\/wp\/v2\/product_tag?post=64266"}],"curies":[{"name":"wp","href":"https:\/\/api.w.org\/{rel}","templated":true}]}}