{"id":64211,"date":"2024-12-19T09:08:22","date_gmt":"2024-12-19T09:08:22","guid":{"rendered":"https:\/\/moto-oprema.com\/Artikel\/alpinestars-waist-bag-mm93-black-red\/"},"modified":"2024-12-19T09:08:22","modified_gmt":"2024-12-19T09:08:22","slug":"alpinestars-waist-bag-mm93-black-red","status":"publish","type":"product","link":"https:\/\/moto-oprema.com\/en\/Artikel\/alpinestars-waist-bag-mm93-black-red\/","title":{"rendered":"ALPINESTARS WAIST BAG MM93 BLACK RED"},"content":{"rendered":"<p>A handy waist bag made of tough and durable material, ideal for safely storing essential items Alpinestars MM93 Waist Bag. Practical bag with a capacity of 2.5 l. Main zipped compartment in the waist bag for quick and easy access to money, camera, sunglasses, etc. Small expansion pocket increases capacity. Comes with an adjustable strap for quick and easy use. Made of durable and hard-wearing fabric, equipped with robust zippers. Water-resistant.      <\/p>\n<p>Handy waist bag constructed from a durable, hardwearing material ideal for safe storage of essential items Alpinestars MM93 Waist Bag. Practical bag with 2.5L capacity. Waist bag zipped main compartment for quick and easy access to your money, camera, sunglasses etc. Small expansion pocket boosts capacity. Comes with adjustable belt for quick and easy use. Made from tough, durable fabric complete with sturdy zips. Water resistant.      <\/p>\n<p>Praktische H\u00fcfttasche aus strapazierf\u00e4higem Material, ideal f\u00fcr die sichere Aufbewahrung von wichtigen Gegenst\u00e4nden Alpinestars MM93 H\u00fcfttasche. Practical Tasche mit 2,5 l Fassungsverm\u00f6gen. H\u00fcfttasche mit Rei\u00dfverschluss-Hauptfach f\u00fcr schnellen und einfachen Zugriff auf Geld, Kamera, Sonnenbrille usw. Kleine Erweiterungstasche erh\u00f6ht das Fassungsverm\u00f6gen. Mit verstellbarem G\u00fcrtel f\u00fcr eine schnelle und einfache Verwendung. Aus strapazierf\u00e4higem, langlebigem Material und mit robusten Rei\u00dfverschl\u00fcssen. Wasserfest.      <\/p>\n<p>&nbsp;<\/p>\n","protected":false},"excerpt":{"rendered":"<p>Alpinestars Waist Bag MM93<\/p>\n","protected":false},"featured_media":33206,"comment_status":"open","ping_status":"closed","template":"","meta":{"_acf_changed":false},"brand":[2110],"gender":[],"product_brand":[],"product_cat":[1516,1517,1369],"product_tag":[],"class_list":{"0":"post-64211","1":"product","2":"type-product","3":"status-publish","4":"has-post-thumbnail","6":"brand-alpinestars-en","7":"product_cat-accessories","8":"product_cat-backpacks-and-leg-bags","9":"product_cat-motorcycle-gear","11":"first","12":"instock","13":"sale","14":"taxable","15":"shipping-taxable","16":"purchasable","17":"product-type-simple"},"acf":[],"_links":{"self":[{"href":"https:\/\/moto-oprema.com\/en\/wp-json\/wp\/v2\/product\/64211","targetHints":{"allow":["GET"]}}],"collection":[{"href":"https:\/\/moto-oprema.com\/en\/wp-json\/wp\/v2\/product"}],"about":[{"href":"https:\/\/moto-oprema.com\/en\/wp-json\/wp\/v2\/types\/product"}],"replies":[{"embeddable":true,"href":"https:\/\/moto-oprema.com\/en\/wp-json\/wp\/v2\/comments?post=64211"}],"wp:featuredmedia":[{"embeddable":true,"href":"https:\/\/moto-oprema.com\/en\/wp-json\/wp\/v2\/media\/33206"}],"wp:attachment":[{"href":"https:\/\/moto-oprema.com\/en\/wp-json\/wp\/v2\/media?parent=64211"}],"wp:term":[{"taxonomy":"brand","embeddable":true,"href":"https:\/\/moto-oprema.com\/en\/wp-json\/wp\/v2\/brand?post=64211"},{"taxonomy":"gender","embeddable":true,"href":"https:\/\/moto-oprema.com\/en\/wp-json\/wp\/v2\/gender?post=64211"},{"taxonomy":"product_brand","embeddable":true,"href":"https:\/\/moto-oprema.com\/en\/wp-json\/wp\/v2\/product_brand?post=64211"},{"taxonomy":"product_cat","embeddable":true,"href":"https:\/\/moto-oprema.com\/en\/wp-json\/wp\/v2\/product_cat?post=64211"},{"taxonomy":"product_tag","embeddable":true,"href":"https:\/\/moto-oprema.com\/en\/wp-json\/wp\/v2\/product_tag?post=64211"}],"curies":[{"name":"wp","href":"https:\/\/api.w.org\/{rel}","templated":true}]}}