{"id":64136,"date":"2024-12-18T09:25:38","date_gmt":"2024-12-18T09:25:38","guid":{"rendered":"https:\/\/moto-oprema.com\/Artikel\/alpinestars-mx-jersey-techstar-dreem-black-blue-25\/"},"modified":"2024-12-18T09:25:38","modified_gmt":"2024-12-18T09:25:38","slug":"alpinestars-mx-jersey-techstar-dreem-black-blue-25","status":"publish","type":"product","link":"https:\/\/moto-oprema.com\/en\/Artikel\/alpinestars-mx-jersey-techstar-dreem-black-blue-25\/","title":{"rendered":"ALPINESTARS MX JERSEY TECHSTAR DREEM BLACK BLUE 25"},"content":{"rendered":"<p>The Techstar range offers the optimum combination of performance and durability. Designed for advanced competition on all terrains, it offers a fit and cut tailored for racing, while the multi-material construction ensures the highest levels of ventilation and stretch for excellent freedom of movement. <\/p>\n<p>The Techstar Melt jersey is made from lightweight, highly durable, stretch fabric that wicks moisture and provides superior comfort and performance.<\/p>\n<p>&nbsp;<\/p>\n<p>The Techstar line offers the optimal blend between performance and durability. Engineered for advanced-level competition on all terrain and offering a racing-derived fit and cut, the multi-material construction delivers the highest levels of ventilation and stretch for excellent freedom of movement. <\/p>\n<p>The Techstar Melt Jersey is constructed from a lightweight, highly durable, stretch fabric, with a moisture-wicking treatment for superior comfort and performance.<\/p>\n<p>&nbsp;<\/p>\n<p>Die Techstar-Linie bietet die optimale Mischung aus Leistung und Haltbarkeit. Die Multi-Material-Konstruktion wurde f\u00fcr Wettk\u00e4mpfe auf h\u00f6chstem Niveau und in jedem Gel\u00e4nde entwickelt und bietet eine rennsportorientierte Passform und Schnittf\u00fchrung und ein H\u00f6chstma\u00df an Bel\u00fcftung und Stretch f\u00fcr ausgezeichnete Bewegungsfreiheit. <\/p>\n<p>Das Techstar Melt Jersey besteht aus leichtem, \u00e4u\u00dferst strapazierf\u00e4higem Stretchmaterial mit einer feuchtigkeitsableitenden Behandlung f\u00fcr \u00fcberragenden Komfort und Leistung.<\/p>\n<p>&nbsp;<\/p>\n<p>&nbsp;<\/p>\n","protected":false},"excerpt":{"rendered":"<p>The Alpinestars MX Techstar Dreem jersey is made from a lightweight, highly durable, stretch fabric that&#8230;<\/p>\n","protected":false},"featured_media":33020,"comment_status":"open","ping_status":"open","template":"","meta":{"_acf_changed":false},"brand":[2110],"gender":[],"product_brand":[],"product_cat":[1434,1443],"product_tag":[],"class_list":{"0":"post-64136","1":"product","2":"type-product","3":"status-publish","4":"has-post-thumbnail","6":"brand-alpinestars-en","7":"product_cat-motocross-equipment","8":"product_cat-mx-dresi-en","9":"pa_size-2xl-en","10":"pa_size-l-en","11":"pa_size-m-en","12":"pa_size-s-en","13":"pa_size-xl-en","15":"first","16":"instock","17":"sale","18":"taxable","19":"shipping-taxable","20":"purchasable","21":"product-type-variable"},"acf":[],"_links":{"self":[{"href":"https:\/\/moto-oprema.com\/en\/wp-json\/wp\/v2\/product\/64136","targetHints":{"allow":["GET"]}}],"collection":[{"href":"https:\/\/moto-oprema.com\/en\/wp-json\/wp\/v2\/product"}],"about":[{"href":"https:\/\/moto-oprema.com\/en\/wp-json\/wp\/v2\/types\/product"}],"replies":[{"embeddable":true,"href":"https:\/\/moto-oprema.com\/en\/wp-json\/wp\/v2\/comments?post=64136"}],"wp:featuredmedia":[{"embeddable":true,"href":"https:\/\/moto-oprema.com\/en\/wp-json\/wp\/v2\/media\/33020"}],"wp:attachment":[{"href":"https:\/\/moto-oprema.com\/en\/wp-json\/wp\/v2\/media?parent=64136"}],"wp:term":[{"taxonomy":"brand","embeddable":true,"href":"https:\/\/moto-oprema.com\/en\/wp-json\/wp\/v2\/brand?post=64136"},{"taxonomy":"gender","embeddable":true,"href":"https:\/\/moto-oprema.com\/en\/wp-json\/wp\/v2\/gender?post=64136"},{"taxonomy":"product_brand","embeddable":true,"href":"https:\/\/moto-oprema.com\/en\/wp-json\/wp\/v2\/product_brand?post=64136"},{"taxonomy":"product_cat","embeddable":true,"href":"https:\/\/moto-oprema.com\/en\/wp-json\/wp\/v2\/product_cat?post=64136"},{"taxonomy":"product_tag","embeddable":true,"href":"https:\/\/moto-oprema.com\/en\/wp-json\/wp\/v2\/product_tag?post=64136"}],"curies":[{"name":"wp","href":"https:\/\/api.w.org\/{rel}","templated":true}]}}