{"id":63104,"date":"2024-12-27T10:04:04","date_gmt":"2024-12-27T10:04:04","guid":{"rendered":"https:\/\/moto-oprema.com\/Artikel\/alpinestars-mx-youth-radar-gloves-dark-camo-25\/"},"modified":"2024-12-27T10:04:04","modified_gmt":"2024-12-27T10:04:04","slug":"alpinestars-mx-youth-radar-gloves-dark-camo-25","status":"publish","type":"product","link":"https:\/\/moto-oprema.com\/en\/Artikel\/alpinestars-mx-youth-radar-gloves-dark-camo-25\/","title":{"rendered":"ALPINESTARS MX YOUTH RADAR GLOVES DARK CAMO 25"},"content":{"rendered":"<p>The Radar Youth and Kids Gloves are lightweight and designed with great comfort features, featuring a single-layer construction with a single-layer stretch back and a synthetic suede palm for a high level of comfort and a better feel when handling the bike. For the MX25 line, the Youth &amp; Kids Radar Gloves feature conductive palm and finger material and a convenient seamless closure strap. <\/p>\n<p>Lightweight and designed with excellent comfort features, the Youth &amp; Kids Radar Gloves incorporate a single-layer construction all around, with a single-layer stretch backhand and synthetic suede palm for high levels of comfort and improved feeling with the bike&#8217;s controls. For the MX25 line, the Youth &amp; Kids Radar Gloves have conductive material for the palm and fingers, and a convenient seamless closure strap. <\/p>\n<p>Die Radar-Handschuhe f\u00fcr Jugendliche und Kinder sind leicht und mit ausgezeichneten Komforteigenschaften ausgestattet. Sie verf\u00fcgen \u00fcber eine einlagige Konstruktion mit einer einlagigen Stretch-Oberhand und einer Handfl\u00e4che aus synthetischem Wildleder f\u00fcr hohen Komfort und ein besseres Gef\u00fchl f\u00fcr die Bedienelemente des Motorrads. F\u00fcr die MX25-Linie sind die Youth &amp; Kids Radar Gloves mit leitf\u00e4higem Material auf der Handfl\u00e4che und den Fingern sowie einem praktischen nahtlosen Verschlussband ausgestattet.  <\/p>\n<p>&nbsp;<\/p>\n","protected":false},"excerpt":{"rendered":"<p>Alpinestars MX Youth Radar Gloves<\/p>\n","protected":false},"featured_media":33439,"comment_status":"open","ping_status":"open","template":"","meta":{"_acf_changed":false},"brand":[2110],"gender":[],"product_brand":[],"product_cat":[1434,1454,1455],"product_tag":[],"class_list":{"0":"post-63104","1":"product","2":"type-product","3":"status-publish","4":"has-post-thumbnail","6":"brand-alpinestars-en","7":"product_cat-motocross-equipment","8":"product_cat-mx-gloves","9":"product_cat-mx-gloves-en","10":"pa_size-l-en","11":"pa_size-m-en","12":"pa_size-s-en","13":"pa_size-xs-en","14":"pa_size-xxs-en","15":"pa_size-xxxs-en","17":"first","18":"instock","19":"sale","20":"taxable","21":"shipping-taxable","22":"purchasable","23":"product-type-variable"},"acf":[],"_links":{"self":[{"href":"https:\/\/moto-oprema.com\/en\/wp-json\/wp\/v2\/product\/63104","targetHints":{"allow":["GET"]}}],"collection":[{"href":"https:\/\/moto-oprema.com\/en\/wp-json\/wp\/v2\/product"}],"about":[{"href":"https:\/\/moto-oprema.com\/en\/wp-json\/wp\/v2\/types\/product"}],"replies":[{"embeddable":true,"href":"https:\/\/moto-oprema.com\/en\/wp-json\/wp\/v2\/comments?post=63104"}],"wp:featuredmedia":[{"embeddable":true,"href":"https:\/\/moto-oprema.com\/en\/wp-json\/wp\/v2\/media\/33439"}],"wp:attachment":[{"href":"https:\/\/moto-oprema.com\/en\/wp-json\/wp\/v2\/media?parent=63104"}],"wp:term":[{"taxonomy":"brand","embeddable":true,"href":"https:\/\/moto-oprema.com\/en\/wp-json\/wp\/v2\/brand?post=63104"},{"taxonomy":"gender","embeddable":true,"href":"https:\/\/moto-oprema.com\/en\/wp-json\/wp\/v2\/gender?post=63104"},{"taxonomy":"product_brand","embeddable":true,"href":"https:\/\/moto-oprema.com\/en\/wp-json\/wp\/v2\/product_brand?post=63104"},{"taxonomy":"product_cat","embeddable":true,"href":"https:\/\/moto-oprema.com\/en\/wp-json\/wp\/v2\/product_cat?post=63104"},{"taxonomy":"product_tag","embeddable":true,"href":"https:\/\/moto-oprema.com\/en\/wp-json\/wp\/v2\/product_tag?post=63104"}],"curies":[{"name":"wp","href":"https:\/\/api.w.org\/{rel}","templated":true}]}}