{"id":63063,"date":"2024-12-27T08:52:40","date_gmt":"2024-12-27T08:52:40","guid":{"rendered":"https:\/\/moto-oprema.com\/Artikel\/alpinestars-mx-youth-pants-racer-wurx-blue-black-25\/"},"modified":"2024-12-27T08:52:40","modified_gmt":"2024-12-27T08:52:40","slug":"alpinestars-mx-youth-pants-racer-wurx-blue-black-25","status":"publish","type":"product","link":"https:\/\/moto-oprema.com\/en\/Artikel\/alpinestars-mx-youth-pants-racer-wurx-blue-black-25\/","title":{"rendered":"ALPINESTARS MX YOUTH PANTS RACER WURX BLUE BLACK 25"},"content":{"rendered":"<p>The Youth Racer Veil is made with an advanced blend of stretch fabric inserts at the back waist, crotch and above the knees for greater stretch and new 2025 600D reinforced polyvinyl fabric for even more durability at the seat and knees. New ergonomic design for optimum rider comfort and increased mobility. Goatskin leather inner knee for superior bike feel and improved grip, comfort and warmth and<br \/>\nabrasion resistance. Snap fastening and waist adjustment straps for a secure and customised fit. Internal elasticated waistband helps keep trousers in place.    <\/p>\n<p>The Youth Racer Veil Pants are constructed from an advanced blend of stretch fabric inserts on the back yoke, in the crotch area and above the knees for enhanced stretchability, and new 2025 reinforced 600D polyfabric for even greater durability on the seat and knees. New ergonomic construction for optimal rider comfort and enhanced mobility. Goat leather inner knees for premium feel with the bike and enhanced grip, comfort, as well as heat and<br \/>\nabrasion resistance. Ratchet closure with waist adjustment straps for a secure, personalized fit. Internal elastic waist band helps keep the pants in position.    <\/p>\n<p>Die Youth Racer Veil Pants besteht aus einer fortschrittlichen Mischung aus Stretch-Stoffeins\u00e4tzen an der R\u00fcckenpasse, im Schrittbereich und \u00fcber den Knien f\u00fcr verbesserte Dehnbarkeit und neuem, 2025 verst\u00e4rktem 600D-Polyfabric f\u00fcr noch mehr Strapazierf\u00e4higkeit an Ges\u00e4\u00df und Knien. Neue ergonomische Konstruktion f\u00fcr optimalen Fahrerkomfort und verbesserte Beweglichkeit. Knieinnenseiten aus Ziegenleder f\u00fcr ein erstklassiges Fahrgef\u00fchl und verbesserten Grip, Komfort sowie Hitze- und Abriebfestigkeit. Ratschenverschluss mit Taillenverstellriemen f\u00fcr eine sichere, individuelle Passform. Internes elastisches Taillenband hilft, die Hose in Position zu halten.    <\/p>\n<p>&nbsp;<\/p>\n","protected":false},"excerpt":{"rendered":"<p>Alpinestars Youth Racer Vurx MX Pants<\/p>\n","protected":false},"featured_media":33421,"comment_status":"open","ping_status":"open","template":"","meta":{"_acf_changed":false},"brand":[2110],"gender":[],"product_brand":[],"product_cat":[1434,1440,1447],"product_tag":[],"class_list":{"0":"post-63063","1":"product","2":"type-product","3":"status-publish","4":"has-post-thumbnail","6":"brand-alpinestars-en","7":"product_cat-motocross-equipment","8":"product_cat-mx-pants","9":"product_cat-mx-trousers","10":"pa_size-22-en","11":"pa_size-24-en","12":"pa_size-26-en","13":"pa_size-28-en","15":"first","16":"instock","17":"sale","18":"taxable","19":"shipping-taxable","20":"purchasable","21":"product-type-variable"},"acf":[],"_links":{"self":[{"href":"https:\/\/moto-oprema.com\/en\/wp-json\/wp\/v2\/product\/63063","targetHints":{"allow":["GET"]}}],"collection":[{"href":"https:\/\/moto-oprema.com\/en\/wp-json\/wp\/v2\/product"}],"about":[{"href":"https:\/\/moto-oprema.com\/en\/wp-json\/wp\/v2\/types\/product"}],"replies":[{"embeddable":true,"href":"https:\/\/moto-oprema.com\/en\/wp-json\/wp\/v2\/comments?post=63063"}],"wp:featuredmedia":[{"embeddable":true,"href":"https:\/\/moto-oprema.com\/en\/wp-json\/wp\/v2\/media\/33421"}],"wp:attachment":[{"href":"https:\/\/moto-oprema.com\/en\/wp-json\/wp\/v2\/media?parent=63063"}],"wp:term":[{"taxonomy":"brand","embeddable":true,"href":"https:\/\/moto-oprema.com\/en\/wp-json\/wp\/v2\/brand?post=63063"},{"taxonomy":"gender","embeddable":true,"href":"https:\/\/moto-oprema.com\/en\/wp-json\/wp\/v2\/gender?post=63063"},{"taxonomy":"product_brand","embeddable":true,"href":"https:\/\/moto-oprema.com\/en\/wp-json\/wp\/v2\/product_brand?post=63063"},{"taxonomy":"product_cat","embeddable":true,"href":"https:\/\/moto-oprema.com\/en\/wp-json\/wp\/v2\/product_cat?post=63063"},{"taxonomy":"product_tag","embeddable":true,"href":"https:\/\/moto-oprema.com\/en\/wp-json\/wp\/v2\/product_tag?post=63063"}],"curies":[{"name":"wp","href":"https:\/\/api.w.org\/{rel}","templated":true}]}}