{"id":63050,"date":"2024-12-27T08:21:58","date_gmt":"2024-12-27T08:21:58","guid":{"rendered":"https:\/\/moto-oprema.com\/Artikel\/alpinestars-mx-youth-jersey-racer-veil-bright-red-white-25\/"},"modified":"2024-12-27T08:21:58","modified_gmt":"2024-12-27T08:21:58","slug":"alpinestars-mx-youth-jersey-racer-veil-bright-red-white-25","status":"publish","type":"product","link":"https:\/\/moto-oprema.com\/en\/Artikel\/alpinestars-mx-youth-jersey-racer-veil-bright-red-white-25\/","title":{"rendered":"ALPINESTARS MX YOUTH JERSEY RACER VEIL BRIGHT RED WHITE 25"},"content":{"rendered":"<p>Developed and tested on the toughest terrain around the world, Alpinestars Youth Racer gear is ideal for many types of off-road riding, thanks to its ergonomic construction with pre-curved pattern and lightweight, durable and moisture-wicking technical materials. Designed to provide the optimum level of comfort and durability required by racers and daily riders, the Racer Hollow jersey and pants are available in a range of distinctive and aggressive colour combinations created for the Racer Hollow Gear and Radar Gloves line of gear, providing the perfect look and feel for performance. <\/p>\n<p>Developed and tested on some of the toughest terrains around the globe, the Racer gear is ideal for many forms of off-road riding thanks to the ergonomic pre-curved pattern construction, and its moisture-wicking, lightweight, and durable technical materials. Designed to offer optimal levels of comfort and durability needed by racers and everyday riders, the Racer Hollow Jersey and Pants come in a range of distinctive and aggressive colour combinations created to match the Racer Hollow Gear and Radar Gloves&#8217; line for a total performance look and feel. <\/p>\n<p>Entwickelt und getestet auf einigen der h\u00e4rtesten Terrains rund um den Globus, ist die Racer-Ausr\u00fcstung dank der ergonomischen, vorgeformten Konstruktion und der feuchtigkeitsableitenden, leichten und strapazierf\u00e4higen technischen Materialien ideal f\u00fcr viele Formen des Off-Road-Fahrens. Das Racer Hollow Jersey und die Racer Hollow Pants wurden entwickelt, um ein optimales Ma\u00df an Komfort und Strapazierf\u00e4higkeit zu bieten, das sowohl von Rennfahrern als von Alltagsfahrern ben\u00f6tigt wird. Sie sind in einer Reihe von unverwechselbaren und aggressiven Farbkombinationen erh\u00e4ltlich, die auf die Racer Hollow Gear- und Radar Gloves-Linie abgestimmt sind, um einen Look und ein Gef\u00fchl der totalen Performance zu vermitteln.  <\/p>\n<p>&nbsp;<\/p>\n<p>&nbsp;<\/p>\n","protected":false},"excerpt":{"rendered":"<p>Alpinestars MX Youth Jersey Racer Veil<\/p>\n","protected":false},"featured_media":33379,"comment_status":"open","ping_status":"open","template":"","meta":{"_acf_changed":false},"brand":[2110],"gender":[],"product_brand":[],"product_cat":[1434,1443],"product_tag":[],"class_list":{"0":"post-63050","1":"product","2":"type-product","3":"status-publish","4":"has-post-thumbnail","6":"brand-alpinestars-en","7":"product_cat-motocross-equipment","8":"product_cat-mx-dresi-en","9":"pa_size-l-en","10":"pa_size-m-en","11":"pa_size-s-en","12":"pa_size-xl-en","14":"first","15":"instock","16":"sale","17":"taxable","18":"shipping-taxable","19":"purchasable","20":"product-type-variable"},"acf":[],"_links":{"self":[{"href":"https:\/\/moto-oprema.com\/en\/wp-json\/wp\/v2\/product\/63050","targetHints":{"allow":["GET"]}}],"collection":[{"href":"https:\/\/moto-oprema.com\/en\/wp-json\/wp\/v2\/product"}],"about":[{"href":"https:\/\/moto-oprema.com\/en\/wp-json\/wp\/v2\/types\/product"}],"replies":[{"embeddable":true,"href":"https:\/\/moto-oprema.com\/en\/wp-json\/wp\/v2\/comments?post=63050"}],"wp:featuredmedia":[{"embeddable":true,"href":"https:\/\/moto-oprema.com\/en\/wp-json\/wp\/v2\/media\/33379"}],"wp:attachment":[{"href":"https:\/\/moto-oprema.com\/en\/wp-json\/wp\/v2\/media?parent=63050"}],"wp:term":[{"taxonomy":"brand","embeddable":true,"href":"https:\/\/moto-oprema.com\/en\/wp-json\/wp\/v2\/brand?post=63050"},{"taxonomy":"gender","embeddable":true,"href":"https:\/\/moto-oprema.com\/en\/wp-json\/wp\/v2\/gender?post=63050"},{"taxonomy":"product_brand","embeddable":true,"href":"https:\/\/moto-oprema.com\/en\/wp-json\/wp\/v2\/product_brand?post=63050"},{"taxonomy":"product_cat","embeddable":true,"href":"https:\/\/moto-oprema.com\/en\/wp-json\/wp\/v2\/product_cat?post=63050"},{"taxonomy":"product_tag","embeddable":true,"href":"https:\/\/moto-oprema.com\/en\/wp-json\/wp\/v2\/product_tag?post=63050"}],"curies":[{"name":"wp","href":"https:\/\/api.w.org\/{rel}","templated":true}]}}