{"id":159825,"date":"2025-08-29T10:13:21","date_gmt":"2025-08-29T10:13:21","guid":{"rendered":"https:\/\/moto-oprema.com\/?post_type=product&#038;p=159825"},"modified":"2025-08-29T10:20:09","modified_gmt":"2025-08-29T10:20:09","slug":"alpinestars-mx-jersey-fluid-apex-black-grey-26-kopija","status":"publish","type":"product","link":"https:\/\/moto-oprema.com\/en\/Artikel\/alpinestars-mx-jersey-fluid-apex-black-grey-26-kopija\/","title":{"rendered":"ALPINESTARS MX JERSEY FLUID APEX YELLOW BLACK 26"},"content":{"rendered":"<p>The Fluid line offers MX recreational riders equipment with optimised MX technology, taking advantage of the key design features of the Supertech, Techstar and Racer lines for a comprehensive performance optimised for riding comfort and functionality. Developed and tested on the toughest terrains around the world, Fluid&#8217;s sporty fit is ideal for many types of off-road riding and provides the most relaxed fit of any MX26 equipment line. <\/p>\n<p>The Fluid line offers recreational MX riders gear with optimal MX technology that leverages the key construction features of the Supertech, Techstar, and Racer lines for a total performance look and feel that is optimized for comfort and riding functionality. Developed and tested on some of the toughest terrains around the globe, the sport fit Fluid gear is ideal for many forms of off-road riding and provides the most relaxed fit of all the MX26 gear lines. <\/p>\n<p>Die Fluid-Linie bietet MX-Freizeitfahrern eine Ausr\u00fcstung mit optimaler MX-Technologie, die die die wichtigsten Konstruktionsmerkmale der Supertech-, Techstar- und Racer-Linien f\u00fcr einen leistungsstarken Look und ein angenehmes Fahrgef\u00fchl nutzt, das f\u00fcr Komfort und Funktionalit\u00e4t optimiert ist. Entwickelt und getestet auf einigen der h\u00e4rtesten Terrains rund um den Globus, ist die sportliche Fluid-Linie ideal f\u00fcr viele Formen des Offroad-Fahrens und bietet die entspannteste Passform aller MX26-Linien.<\/p>\n","protected":false},"excerpt":{"rendered":"<p>Alpinestars MX Jersey Fluid APEX<\/p>\n","protected":false},"featured_media":159686,"comment_status":"open","ping_status":"closed","template":"","meta":{"_acf_changed":false},"brand":[2110],"gender":[2167],"product_brand":[],"product_cat":[1434,1443],"product_tag":[],"class_list":{"0":"post-159825","1":"product","2":"type-product","3":"status-publish","4":"has-post-thumbnail","6":"brand-alpinestars-en","7":"gender-moski-en","8":"product_cat-motocross-equipment","9":"product_cat-mx-dresi-en","10":"pa_size-2xl-en","11":"pa_size-l-en","12":"pa_size-m-en","13":"pa_size-s-en","14":"pa_size-xl-en","16":"first","17":"instock","18":"sale","19":"taxable","20":"shipping-taxable","21":"purchasable","22":"product-type-variable"},"acf":[],"_links":{"self":[{"href":"https:\/\/moto-oprema.com\/en\/wp-json\/wp\/v2\/product\/159825","targetHints":{"allow":["GET"]}}],"collection":[{"href":"https:\/\/moto-oprema.com\/en\/wp-json\/wp\/v2\/product"}],"about":[{"href":"https:\/\/moto-oprema.com\/en\/wp-json\/wp\/v2\/types\/product"}],"replies":[{"embeddable":true,"href":"https:\/\/moto-oprema.com\/en\/wp-json\/wp\/v2\/comments?post=159825"}],"wp:featuredmedia":[{"embeddable":true,"href":"https:\/\/moto-oprema.com\/en\/wp-json\/wp\/v2\/media\/159686"}],"wp:attachment":[{"href":"https:\/\/moto-oprema.com\/en\/wp-json\/wp\/v2\/media?parent=159825"}],"wp:term":[{"taxonomy":"brand","embeddable":true,"href":"https:\/\/moto-oprema.com\/en\/wp-json\/wp\/v2\/brand?post=159825"},{"taxonomy":"gender","embeddable":true,"href":"https:\/\/moto-oprema.com\/en\/wp-json\/wp\/v2\/gender?post=159825"},{"taxonomy":"product_brand","embeddable":true,"href":"https:\/\/moto-oprema.com\/en\/wp-json\/wp\/v2\/product_brand?post=159825"},{"taxonomy":"product_cat","embeddable":true,"href":"https:\/\/moto-oprema.com\/en\/wp-json\/wp\/v2\/product_cat?post=159825"},{"taxonomy":"product_tag","embeddable":true,"href":"https:\/\/moto-oprema.com\/en\/wp-json\/wp\/v2\/product_tag?post=159825"}],"curies":[{"name":"wp","href":"https:\/\/api.w.org\/{rel}","templated":true}]}}