{"id":159133,"date":"2025-08-29T07:38:40","date_gmt":"2025-08-29T07:38:40","guid":{"rendered":"https:\/\/moto-oprema.com\/?post_type=product&#038;p=159133"},"modified":"2025-08-29T07:41:59","modified_gmt":"2025-08-29T07:41:59","slug":"alpinestars-mx-pants-fluid-black-light-grey-purple-26-kopija","status":"publish","type":"product","link":"https:\/\/moto-oprema.com\/en\/Artikel\/alpinestars-mx-pants-fluid-black-light-grey-purple-26-kopija\/","title":{"rendered":"ALPINESTARS MX PANTS FLUID ORANGE UCLA BLUE 26"},"content":{"rendered":"<p>The Alpinestars Fluid Haul Pants with a sporty cut provide an optimised level of performance, comfort and freedom of movement in the riding position, thanks to the lightweight polyfabric fabric, stretch cuff panels and pre-curved leg design. The ergonomic cut and the 3D pattern construction ensure superior comfort and mobility for the rider. <\/p>\n<p>The sport fit Fluid Haul Pants offer optimized levels of performance, comfort, and freedom of movement in the riding position, thanks to their polyfabric lightweight chassis, stretch corduroy panels and pre-curved leg design.Ergonomic cut and 3D pattern construction for premium rider comfort and mobility.<\/p>\n<p>Die sportlich geschnittene Fluid Haul Pants bietet ein optimales Ma\u00df an Leistung, Komfort und Bewegungsfreiheit in der Fahrposition, dank des leichten Polyfabric-Chassis, der Stretch-Cord-Eins\u00e4tze und des vorgeformten Beindesigns.Ergonomischer Schnitt und 3D-Muster-Konstruktion f\u00fcr erstklassigen Fahrerkomfort und Mobilit\u00e4t.<\/p>\n","protected":false},"excerpt":{"rendered":"<p>Alpinestars Fluid Grid MX Pants<\/p>\n","protected":false},"featured_media":158868,"comment_status":"open","ping_status":"closed","template":"","meta":{"_acf_changed":false},"brand":[2110],"gender":[2167],"product_brand":[],"product_cat":[1434,1440],"product_tag":[],"class_list":{"0":"post-159133","1":"product","2":"type-product","3":"status-publish","4":"has-post-thumbnail","6":"brand-alpinestars-en","7":"gender-moski-en","8":"product_cat-motocross-equipment","9":"product_cat-mx-pants","10":"pa_size-28-en","11":"pa_size-30-en","12":"pa_size-32-en","13":"pa_size-34-en","14":"pa_size-36-en","15":"pa_size-38-en","16":"pa_size-40-en","18":"first","19":"outofstock","20":"sale","21":"taxable","22":"shipping-taxable","23":"purchasable","24":"product-type-variable"},"acf":[],"_links":{"self":[{"href":"https:\/\/moto-oprema.com\/en\/wp-json\/wp\/v2\/product\/159133","targetHints":{"allow":["GET"]}}],"collection":[{"href":"https:\/\/moto-oprema.com\/en\/wp-json\/wp\/v2\/product"}],"about":[{"href":"https:\/\/moto-oprema.com\/en\/wp-json\/wp\/v2\/types\/product"}],"replies":[{"embeddable":true,"href":"https:\/\/moto-oprema.com\/en\/wp-json\/wp\/v2\/comments?post=159133"}],"wp:featuredmedia":[{"embeddable":true,"href":"https:\/\/moto-oprema.com\/en\/wp-json\/wp\/v2\/media\/158868"}],"wp:attachment":[{"href":"https:\/\/moto-oprema.com\/en\/wp-json\/wp\/v2\/media?parent=159133"}],"wp:term":[{"taxonomy":"brand","embeddable":true,"href":"https:\/\/moto-oprema.com\/en\/wp-json\/wp\/v2\/brand?post=159133"},{"taxonomy":"gender","embeddable":true,"href":"https:\/\/moto-oprema.com\/en\/wp-json\/wp\/v2\/gender?post=159133"},{"taxonomy":"product_brand","embeddable":true,"href":"https:\/\/moto-oprema.com\/en\/wp-json\/wp\/v2\/product_brand?post=159133"},{"taxonomy":"product_cat","embeddable":true,"href":"https:\/\/moto-oprema.com\/en\/wp-json\/wp\/v2\/product_cat?post=159133"},{"taxonomy":"product_tag","embeddable":true,"href":"https:\/\/moto-oprema.com\/en\/wp-json\/wp\/v2\/product_tag?post=159133"}],"curies":[{"name":"wp","href":"https:\/\/api.w.org\/{rel}","templated":true}]}}