{"id":99889,"date":"2024-09-10T10:21:33","date_gmt":"2024-09-10T10:21:33","guid":{"rendered":"https:\/\/moto-oprema.com\/Artikel\/alpinestars-1pc-gp-r7-overall-schwarz-weiss-fl-rot\/"},"modified":"2024-09-10T10:21:33","modified_gmt":"2024-09-10T10:21:33","slug":"alpinestars-1pc-gp-r7-overall-schwarz-weiss-fl-rot","status":"publish","type":"product","link":"https:\/\/moto-oprema.com\/de\/Artikel\/alpinestars-1pc-gp-r7-overall-schwarz-weiss-fl-rot\/","title":{"rendered":"ALPINESTARS 1PC GP-R7 OVERALL SCHWARZ WEISS FL.ROT"},"content":{"rendered":"<p>Die GP-R7 1PC Lederkombi ist f\u00fcr die Rennstrecke und f\u00fcr fortgeschrittene Stra\u00dfenfahrer konzipiert. Sie wurde f\u00fcr den Einsatz auf der Stra\u00dfe oder der Rennstrecke optimiert und besteht aus hochwertigem, 1,3 mm dickem Rennsport-Rindsleder, das f\u00fcr hervorragende Abriebfestigkeit, Flexibilit\u00e4t und Komfort sorgt. Der Anzug ist rennsporttauglich geschnitten und verf\u00fcgt \u00fcber umfangreiche Perforationen, um die Luftzirkulation zu maximieren. Er ist au\u00dferdem mit einer speziell an den Alpinestars Supertech R10 Helm angepassten Stretchfront ausgestattet, um eine optimale aerodynamische Effizienz zu gew\u00e4hrleisten. Die Nucleon PLASMA Pro Schale macht ihn au\u00dferdem extrem sch\u00fctzend.    <\/p>\n<ul>\n<li>1,3 mm dickes, weiches Rindsleder mit doppelten Schichten in kritischen Bereichen f\u00fcr optimale Flexibilit\u00e4t und Abriebfestigkeit.<\/li>\n<li>Er ist mit der Alpinestars Nucleon PLASMA Pro CE Level 2 Panzerung ausgestattet. PLASMA ist ein umweltfreundliches, nachhaltiges und leichtes sto\u00dfd\u00e4mpfendes Material, das nur bei Alpinestars erh\u00e4ltlich ist. Sein innovatives Design bietet ein klassenf\u00fchrendes Niveau an Flexibilit\u00e4t, Atmungsaktivit\u00e4t und Bel\u00fcftung. Anatomisch speziell f\u00fcr diesen Anzug optimiert, bieten diese hochflexiblen Protektoren ein optimales Gleichgewicht zwischen Kraft\u00fcbertragung, Flexibilit\u00e4t und Komfort.<br \/>\nInklusive Alpinestars&#8216; &#8222;Race&#8220; spezifischem Supertech R10 Aero-H\u00f6cker.    <\/li>\n<li>Optimiert f\u00fcr die Verwendung mit Alpinestars Tech-Air\u00ae; Tech-Air\u00ae 5, Tech-Air\u00ae 10 Airbagsystemen und ist kompatibel mit dem neuen Tech-Air\u00ae 7x Airbagsystem.<\/li>\n<li>Stark bel\u00fcftetes Design mit gro\u00dfen Perforationen am Rumpf und an den Oberschenkeln, perforierten Ledereins\u00e4tzen und lokalisierten Perforationen an den Armen f\u00fcr maximale Luftzirkulation, Bel\u00fcftung und Atmungsaktivit\u00e4t.<\/li>\n<li>Vorgeformte Arme, Beine und Torso mit verl\u00e4ngerten, multidirektionalen Lederakkordeons an Schulterbl\u00e4ttern, unterem R\u00fccken und Knien f\u00fcr eine bessere Passform.<\/li>\n<li>Die Kevlar\u00ae-Griffzone ist strategisch an der Innenseite des Knies platziert, um ein optimales Gef\u00fchl und Kontakt mit dem Motorradtank zu gew\u00e4hrleisten.<\/li>\n<li>Kevlar\u00ae ist eine Marke von Tochtergesellschaften von DuPont de Nemours, Inc. und wird unter Lizenz von Alpinestars S.p.A. verwendet.<\/li>\n<\/ul>\n<p>SICHERHEIT:<\/p>\n<ul>\n<li>CE Level 2 Nucleon PLASMA Pro an Ellbogen, Schultern, Knien und Schienbeinen (Pro Knee Long); ein umweltfreundliches und nachhaltiges, ultraweiches, sto\u00dfd\u00e4mpfendes Material, das aus einer Mischung aus biobasierten Materialien und Hochleistungs-Polyurethan besteht und f\u00fcr hervorragende Flexibilit\u00e4t und eine bessere Passform sorgt, w\u00e4hrend es gleichzeitig sehr gut bel\u00fcftet ist und eine hervorragende Luftzirkulation und Atmungsaktivit\u00e4t gew\u00e4hrleistet.<\/li>\n<li>Der Nucleon PLASMA Pro Knieprotektor hat ein erweitertes Design, das sowohl das Knie als auch das Schienbein abdeckt. Er wurde mit Hilfe fortschrittlicher Bodymapping-Technologie entwickelt, um ein optimales Gleichgewicht zwischen Schutzabdeckung und Flexibilit\u00e4t zu erreichen, und ist speziell f\u00fcr die Kompatibilit\u00e4t mit diesem Anzug anatomisch geformt.<\/li>\n<li>Die PLASMA R\u00fcstung ist in drei verschiedenen Gr\u00f6\u00dfen f\u00fcr eine pr\u00e4zise Passform erh\u00e4ltlich.<\/li>\n<li>Dieser Anzug kann auch mit den Nucleon PLASMA Race Brust- und R\u00fcckenprotektoren Level 2 CE ausgestattet werden, die als optionales Upgrade erh\u00e4ltlich sind. <\/li>\n<li>Eingebaute GP DFS Schulter- und Kniesch\u00fctzer mit doppelter Dichte und DFS RR Ellbogensch\u00fctzer mit austauschbarem Einsatz f\u00fcr hervorragende Reibungskontrolle.<\/li>\n<li>Der GP-R 7 ist mit dem neuen Tech-Air\u00ae 7x Airbagsystem kompatibel und wurde speziell f\u00fcr die Aufnahme des kabelgebundenen Tech-Air\u00ae 7x LED-Bildschirms (als Zubeh\u00f6r erh\u00e4ltlich) entwickelt. Au\u00dferdem ist er mit einer Tech-Air\u00ae 10 Bluetooth-Bildschirmtasche ausgestattet.<\/li>\n<li>Vollst\u00e4ndig CE-zertifizierter Fahranzug &#8211; Kategorie II EN 17092-2:2020 &#8211; Klasse <strong>AAA<\/strong>.<\/li>\n<\/ul>\n<p>&nbsp;<\/p>\n","protected":false},"excerpt":{"rendered":"<p>Farbe: Schwarz-Wei\u00df-Rot Fluo<\/p>\n","protected":false},"featured_media":30352,"comment_status":"open","ping_status":"open","template":"","meta":{"_acf_changed":false},"brand":[2111],"gender":[],"product_brand":[],"product_cat":[2220,1357],"product_tag":[],"class_list":{"0":"post-99889","1":"product","2":"type-product","3":"status-publish","4":"has-post-thumbnail","6":"brand-alpinestars-de","7":"product_cat-1-teilige-latzhose","8":"product_cat-ausrustung-fur-motorradfahrer","9":"pa_size-44-de","10":"pa_size-46-de","11":"pa_size-48-de","12":"pa_size-50-de","13":"pa_size-52-de","14":"pa_size-54-de","15":"pa_size-56-de","16":"pa_size-58-de","17":"pa_size-60-de","19":"first","20":"outofstock","21":"sale","22":"taxable","23":"shipping-taxable","24":"purchasable","25":"product-type-variable"},"acf":[],"_links":{"self":[{"href":"https:\/\/moto-oprema.com\/de\/wp-json\/wp\/v2\/product\/99889","targetHints":{"allow":["GET"]}}],"collection":[{"href":"https:\/\/moto-oprema.com\/de\/wp-json\/wp\/v2\/product"}],"about":[{"href":"https:\/\/moto-oprema.com\/de\/wp-json\/wp\/v2\/types\/product"}],"replies":[{"embeddable":true,"href":"https:\/\/moto-oprema.com\/de\/wp-json\/wp\/v2\/comments?post=99889"}],"wp:featuredmedia":[{"embeddable":true,"href":"https:\/\/moto-oprema.com\/de\/wp-json\/wp\/v2\/media\/30352"}],"wp:attachment":[{"href":"https:\/\/moto-oprema.com\/de\/wp-json\/wp\/v2\/media?parent=99889"}],"wp:term":[{"taxonomy":"brand","embeddable":true,"href":"https:\/\/moto-oprema.com\/de\/wp-json\/wp\/v2\/brand?post=99889"},{"taxonomy":"gender","embeddable":true,"href":"https:\/\/moto-oprema.com\/de\/wp-json\/wp\/v2\/gender?post=99889"},{"taxonomy":"product_brand","embeddable":true,"href":"https:\/\/moto-oprema.com\/de\/wp-json\/wp\/v2\/product_brand?post=99889"},{"taxonomy":"product_cat","embeddable":true,"href":"https:\/\/moto-oprema.com\/de\/wp-json\/wp\/v2\/product_cat?post=99889"},{"taxonomy":"product_tag","embeddable":true,"href":"https:\/\/moto-oprema.com\/de\/wp-json\/wp\/v2\/product_tag?post=99889"}],"curies":[{"name":"wp","href":"https:\/\/api.w.org\/{rel}","templated":true}]}}