{"id":99829,"date":"2024-09-10T08:53:06","date_gmt":"2024-09-10T08:53:06","guid":{"rendered":"https:\/\/moto-oprema.com\/Artikel\/alpinestars-stella-smx-6-v3-schwarz\/"},"modified":"2024-09-10T08:53:06","modified_gmt":"2024-09-10T08:53:06","slug":"alpinestars-stella-smx-6-v3-schwarz","status":"publish","type":"product","link":"https:\/\/moto-oprema.com\/de\/Artikel\/alpinestars-stella-smx-6-v3-schwarz\/","title":{"rendered":"ALPINESTARS STELLA SMX-6 V3 SCHWARZ"},"content":{"rendered":"<p>Ausgestattet mit einer Vielzahl innovativer Sicherheits- und Schutzfunktionen ist der Alpinestars Stella (Damenmodell) SMX-6 v3 der ultimative Allrounder f\u00fcr die Rennstrecke und f\u00fcr Performance-Fahrten. Er enth\u00e4lt im Rennsport entwickelte Technologien und Materialien, um Fahrern einen entscheidenden Leistungsvorteil auf der Strecke und auf der Stra\u00dfe zu verschaffen.<br \/>\nFortschrittliche Mikrofaser-Obermaterialkonstruktion f\u00fcr ein leichtes Ma\u00df an Flexibilit\u00e4t. Die neuen vorderen und hinteren Flexzonen bestehen aus Textil, das mit weichem TPU \u00fcberzogen ist, um die Bewegungsfreiheit zu verbessern und die nat\u00fcrliche Vorw\u00e4rtsbewegung zu f\u00f6rdern. Alpinestars bietet biomechanische Unterst\u00fctzung und Schutz zwischen dem seitlichen und oberen Teil des Schuhs, dem Schienbein und dem Kn\u00f6chel, f\u00fcr eine hervorragende Kn\u00f6chelartikulation, w\u00e4hrend Hypertorsion, Hyper-Extension und Hyperflexion begrenzt werden und die Achillessehne und der Kn\u00f6chel beim Aufprall gesch\u00fctzt werden.<br \/>\nDas Alpinestars Lace-Lock System besteht aus einem dehnbaren Polymerharz, das einen schnellen, pr\u00e4zisen und sicheren Verschluss gew\u00e4hrleistet.<br \/>\nEr ist mit einem neuen TPU-Zahnradbereich ausgestattet, der f\u00fcr besseren Schutz auf der unteren medialen Seite sorgt.<br \/>\nDer neue, strategisch platzierte TPU-Schienbeinschutz im Wettkampfdesign bietet eine hervorragende Sto\u00df- und Abriebfestigkeit.<br \/>\nDer TPU-Kn\u00f6chelschutz mit doppelter Dichte ist strategisch zwischen dem Obermaterial und dem gepolsterten Fu\u00dfbett platziert und bietet strategischen Schutz in wichtigen Bereichen.<br \/>\nDer austauschbare TPU-Zehenschieber mit doppelter Dichte und Schraubverschluss bietet umfassenden Schutz um den \u00e4u\u00dferen Teil der Zehen und ist gleichzeitig extrem flexibel f\u00fcr den Gehkomfort.<br \/>\nDie austauschbare Fersenrutsche und die externe seitliche Fersenrutsche sind strategisch platziert, um eine optimale Streuung und Sto\u00dfd\u00e4mpfung zu gew\u00e4hrleisten und gleichzeitig das Gleiten im Falle eines Unfalls zu f\u00f6rdern.<br \/>\nDer SMX-6 v3 Schuh ist CE-zertifiziert gem\u00e4\u00df EN 13634:2017.<\/p>\n<ul>\n<li>Der SMX-6 V2 Boot ist CE-zertifiziert.<\/li>\n<\/ul>\n<p>Mikrofaser, TPU, Lycra<\/p>\n","protected":false},"excerpt":{"rendered":"<p>Alpinestars Stella SMX-6 V3 Damenmodell !<\/p>\n","protected":false},"featured_media":30298,"comment_status":"open","ping_status":"open","template":"","meta":{"_acf_changed":false},"brand":[2111],"gender":[],"product_brand":[],"product_cat":[1357,2043,2051],"product_tag":[],"class_list":{"0":"post-99829","1":"product","2":"type-product","3":"status-publish","4":"has-post-thumbnail","6":"brand-alpinestars-de","7":"product_cat-ausrustung-fur-motorradfahrer","8":"product_cat-schuhe","9":"product_cat-sportliches-schuhwerk","10":"pa_size-37-de","11":"pa_size-38-de","12":"pa_size-39-de","13":"pa_size-40-de","14":"pa_size-41-de","15":"pa_size-42-de","16":"pa_size-43-de","18":"first","19":"instock","20":"sale","21":"taxable","22":"shipping-taxable","23":"purchasable","24":"product-type-variable"},"acf":[],"_links":{"self":[{"href":"https:\/\/moto-oprema.com\/de\/wp-json\/wp\/v2\/product\/99829","targetHints":{"allow":["GET"]}}],"collection":[{"href":"https:\/\/moto-oprema.com\/de\/wp-json\/wp\/v2\/product"}],"about":[{"href":"https:\/\/moto-oprema.com\/de\/wp-json\/wp\/v2\/types\/product"}],"replies":[{"embeddable":true,"href":"https:\/\/moto-oprema.com\/de\/wp-json\/wp\/v2\/comments?post=99829"}],"wp:featuredmedia":[{"embeddable":true,"href":"https:\/\/moto-oprema.com\/de\/wp-json\/wp\/v2\/media\/30298"}],"wp:attachment":[{"href":"https:\/\/moto-oprema.com\/de\/wp-json\/wp\/v2\/media?parent=99829"}],"wp:term":[{"taxonomy":"brand","embeddable":true,"href":"https:\/\/moto-oprema.com\/de\/wp-json\/wp\/v2\/brand?post=99829"},{"taxonomy":"gender","embeddable":true,"href":"https:\/\/moto-oprema.com\/de\/wp-json\/wp\/v2\/gender?post=99829"},{"taxonomy":"product_brand","embeddable":true,"href":"https:\/\/moto-oprema.com\/de\/wp-json\/wp\/v2\/product_brand?post=99829"},{"taxonomy":"product_cat","embeddable":true,"href":"https:\/\/moto-oprema.com\/de\/wp-json\/wp\/v2\/product_cat?post=99829"},{"taxonomy":"product_tag","embeddable":true,"href":"https:\/\/moto-oprema.com\/de\/wp-json\/wp\/v2\/product_tag?post=99829"}],"curies":[{"name":"wp","href":"https:\/\/api.w.org\/{rel}","templated":true}]}}