{"id":99550,"date":"2024-08-21T13:18:18","date_gmt":"2024-08-21T13:18:18","guid":{"rendered":"https:\/\/moto-oprema.com\/Artikel\/dainese-mistel-2pc-schwarz-weiss-56\/"},"modified":"2024-08-21T13:18:18","modified_gmt":"2024-08-21T13:18:18","slug":"dainese-mistel-2pc-schwarz-weiss-56","status":"publish","type":"product","link":"https:\/\/moto-oprema.com\/de\/Artikel\/dainese-mistel-2pc-schwarz-weiss-56\/","title":{"rendered":"DAINESE MISTEL 2PC SCHWARZ\/WEISS 56"},"content":{"rendered":"<p>Dainese Mistel 2-teiliger Overall Schwarz-Matt \/ Wei\u00df \/ Schwarz-Matt. Zweiteiliger Overall aus Tutu-Rindsleder und bi-elastischem S1-Gewebe. Dieser \u00e4u\u00dferst vielseitige Rennoverall bietet maximalen Schutz und Komfort beim Fahren. Er verf\u00fcgt \u00fcber Level 2-Schutz an Schultern, Ellbogen, Knien und H\u00fcften und Aluminiumeins\u00e4tze an den Schultern. Mit seitlichen Bel\u00fcftungs\u00f6ffnungen, aerodynamischem H\u00f6cker und Nanofeel-Innenfutter f\u00fcr erh\u00f6hten Komfort. Mit Mistel k\u00f6nnen Sie immer Ihre beste Leistung erbringen.     <\/p>\n<h3>Hauptmerkmale:<\/h3>\n<h4>Materialien:<\/h4>\n<ul>\n<li>Tutu aus Rindsleder.<\/li>\n<li>S1 bi-elastischer Stoff.<\/li>\n<\/ul>\n<h4>Schutz:<\/h4>\n<ul>\n<li>Schulter-, Ellbogen- und Knieschoner aus Verbundwerkstoff, zertifiziert nach EN 1621.1, Stufe 2.<\/li>\n<li>Weiche Seitenprotektoren, zertifiziert nach EN 1621.1, Stufe 2.<\/li>\n<li>Thermogeformte Basis auf Schultern mit austauschbaren Aluminiumeins\u00e4tzen.<\/li>\n<li>Auswechselbare Schieber an den Knien.<\/li>\n<\/ul>\n<h4>Ergonomie:<\/h4>\n<ul>\n<li>Elastische Eins\u00e4tze.<\/li>\n<li>Weiche, nahtlose, thermogeformte Eins\u00e4tze.<\/li>\n<li>Aerodynamischer Buckel.<\/li>\n<li>Hochfester 10 mm YKK-Verbindungsrei\u00dfverschluss zwischen Jacke und Hose.<\/li>\n<li>System zum Befestigen von Overalls an Stiefeln.<\/li>\n<li>Doppelter Rei\u00dfverschluss am Ende der Hose.<\/li>\n<\/ul>\n<h4>Temperatur:<\/h4>\n<ul>\n<li>Herausnehmbares Nanofeel\u00ae-Futter mit Silber-Ionen.<\/li>\n<li>Rei\u00dfverschl\u00fcsse an den Seitenschlitzen f\u00fcr bessere Bel\u00fcftung.<\/li>\n<\/ul>\n<h4>Genehmigung:<\/h4>\n<ul>\n<li>Der Schutzanzug ist nach CE prEN 17092 zertifiziert.<\/li>\n<\/ul>\n","protected":false},"excerpt":{"rendered":"<p>Dainese Mistel 2-teiliger Anzug &nbsp;<\/p>\n","protected":false},"featured_media":29663,"comment_status":"open","ping_status":"closed","template":"","meta":{"_acf_changed":false},"brand":[2113],"gender":[],"product_brand":[],"product_cat":[2175,1357,2176],"product_tag":[],"class_list":{"0":"post-99550","1":"product","2":"type-product","3":"status-publish","4":"has-post-thumbnail","6":"brand-dainese-de","7":"product_cat-2-teilige-latzhose","8":"product_cat-ausrustung-fur-motorradfahrer","9":"product_cat-latzhose","10":"pa_size-56-de","12":"first","13":"instock","14":"sale","15":"sold-individually","16":"taxable","17":"shipping-taxable","18":"purchasable","19":"product-type-variable"},"acf":[],"_links":{"self":[{"href":"https:\/\/moto-oprema.com\/de\/wp-json\/wp\/v2\/product\/99550","targetHints":{"allow":["GET"]}}],"collection":[{"href":"https:\/\/moto-oprema.com\/de\/wp-json\/wp\/v2\/product"}],"about":[{"href":"https:\/\/moto-oprema.com\/de\/wp-json\/wp\/v2\/types\/product"}],"replies":[{"embeddable":true,"href":"https:\/\/moto-oprema.com\/de\/wp-json\/wp\/v2\/comments?post=99550"}],"wp:featuredmedia":[{"embeddable":true,"href":"https:\/\/moto-oprema.com\/de\/wp-json\/wp\/v2\/media\/29663"}],"wp:attachment":[{"href":"https:\/\/moto-oprema.com\/de\/wp-json\/wp\/v2\/media?parent=99550"}],"wp:term":[{"taxonomy":"brand","embeddable":true,"href":"https:\/\/moto-oprema.com\/de\/wp-json\/wp\/v2\/brand?post=99550"},{"taxonomy":"gender","embeddable":true,"href":"https:\/\/moto-oprema.com\/de\/wp-json\/wp\/v2\/gender?post=99550"},{"taxonomy":"product_brand","embeddable":true,"href":"https:\/\/moto-oprema.com\/de\/wp-json\/wp\/v2\/product_brand?post=99550"},{"taxonomy":"product_cat","embeddable":true,"href":"https:\/\/moto-oprema.com\/de\/wp-json\/wp\/v2\/product_cat?post=99550"},{"taxonomy":"product_tag","embeddable":true,"href":"https:\/\/moto-oprema.com\/de\/wp-json\/wp\/v2\/product_tag?post=99550"}],"curies":[{"name":"wp","href":"https:\/\/api.w.org\/{rel}","templated":true}]}}