{"id":99516,"date":"2024-08-21T12:30:33","date_gmt":"2024-08-21T12:30:33","guid":{"rendered":"https:\/\/moto-oprema.com\/Artikel\/shoei-j-cruise-3-whizzy-tc-1\/"},"modified":"2024-08-21T12:30:33","modified_gmt":"2024-08-21T12:30:33","slug":"shoei-j-cruise-3-whizzy-tc-1","status":"publish","type":"product","link":"https:\/\/moto-oprema.com\/de\/Artikel\/shoei-j-cruise-3-whizzy-tc-1\/","title":{"rendered":"SHOEI J-CRUISE 3 WHIZZY TC-1"},"content":{"rendered":"<h5>PREMIUM JET HELM<\/h5>\n<p>Der SHOEI J-Cruise3 Premium-Jethelm er\u00f6ffnet neue Perspektiven f\u00fcr das t\u00e4gliche Fahren in der Stadt, entspanntes Cruisen oder l\u00e4ngere Motorradreisen.<\/p>\n<p>Die gro\u00dfe Panoramascheibe erm\u00f6glicht eine nahezu ungehinderte Sicht, w\u00e4hrend die integrierte, stufenlos verstellbare Sonnenblende einen effektiven Blendschutz bietet. Das leistungsstarke Bel\u00fcftungssystem h\u00e4lt Sie auch bei Fahrten durch hei\u00dfe Stra\u00dfenschluchten angenehm k\u00fchl. <\/p>\n<p>Die COMLINK-Schnittstelle erm\u00f6glicht eine nahtlose Integration mit dem SRL3-Kommunikationssystem von SENA, so dass Sie w\u00e4hrend der Fahrt in Verbindung bleiben und auf dem Laufenden bleiben k\u00f6nnen.<\/p>\n<p>Der SHOEI J-Cruise3 Helm ist nach der Pr\u00fcfnorm ECE-R 22.06 zugelassen und erf\u00fcllt somit die neuesten Sicherheitsanforderungen.<\/p>\n<h4>SEHEN<\/h4>\n<p>Der CJ-2 Panoramasucher von hoher optischer Qualit\u00e4t bietet eine nahezu uneingeschr\u00e4nkte Sicht in horizontaler und vertikaler Richtung, ohne Verzerrung auch am Rande des Sichtfeldes. Er reduziert das Eindringen von mehr als 99% der UV-Strahlung in das Innere des Helms. <\/p>\n<p>Ein Spoiler am unteren Rand des Visiers verhindert das Eindringen von unangenehmem Wind und stabilisiert das Visier gegen Verdrehung. Wenn das Visier in der stabilen ersten Position leicht ge\u00f6ffnet ist, l\u00e4sst es frische Luft in den Helm eindringen, was das Beschlagen des Visiers bei langsamer Fahrt reduziert. Das optionale PINLOCK EVO-Visier reduziert effektiv die Tendenz des Visiers, bei ung\u00fcnstigen Wetterbedingungen zu beschlagen.  <\/p>\n<p>Eine Verriegelungsfunktion verhindert, dass das Visier ungewollt ge\u00f6ffnet wird.<\/p>\n<p>Die integrierte hochwertige QSV-2 Sonnenblende des SHOEI J-Cruise3 Helms ist stufenlos verstellbar. Es deckt fast das gesamte nutzbare Sichtfeld ab und kann einfach und werkzeuglos durch das optionale gelbe Visier ersetzt werden, um den Kontrast zu erh\u00f6hen. <\/p>\n<p>F\u00fcr noch mehr Blendschutz sind ein dunkel gef\u00e4rbtes Visier und ein Helmvisieraufsatz erh\u00e4ltlich.<\/p>\n<h4>TRAGEKOMFORT<\/h4>\n<p>Die breite \u00d6ffnung des SHOEI J-Cruise3 Helms erleichtert das Auf- und Absetzen des Helms. Die markant geformte Polsterung unterst\u00fctzt die Luftzirkulation im Helm, ebenso wie die dreidimensional geformten Wangenpolster und die Kinnriemenpolsterung, die vollst\u00e4ndig abnehmbar und waschbar sind. <\/p>\n<p>Abnehmbare Ohrpolster tragen effektiv zur L\u00e4rmreduzierung bei.<\/p>\n<p>Der angenehm schmale Kinnriemen mit Mikroschnalle aus Edelstahl ist einfach zu bedienen und h\u00e4lt den Helm sicher in Position. Der minimale Anhebungswinkel des Ausl\u00f6sehebels verhindert ein versehentliches \u00d6ffnen des Kinnriemens. <\/p>\n<p>Mit alternativen Kopf- und Wangenpolstern in verschiedenen Dicken k\u00f6nnen Sie den Helm an Ihre individuelle Kopfform anpassen.<\/p>\n<p>Ein separat zug\u00e4ngliches Polster, das in die Oberseite des Kopfes eingesetzt wird, erm\u00f6glicht auch die Einstellung der vertikalen Passform des Helms.<\/p>\n<h4>SICHERHEIT<\/h4>\n<p>Das bew\u00e4hrte AIM (Advanced Integrated Matrix) Verbundmaterial erm\u00f6glicht eine kompakte und leichte Konstruktion der Au\u00dfenschale des SHOEI J-Cruise3 Helms. In Kombination mit einem Polystyrolkern, der aus mehreren Elementen mit unterschiedlichen Absorptionskapazit\u00e4ten besteht, bietet die Helmschale Schutz und Sicherheit. Sie erf\u00fcllt die hohen Anforderungen der neuen Pr\u00fcfnorm ECE-R 22.06 f\u00fcr Motorradhelme.  <\/p>\n<p>Die 3 verschiedenen Gr\u00f6\u00dfen der Au\u00dfenschalen (XS-M | L | XL-XXL) erm\u00f6glichen es dem SHOEI J-Cruise3, ein breites Gr\u00f6\u00dfenspektrum mit einem optimalen Verh\u00e4ltnis zwischen Helm und K\u00f6rpergr\u00f6\u00dfe abzudecken.<\/p>\n<h4>L\u00dcFTUNG<\/h4>\n<p>Die Bel\u00fcftungs\u00f6ffnungen (3 in, 3 out), die optimal im Bereich des Luftstroms positioniert sind, erh\u00f6hen die Kapazit\u00e4t der Bel\u00fcftungs\u00f6ffnungen um ca. 70% im Vergleich zum Vorg\u00e4ngermodell und reduzieren die Temperatur und Feuchtigkeit im Inneren des Helms erheblich.<\/p>\n<p>Die markant geformten, gro\u00dfen L\u00fcftungsregler erm\u00f6glichen eine pr\u00e4zise Anpassung der L\u00fcftung an die thermischen Bedingungen.<\/p>\n<h4>ANH\u00c4NGE<\/h4>\n<p>Als Alternative zum SHOEI J-Cruise3 Helm ist ein dunkel gef\u00e4rbtes Visier erh\u00e4ltlich, das gem\u00e4\u00df den ECE-Zulassungsrichtlinien verwendet werden kann. Die separat erh\u00e4ltlichen PINLOCK EVO Anti-Beschlag-Gl\u00e4ser k\u00f6nnen an den f\u00fcr diesen Helm geeigneten Visieren angebracht werden. <\/p>\n<p>Das integrierte dunkel gef\u00e4rbte Sonnenvisier des QSV-2 kann durch ein gelbes Visier ersetzt werden, um den Kontrast zu erh\u00f6hen.<\/p>\n<p>Das SHOEI Zubeh\u00f6rsortiment umfasst auch Kinnriemenpolster sowie Wangen- und Kopfpolster in verschiedenen Gr\u00f6\u00dfen und St\u00e4rken, die gegen das Original ausgetauscht oder an den Helm angepasst werden k\u00f6nnen. Die vertikale Passform des Helms kann mit einem einsteckbaren Polster f\u00fcr den Oberkopf angepasst werden. <\/p>\n<p>Das Kommunikationssystem SRL3 Mesh von SENA aus dem SHOEI-Zubeh\u00f6rsortiment kann in die nahtlose COMLINK-Schnittstelle des SHOEI J-Cruise3-Helms integriert werden. Wenn es mit einem Mobiltelefon, einem Navigationsger\u00e4t oder anderen Intercom-Ger\u00e4ten verbunden ist, bietet das SRL3 Mesh Informationen und Unterhaltung w\u00e4hrend der Fahrt und passt dabei fast unsichtbar in die Schale des SHOEI J-Cruise3-Helms. Mit Premium-Lautsprechern, einem hochwertigen Mikrofon und einem erstklassigen Harman\/Kardon-Soundsystem liefert das SRL3 Mesh satten Klang und kristallklare Sprach\u00fcbertragung. Aussparungen f\u00fcr die Ohren und fertige Kabelwege machen die Installation schnell und einfach.   <\/p>\n<p>Der separat zug\u00e4ngliche Adapter erm\u00f6glicht die Verwendung von SRL2- oder SRL-Mesh-Kommunikationssystemen aus dem SHOEI-Zubeh\u00f6rsortiment.<\/p>\n<h4>UMFANG DER LIEFERUNG<\/h4>\n<p>Der SHOEI J-Cruise3 Helm wird mit einer originalen SHOEI-Tasche zur sorgf\u00e4ltigen Aufbewahrung des Helms, Ersatzstiften f\u00fcr die PINLOCK-Glasbefestigung, einem Wartungswerkzeug, das f\u00fcr die Installation des SRL-Kommunikationssystems n\u00fctzlich ist, SHOEI-Logoaufklebern und Silikon\u00f6l zur Pflege der Visierdichtung und des Mechanismus geliefert.<\/p>\n<p>Im Handbuch zum Helm und in der Brosch\u00fcre &#8222;So verwenden Sie Ihren Helm richtig&#8220; finden Sie wertvolle Informationen zur Verwendung, Wartung und Pflege des SHOEI J-Cruise3 Helms.<\/p>\n<h4>AUSZUG AUS DEM ANGEBOT DER ZUSATZSTOFFE<\/h4>\n<p>F\u00fcr den SHOEI J-Cruise3 ist eine gro\u00dfe Auswahl an Zubeh\u00f6r und Ersatzteilen erh\u00e4ltlich, darunter:<\/p>\n<ul>\n<li>CJ-2 Visiere in klarer und dunkler Ausf\u00fchrung*.<\/li>\n<li>PINLOCK EVO Anti-Beschlag-Glas<\/li>\n<li>QSV-2 Sonnenvisiere in dunkler und gelber Ausf\u00fchrung<\/li>\n<li>Wangenpolster in verschiedenen Dicken als Ersatz f\u00fcr die Originalpolster oder zur individuellen Anpassung des Helms<\/li>\n<li>Kopfpolster in verschiedenen Gr\u00f6\u00dfen und Dicken als Ersatz f\u00fcr die Originalpolster oder zur individuellen Anpassung des Helms<\/li>\n<li>Pads zum Einstellen der H\u00f6he des Kopfpolsters<\/li>\n<li>Polsterung f\u00fcr Kinnriemen<\/li>\n<li>SENAs SRL3 Mesh-Kommunikationssystem<\/li>\n<li>Adapter* f\u00fcr die Installation des SRL2 oder SRL Mesh Kommunikationssystems von SENA<\/li>\n<\/ul>\n<p>*Beachten Sie die Informationen zur Einhaltung von ECE-R 22.06.<\/p>\n","protected":false},"excerpt":{"rendered":"<p>Premium Jet-Helm. Einer der besten auf dem Markt<\/p>\n","protected":false},"featured_media":29647,"comment_status":"open","ping_status":"open","template":"","meta":{"_acf_changed":false},"brand":[2126],"gender":[2173],"product_brand":[],"product_cat":[1357,1360,2331],"product_tag":[],"class_list":{"0":"post-99516","1":"product","2":"type-product","3":"status-publish","4":"has-post-thumbnail","6":"brand-shoei-de","7":"gender-unisex-de","8":"product_cat-ausrustung-fur-motorradfahrer","9":"product_cat-helme","10":"product_cat-jet-de","11":"pa_size-l-de","12":"pa_size-m-de","13":"pa_size-s-de","14":"pa_size-xl-de","15":"pa_size-xs-de","16":"pa_size-xxl-de","18":"first","19":"instock","20":"taxable","21":"shipping-taxable","22":"purchasable","23":"product-type-variable"},"acf":[],"_links":{"self":[{"href":"https:\/\/moto-oprema.com\/de\/wp-json\/wp\/v2\/product\/99516","targetHints":{"allow":["GET"]}}],"collection":[{"href":"https:\/\/moto-oprema.com\/de\/wp-json\/wp\/v2\/product"}],"about":[{"href":"https:\/\/moto-oprema.com\/de\/wp-json\/wp\/v2\/types\/product"}],"replies":[{"embeddable":true,"href":"https:\/\/moto-oprema.com\/de\/wp-json\/wp\/v2\/comments?post=99516"}],"wp:featuredmedia":[{"embeddable":true,"href":"https:\/\/moto-oprema.com\/de\/wp-json\/wp\/v2\/media\/29647"}],"wp:attachment":[{"href":"https:\/\/moto-oprema.com\/de\/wp-json\/wp\/v2\/media?parent=99516"}],"wp:term":[{"taxonomy":"brand","embeddable":true,"href":"https:\/\/moto-oprema.com\/de\/wp-json\/wp\/v2\/brand?post=99516"},{"taxonomy":"gender","embeddable":true,"href":"https:\/\/moto-oprema.com\/de\/wp-json\/wp\/v2\/gender?post=99516"},{"taxonomy":"product_brand","embeddable":true,"href":"https:\/\/moto-oprema.com\/de\/wp-json\/wp\/v2\/product_brand?post=99516"},{"taxonomy":"product_cat","embeddable":true,"href":"https:\/\/moto-oprema.com\/de\/wp-json\/wp\/v2\/product_cat?post=99516"},{"taxonomy":"product_tag","embeddable":true,"href":"https:\/\/moto-oprema.com\/de\/wp-json\/wp\/v2\/product_tag?post=99516"}],"curies":[{"name":"wp","href":"https:\/\/api.w.org\/{rel}","templated":true}]}}