{"id":99498,"date":"2024-08-21T12:18:11","date_gmt":"2024-08-21T12:18:11","guid":{"rendered":"https:\/\/moto-oprema.com\/Artikel\/shoei-neotec-3-anthem-tc-5\/"},"modified":"2024-08-21T12:18:11","modified_gmt":"2024-08-21T12:18:11","slug":"shoei-neotec-3-anthem-tc-5","status":"publish","type":"product","link":"https:\/\/moto-oprema.com\/de\/Artikel\/shoei-neotec-3-anthem-tc-5\/","title":{"rendered":"SHOEI NEOTEC 3 Anthem TC-5"},"content":{"rendered":"<p><span class=\"HwtZe\" lang=\"sl\"><span class=\"jCAhz ChMk0b\"><span class=\"ryNqvb\">SHOEI Mit dem NEOTEC 3 setzt SHOEI seine Serie erfolgreicher Modelle von Toggle-Helmen mit &#8222;TEC&#8220; im Namen fort.<\/span><\/span> <span class=\"jCAhz ChMk0b\"><span class=\"ryNqvb\">Ob im t\u00e4glichen Stadtverkehr, auf abendlichen Ausfl\u00fcgen in windige Gegenden oder auf langen Motorradtouren &#8211; der NEOTEC 3 besticht durch seine hervorragende Allround-Performance.<\/span><\/span> <span class=\"jCAhz ChMk0b\"><span class=\"ryNqvb\">Sein gro\u00dfer integrierter QSV-2 Sonnenschirm bietet einen hervorragenden Blendschutz, auch bei tief stehender Sonne.<\/span><\/span> <span class=\"jCAhz ChMk0b\"><span class=\"ryNqvb\">Zertifiziert nach der aktuellen Pr\u00fcfnorm ECE-R 22.06, ist NEOTEC3 dank der P\/J-Zulassung bei angepasster Geschwindigkeit auch f\u00fcr die Verwendung mit einem offenen Kinn geeignet.<\/span><\/span> <span class=\"jCAhz ChMk0b\"><span class=\"ryNqvb\">Wenn der Helm vollst\u00e4ndig geschlossen ist, sorgt ein integriertes, tief verzweigtes Bel\u00fcftungssystem f\u00fcr frische Luft und K\u00fchlung.<\/span><\/span> <span class=\"jCAhz ChMk0b\"><span class=\"ryNqvb\">Die revolution\u00e4re SHOEI COMLINK Schnittstelle erm\u00f6glicht die vollst\u00e4ndige Integration des SENA SRL3 MESH Kommunikationssystems.<\/span><\/span> <span class=\"jCAhz ChMk0b\"><span class=\"ryNqvb\">Glatte Au\u00dfenfl\u00e4chen und G\u00e4nge halten die L\u00e4rmbelastung f\u00fcr den Fahrer gering.<\/span><\/span> <span class=\"jCAhz ChMk0b\"><span class=\"ryNqvb\">Der Mikro-Ratschenverschluss am angenehm schmalen Kinnriemen macht das Auf- und Absetzen dieses unvergleichlich hochwertigen Helmmodells mit SHOEI-Knebelverschluss leicht.<\/span><\/span> <\/span><\/p>\n<p><span class=\"HwtZe\" lang=\"sl\"><span class=\"jCAhz ChMk0b\"><span class=\"ryNqvb\">SICHERHEIT<\/span><\/span> <\/span><\/p>\n<p><span class=\"HwtZe\" lang=\"sl\"><span class=\"jCAhz ChMk0b\"><span class=\"ryNqvb\">Die SHOEI NEOTEC3 Au\u00dfenschale aus AIM (Advanced Integrated Matrix) kombiniert mit einem Polystyrol-Kernsystem, das aus mehreren Elementen mit unterschiedlichen Absorptionskapazit\u00e4ten besteht, bietet einen optimalen Aufprallschutz, der die Anforderungen der Pr\u00fcfnorm ECE-R 22.06 erf\u00fcllt.<\/span><\/span> <span class=\"jCAhz ChMk0b\"><span class=\"ryNqvb\">SHOEI NEOTEC3 erf\u00fcllt die Anforderungen dieser Pr\u00fcfnorm f\u00fcr Integralhelme und Integralhelme gleicherma\u00dfen.<\/span><\/span> <span class=\"jCAhz ChMk0b\"><span class=\"ryNqvb\">Eine zweite, stabile Gitterposition erm\u00f6glicht die Verwendung des Helms mit offenem und verriegeltem Kinn, zus\u00e4tzlich zur empfohlenen Verwendung mit geschlossenem Kinn.<\/span><\/span> <span class=\"jCAhz ChMk0b\"><span class=\"ryNqvb\">Das serienm\u00e4\u00dfig eingebaute CNS-3C Klarsichtvisier er\u00f6ffnet ein nahezu unbegrenztes horizontales und vertikales Sichtfeld.<\/span><\/span> <span class=\"jCAhz ChMk0b\"><span class=\"ryNqvb\">Die im Lieferumfang des Helms enthaltene PINLOCK\u00aeEVO Anti-Tau-Scheibe sorgt f\u00fcr klare Sicht auch bei widrigen Wetterverh\u00e4ltnissen.<\/span><\/span> <span class=\"jCAhz ChMk0b\"><span class=\"ryNqvb\">Der angenehm schmale Kinnriemen mit Mikro-Ratschenverschluss ist bequem zu tragen und h\u00e4lt den Helm sicher in Position.<\/span><\/span> <span class=\"jCAhz ChMk0b\"><span class=\"ryNqvb\">Der Verriegelungsmechanismus aus rostfreiem Stahl arretiert das Kinn sicher und fest in der geschlossenen Position.<\/span><\/span> <\/span><\/p>\n<p><span class=\"HwtZe\" lang=\"sl\"><span class=\"jCAhz ChMk0b\"><span class=\"ryNqvb\">HOPE<\/span><\/span> <\/span><\/p>\n<p><span class=\"HwtZe\" lang=\"sl\"><span class=\"jCAhz ChMk0b\"><span class=\"ryNqvb\">Die 3 verschiedenen Gr\u00f6\u00dfen der Au\u00dfenschale (XS-M | L | XL-XXL) erm\u00f6glichen eine gro\u00dfe Auswahl an Gr\u00f6\u00dfen f\u00fcr den SHOEI NEOTEC3 und gleichzeitig ein optimales Verh\u00e4ltnis zwischen Helm und Fahrergr\u00f6\u00dfe.<\/span><\/span> <span class=\"jCAhz ChMk0b\"><span class=\"ryNqvb\">Ein gut ausbalancierter Helm sch\u00fctzt die Nackenmuskulatur und beugt Erm\u00fcdungserscheinungen vor, sowohl bei Fahrten im Stadtzentrum als auch bei l\u00e4ngeren Touren oder langen Motorradfahrten.<\/span><\/span> <span class=\"jCAhz ChMk0b\"><span class=\"ryNqvb\">Das dreidimensional geformte Kopfpolster, die vorgeformten Wangenpolster mit Ger\u00e4uschd\u00e4mmung und das Kinnpolster sind vollst\u00e4ndig abnehmbar und waschbar.<\/span><\/span> <span class=\"jCAhz ChMk0b\"><span class=\"ryNqvb\">Kopf- und Wangenpolster sind in verschiedenen Dicken erh\u00e4ltlich, um den Helm individuell anzupassen.<\/span><\/span> <span class=\"jCAhz ChMk0b\"><span class=\"ryNqvb\">Mit einem Innenfutter, das oben auf dem Kopf eingesetzt werden kann, k\u00f6nnen Sie die Passform des Helms vertikal anpassen.<\/span><\/span> <span class=\"jCAhz ChMk0b\"><span class=\"ryNqvb\">Die eleganten Polster mit einer volumin\u00f6sen Unterseite, die bis zum Nacken reicht, tragen zusammen mit den abnehmbaren Ohrpolstern effektiv zur Schalld\u00e4mmung bei.<\/span><\/span> <span class=\"jCAhz ChMk0b\"><span class=\"ryNqvb\">Das serienm\u00e4\u00dfige CNS-3C Visier verhindert das Eindringen von Zugluft und Regenwasser mit seiner ausgepr\u00e4gten, zur Helmschale hin abgewinkelten Oberkante.<\/span><\/span> <span class=\"jCAhz ChMk0b\"><span class=\"ryNqvb\">Er l\u00e4sst sich mit einem zentral positionierten Verschlussmechanismus zuverl\u00e4ssig \u00f6ffnen und schlie\u00dfen.<\/span><\/span> <span class=\"jCAhz ChMk0b\"><span class=\"ryNqvb\">F\u00fcr zus\u00e4tzliche Frischluft w\u00e4hrend der Fahrt l\u00e4sst sich das Visier dank des Visiermechanismus weit \u00f6ffnen.<\/span><\/span> <span class=\"jCAhz ChMk0b\"><span class=\"ryNqvb\">Das Visier kann dank des bew\u00e4hrten, selbsteinstellenden Schnellwechselmechanismus ohne Werkzeug gewechselt werden.<\/span><\/span> <span class=\"jCAhz ChMk0b\"><span class=\"ryNqvb\">Die integrierte, hochwertige QSV-2 SHOEI NEOTEC3 Sonnenblende ist stufenlos ausziehbar und deckt das nutzbare Sichtfeld fast vollst\u00e4ndig ab, auch nach unten.<\/span><\/span> <span class=\"jCAhz ChMk0b\"><span class=\"ryNqvb\">Es kann einfach und ohne Werkzeug durch das optionale gelbe Visier mit kontrastverst\u00e4rkender Wirkung ersetzt werden.<\/span><\/span> <span class=\"jCAhz ChMk0b\"><span class=\"ryNqvb\">Dieses zus\u00e4tzliche Visier bietet optimale Sicht f\u00fcr viele Zwecke und Wetterbedingungen.<\/span><\/span> <span class=\"jCAhz ChMk0b\"><span class=\"ryNqvb\">Die Aussparungen im Ohrbereich, die vorgefertigten Kabelf\u00fchrungen und die Positionen f\u00fcr die Montage der Ger\u00e4teteile erm\u00f6glichen eine schnelle und einfache Installation des SRL3 Kommunikationssystems von SENA\u00ae, das in der SHOEI Zubeh\u00f6rserie erh\u00e4ltlich ist.<\/span><\/span> <span class=\"jCAhz ChMk0b\"><span class=\"ryNqvb\">VIEW<\/span><\/span> <span class=\"jCAhz ChMk0b\"><span class=\"ryNqvb\">Direkt in den Luftstrom gerichtete L\u00fcftungs\u00f6ffnungen fangen frische Luft ein, um die Temperatur und Feuchtigkeit im Inneren des SHOEI NEOTEC3 zu reduzieren.<\/span><\/span> <span class=\"jCAhz ChMk0b\"><span class=\"ryNqvb\">Ein herausnehmbarer Filter in der unteren Frontl\u00fcftung verhindert das Eindringen von Insekten.<\/span><\/span> <span class=\"jCAhz ChMk0b\"><span class=\"ryNqvb\">Erh\u00f6hte Bel\u00fcftungsregler erm\u00f6glichen die Bedienung auch mit dicken Handschuhen, so dass der Helm auch in Gebieten mit niedrigen Temperaturen oder in der kalten Jahreszeit verwendet werden kann.<\/span><\/span><\/span><\/p>\n<p>VIEW<\/p>\n<p>Direkt in den Luftstrom gerichtete Bel\u00fcftungs\u00f6ffnungen fangen frische Luft ein, um die Temperatur und Feuchtigkeit im Inneren des SHOEI NEOTEC3 zu reduzieren. Ein herausnehmbarer Filter in der unteren Frontbel\u00fcftung verhindert das Eindringen von Insekten.  Erh\u00f6hte Bel\u00fcftungsregler erm\u00f6glichen die Bedienung auch mit dicken Handschuhen, so dass der Helm auch in Gebieten mit niedrigen Temperaturen oder in der kalten Jahreszeit verwendet werden kann.<\/p>\n<p>AERODYNAMIK<\/p>\n<p>Glatte Oberfl\u00e4chen und Durchg\u00e4nge reduzieren den Windwiderstand des Helms und die L\u00e4rmbelastung des Tr\u00e4gers, lassen aber die integrierten Spoiler an der Seite und am Heck des Helms sichtbar werden und unterstreichen so den sportlichen Charakter des SHOEI NEOTEC3. Ein stabiler Mechanismus sorgt f\u00fcr eine exzentrische Drehbewegung des Kinnb\u00fcgels beim \u00d6ffnen und Schlie\u00dfen und erm\u00f6glicht einen m\u00f6glichst geringen Spalt zwischen Kinnb\u00fcgel und Helmschale. Der \u00dcbergangsbereich zwischen dem Kinnb\u00fcgel und der Helmschale ist glatt gestaltet, um Turbulenzen im Ohrbereich und damit verbundene Ger\u00e4usche zu reduzieren.  <\/p>\n<p>ANH\u00c4NGE<\/p>\n<p>SHOEI NEOTEC3 Visiere sind in verschiedenen Farben und Spiegeln erh\u00e4ltlich, die gem\u00e4\u00df den ECE-Zulassungsrichtlinien verwendet werden k\u00f6nnen.  Die PINLOCK\u00aeEVO Blendschutzgl\u00e4ser k\u00f6nnen an allen verf\u00fcgbaren Visieren dieses Typs angebracht werden, von denen eines im Lieferumfang des Helms enthalten ist.<br \/>\nDas integrierte, stark get\u00f6nte Visier vom Typ QSV-2 kann gegen eine gelb get\u00f6nte Version mit kontrastverst\u00e4rkender Wirkung aus dem SHOEI-Zubeh\u00f6rsortiment ausgetauscht werden.<br \/>\nDas SHOEI-Zubeh\u00f6rsortiment umfasst au\u00dferdem Wangenpolster mit oder ohne Ger\u00e4uschisolierung, Kopfpolster in verschiedenen Gr\u00f6\u00dfen und St\u00e4rken sowie ein einsteckbares Oberkopfpolster. Sie k\u00f6nnen verwendet werden, um die Originalpolsterung zu ersetzen oder die Passform des Helms an die individuellen Bed\u00fcrfnisse anzupassen.<br \/>\nEin Kinnriemen, ein Atemschutz und ein Kinnvorhang aus Kunstleder sind ebenfalls erh\u00e4ltlich.<br \/>\nDas SENA\u00ae SRL3 Mesh Kommunikationssystem aus der SHOEI Zubeh\u00f6rserie kann in der SHOEI COMLINK NEOTEC3 Schnittstelle verwendet werden. In Verbindung mit einem Mobiltelefon, einem Navigationsger\u00e4t oder anderen Intercom-Ger\u00e4ten bietet das SRL3 Mesh die M\u00f6glichkeit der Information und Unterhaltung w\u00e4hrend der Fahrt und passt fast unsichtbar in die NEOTEC3-Helmschale. Das SRL3 Mesh liefert mit seinen Premium-Lautsprechern, dem hochwertigen Mikrofon und dem harman\/kardon\u00ae-Soundsystem satten Sound und kristallklare Sprach\u00fcbertragung.   <\/p>\n<p>LIEFERUMFANG<br \/>\nDer SHOEI NEOTEC3 wird mit einer PINLOCK\u00aeEVO-Scheibe zur Verwendung im Standardvisier CNS-3C, den entsprechenden Ersatzstiften und einem kleinen Wartungswerkzeug zur Unterst\u00fctzung bei der Installation des SRL-Kommunikationssystems geliefert.<br \/>\nEbenfalls im Lieferumfang enthalten sind ein Atemschutzschild, ein Kinnvorhang (bereits montiert), SHOEI-Logoaufkleber, die Original SHOEI-Helmtasche zur sorgf\u00e4ltigen Aufbewahrung des Helms und Silikon\u00f6l zur Pflege der Visierdichtung und der Mechanik.<br \/>\nDas Helmhandbuch und die Brosch\u00fcre &#8222;Richtige Verwendung Ihres Helms&#8220; enthalten wertvolle Informationen zur Verwendung, Wartung und Pflege des SHOEI NEOTEC3.<\/p>\n<p>AUSZUG AUS DEM ZUBEH\u00d6R<br \/>\nF\u00fcr den SHOEI NEOTEC3 ist eine gro\u00dfe Auswahl an Zubeh\u00f6r und Ersatzteilen erh\u00e4ltlich, darunter:<\/p>\n<p>Visiere des Typs CNS-3C in verschiedenen Farbt\u00f6nen*<br \/>\nRostfreies PINLOCK\u00aeEVO-Glas<br \/>\nSonnenblende QSV-2 in verschiedenen Farbt\u00f6nen<br \/>\nStilvolle Polster in verschiedenen St\u00e4rken als Ersatz f\u00fcr die Originalpolster oder zur individuellen Anpassung des Helms, mit oder ohne Ger\u00e4uschd\u00e4mmung<br \/>\nKopfpolster in verschiedenen Gr\u00f6\u00dfen und St\u00e4rken als Ersatz f\u00fcr die Originalpolster oder zur individuellen Anpassung des Helms<br \/>\nPolster zur H\u00f6henverstellung des Kissens<br \/>\nKinnriemenpolster<br \/>\nAtemschutz<br \/>\nKinnvorhang<br \/>\nSENA\u00ae SRL3 Mesh Kommunikationssystem<\/p>\n","protected":false},"excerpt":{"rendered":"<p>Shoei Neotec 3 Grasp Klapphelm Wohin es Sie auch f\u00fchrt, der Neotec 3 beeindruckt mit Stil&#8230;<\/p>\n","protected":false},"featured_media":29628,"comment_status":"open","ping_status":"open","template":"","meta":{"_acf_changed":false},"brand":[2126],"gender":[2173],"product_brand":[],"product_cat":[2026,1357,1360],"product_tag":[],"class_list":{"0":"post-99498","1":"product","2":"type-product","3":"status-publish","4":"has-post-thumbnail","6":"brand-shoei-de","7":"gender-unisex-de","8":"product_cat-ausklappbar","9":"product_cat-ausrustung-fur-motorradfahrer","10":"product_cat-helme","11":"pa_size-l-de","12":"pa_size-m-de","13":"pa_size-s-de","14":"pa_size-xl-de","15":"pa_size-xs-de","16":"pa_size-xxl-de","17":"pa_size-xxs-de","19":"first","20":"instock","21":"sale","22":"taxable","23":"shipping-taxable","24":"purchasable","25":"product-type-variable"},"acf":[],"_links":{"self":[{"href":"https:\/\/moto-oprema.com\/de\/wp-json\/wp\/v2\/product\/99498","targetHints":{"allow":["GET"]}}],"collection":[{"href":"https:\/\/moto-oprema.com\/de\/wp-json\/wp\/v2\/product"}],"about":[{"href":"https:\/\/moto-oprema.com\/de\/wp-json\/wp\/v2\/types\/product"}],"replies":[{"embeddable":true,"href":"https:\/\/moto-oprema.com\/de\/wp-json\/wp\/v2\/comments?post=99498"}],"wp:featuredmedia":[{"embeddable":true,"href":"https:\/\/moto-oprema.com\/de\/wp-json\/wp\/v2\/media\/29628"}],"wp:attachment":[{"href":"https:\/\/moto-oprema.com\/de\/wp-json\/wp\/v2\/media?parent=99498"}],"wp:term":[{"taxonomy":"brand","embeddable":true,"href":"https:\/\/moto-oprema.com\/de\/wp-json\/wp\/v2\/brand?post=99498"},{"taxonomy":"gender","embeddable":true,"href":"https:\/\/moto-oprema.com\/de\/wp-json\/wp\/v2\/gender?post=99498"},{"taxonomy":"product_brand","embeddable":true,"href":"https:\/\/moto-oprema.com\/de\/wp-json\/wp\/v2\/product_brand?post=99498"},{"taxonomy":"product_cat","embeddable":true,"href":"https:\/\/moto-oprema.com\/de\/wp-json\/wp\/v2\/product_cat?post=99498"},{"taxonomy":"product_tag","embeddable":true,"href":"https:\/\/moto-oprema.com\/de\/wp-json\/wp\/v2\/product_tag?post=99498"}],"curies":[{"name":"wp","href":"https:\/\/api.w.org\/{rel}","templated":true}]}}