{"id":99495,"date":"2024-08-27T08:07:30","date_gmt":"2024-08-27T08:07:30","guid":{"rendered":"https:\/\/moto-oprema.com\/Artikel\/fuchs-abenteuer-verteidigen-gore-tex-jacke-schwarz\/"},"modified":"2024-08-27T08:07:30","modified_gmt":"2024-08-27T08:07:30","slug":"fuchs-abenteuer-verteidigen-gore-tex-jacke-schwarz","status":"publish","type":"product","link":"https:\/\/moto-oprema.com\/de\/Artikel\/fuchs-abenteuer-verteidigen-gore-tex-jacke-schwarz\/","title":{"rendered":"FUCHS ABENTEUER VERTEIDIGEN GORE-TEX JACKE SCHWARZ"},"content":{"rendered":"<p>FOX Defend GORE-TEX ADV Motorrad Textiljacke<\/p>\n<p>Die Defend ist eine flexible, vielseitige Jacke aus unserer neuen Adventure-Kollektion. Sie bietet das reinste Off-Road-Erlebnis mit maximalem Stauraum, maximaler Bel\u00fcftung und maximaler Haltbarkeit. Der minimalistische Schnitt der Defend GORE-TEX ADV bietet zus\u00e4tzlichen Stauraum und verbesserte Bel\u00fcftung. Sie ist aus wasserabweisendem, vollst\u00e4ndig nahtversiegeltem GORE-TEX 2L Material gefertigt, um bei ein- oder mehrt\u00e4gigen Abenteuern Komfort und Trockenheit zu gew\u00e4hrleisten.   <\/p>\n<p>Merkmale:<\/p>\n<p>GORE-TEX 2L Material sorgt daf\u00fcr, dass Sie trocken bleiben.<br \/>\nVollst\u00e4ndig nahtversiegeltes Design<br \/>\nReflektierende Akzente f\u00fcr bessere Sichtbarkeit<br \/>\nVerst\u00e4rkte Bereiche mit hohem Verschlei\u00df f\u00fcr l\u00e4ngere Haltbarkeit<br \/>\nZwei gro\u00dfe, versetzte Bel\u00fcftungs\u00f6ffnungen an der Vorderseite mit Rei\u00dfverschluss f\u00fcr bessere Bel\u00fcftung<br \/>\nGro\u00dfe Unterarmbel\u00fcftung erm\u00f6glicht es Ihnen, den Luftstrom w\u00e4hrend der Fahrt zu regulieren<br \/>\nYKK\u00ae AquaGuard\u00ae Rally Flap verwandelt den Frontrei\u00dfverschluss in eine \u00fcbergro\u00dfe Bel\u00fcftungs\u00f6ffnung<br \/>\nZwei gro\u00dfe Abluft\u00f6ffnungen leiten die Luft durch den R\u00fccken der Jacke<br \/>\nBel\u00fcftungsschlitze in den Achselh\u00f6hlen<br \/>\nDer universelle Verbindungspunkt zwischen Jacke und Hose funktioniert zwischen allen Fox Adventure Hosen und Jacken<br \/>\nVerstellbarer Verschluss f\u00fcr passgenauen Sitz<br \/>\nSchnell verstellbare Ellbogenschlaufen f\u00fcr sofortige Anpassung<br \/>\nVersteckte Kartentasche auf der linken Hand<br \/>\nGro\u00dfe Tasche auf der R\u00fcckseite zur Aufbewahrung \u00fcbergro\u00dfer Gegenst\u00e4nde<br \/>\nKompatibel mit Nierengurt<br \/>\nInnentaschen bieten leicht zug\u00e4nglichen Platz f\u00fcr all Ihre wichtigen Dinge<br \/>\nL\u00e4nge (vom Ende der Schulter): 75 cm, Gr\u00f6\u00dfe L<\/p>\n<p>Schutzschilder:<\/p>\n<p>D3O\u00ae Viper: herausnehmbarer R\u00fcckenschutz der Stufe 1<br \/>\nHerausnehmbare D3O\u00ae LP2 Schulter- und Ellbogenpolster der Stufe 2 in verstellbaren Panzertaschen<br \/>\nEN 17092-4:2020 &#8222;A&#8220;<br \/>\nEN 1621-1<br \/>\nEN 1621-2<\/p>\n","protected":false},"excerpt":{"rendered":"<p>FOX Defend GORE-TEX ADV Motorrad Textiljacke Die Defend ist eine flexible, vielseitige Jacke aus unserer neuen&#8230;<\/p>\n","protected":false},"featured_media":29677,"comment_status":"open","ping_status":"open","template":"","meta":{"_acf_changed":false},"brand":[2115],"gender":[],"product_brand":[],"product_cat":[1357,2045,2048],"product_tag":[],"class_list":{"0":"post-99495","1":"product","2":"type-product","3":"status-publish","4":"has-post-thumbnail","6":"brand-fox-de","7":"product_cat-ausrustung-fur-motorradfahrer","8":"product_cat-jakne-de","9":"product_cat-textil-jacken","10":"pa_size-2xl-de","11":"pa_size-3xl-de","12":"pa_size-l-de","13":"pa_size-m-de","14":"pa_size-xl-de","16":"first","17":"instock","18":"sale","19":"taxable","20":"shipping-taxable","21":"purchasable","22":"product-type-variable"},"acf":[],"_links":{"self":[{"href":"https:\/\/moto-oprema.com\/de\/wp-json\/wp\/v2\/product\/99495","targetHints":{"allow":["GET"]}}],"collection":[{"href":"https:\/\/moto-oprema.com\/de\/wp-json\/wp\/v2\/product"}],"about":[{"href":"https:\/\/moto-oprema.com\/de\/wp-json\/wp\/v2\/types\/product"}],"replies":[{"embeddable":true,"href":"https:\/\/moto-oprema.com\/de\/wp-json\/wp\/v2\/comments?post=99495"}],"wp:featuredmedia":[{"embeddable":true,"href":"https:\/\/moto-oprema.com\/de\/wp-json\/wp\/v2\/media\/29677"}],"wp:attachment":[{"href":"https:\/\/moto-oprema.com\/de\/wp-json\/wp\/v2\/media?parent=99495"}],"wp:term":[{"taxonomy":"brand","embeddable":true,"href":"https:\/\/moto-oprema.com\/de\/wp-json\/wp\/v2\/brand?post=99495"},{"taxonomy":"gender","embeddable":true,"href":"https:\/\/moto-oprema.com\/de\/wp-json\/wp\/v2\/gender?post=99495"},{"taxonomy":"product_brand","embeddable":true,"href":"https:\/\/moto-oprema.com\/de\/wp-json\/wp\/v2\/product_brand?post=99495"},{"taxonomy":"product_cat","embeddable":true,"href":"https:\/\/moto-oprema.com\/de\/wp-json\/wp\/v2\/product_cat?post=99495"},{"taxonomy":"product_tag","embeddable":true,"href":"https:\/\/moto-oprema.com\/de\/wp-json\/wp\/v2\/product_tag?post=99495"}],"curies":[{"name":"wp","href":"https:\/\/api.w.org\/{rel}","templated":true}]}}