{"id":99456,"date":"2024-08-06T10:41:43","date_gmt":"2024-08-06T10:41:43","guid":{"rendered":"https:\/\/moto-oprema.com\/Artikel\/alpinestars-rueckenprotektor-nucleon-plasma-voll\/"},"modified":"2024-08-06T10:41:43","modified_gmt":"2024-08-06T10:41:43","slug":"alpinestars-rueckenprotektor-nucleon-plasma-voll","status":"publish","type":"product","link":"https:\/\/moto-oprema.com\/de\/Artikel\/alpinestars-rueckenprotektor-nucleon-plasma-voll\/","title":{"rendered":"ALPINESTARS R\u00dcCKENPROTEKTOR NUCLEON PLASMA VOLL"},"content":{"rendered":"<p><strong>Alpinestars Nucleon Plasma R\u00fcckenprotektor<\/strong><\/p>\n<p>Der ultraleichte Nucleon Plasma Level 2 R\u00fcckenprotektor verf\u00fcgt \u00fcber die Nucleon Plasma Technologie von Alpinestars. Plasma ist ein umweltfreundliches, nachhaltiges und leichtes sto\u00dfd\u00e4mpfendes Material, das es nur bei Alpinestars gibt. Sein cleveres Design bietet f\u00fchrende Werte in Bezug auf Flexibilit\u00e4t, Atmungsaktivit\u00e4t und Bel\u00fcftung. Dieser superangepasste Protektor, der von einem weichen Textilbezug auf der Hautseite unterst\u00fctzt wird, bietet ein optimales Gleichgewicht zwischen Kraftverteilung, Flexibilit\u00e4t und Komfort.  <\/p>\n<p>Merkmale:<\/p>\n<p>Umweltfreundliches und nachhaltiges, sto\u00dfd\u00e4mpfendes Material; Mischung aus biobasierten Materialien und Hochleistungs-Polyurethan bietet hervorragende Flexibilit\u00e4t f\u00fcr eine bessere Passform<br \/>\nHochgradig bel\u00fcftet f\u00fcr hervorragende Luftzirkulation und Atmungsaktivit\u00e4t, mit einer weichen Innenbeschichtung auf der Hautseite f\u00fcr optimalen Fahrerkomfort<br \/>\nDer ultraleichte R\u00fcckenprotektor ist in drei Taillen- und Schultergr\u00f6\u00dfen erh\u00e4ltlich, um alle K\u00f6rpergr\u00f6\u00dfen abzudecken<br \/>\n60 Jahre Innovation und umfangreiche Tests und Forschungen haben zur Plasmatechnologie gef\u00fchrt; die perfekte Balance zwischen Sto\u00dfd\u00e4mpfung, Dichte, Dicke und Flexibilit\u00e4t<br \/>\nDer Einsatz der Nucleon Plasma Technologie erm\u00f6glicht es Alpinestars, die Geometrie des gesamten Schildes anzupassen, was zu einer umfangreichen Perforation f\u00fchrt, die die Aufprallleistung noch weit \u00fcbertrifft. Ein weiteres herausragendes Merkmal dieses Designs ist die gro\u00dfe Anzahl an seitlichen und l\u00e4nglichen L\u00fcftungskan\u00e4len f\u00fcr eine effiziente W\u00e4rmeableitung.<br \/>\nDas innovative Design des Nucleon Plasma R\u00fcckenprotektor-Einsatzes erm\u00f6glicht es dem Protektor, sich zu komprimieren und zu dehnen und bietet so eine ma\u00dfgeschneiderte Passform f\u00fcr \u00fcberragenden Fahrerkomfort.<br \/>\nSpezifikationen:<\/p>\n<p>EN 1621-2:2014, Stufe 2<\/p>\n","protected":false},"excerpt":{"rendered":"<p>Alpinestars Nucleon Plasma R\u00fcckenprotektor Der ultraleichte Nucleon Plasma Level 2 R\u00fcckenprotektor verf\u00fcgt \u00fcber die Nucleon Plasma&#8230;<\/p>\n","protected":false},"featured_media":29571,"comment_status":"open","ping_status":"closed","template":"","meta":{"_acf_changed":false},"brand":[2111],"gender":[],"product_brand":[],"product_cat":[1357,2210,2209],"product_tag":[],"class_list":{"0":"post-99456","1":"product","2":"type-product","3":"status-publish","4":"has-post-thumbnail","6":"brand-alpinestars-de","7":"product_cat-ausrustung-fur-motorradfahrer","8":"product_cat-schilde","9":"product_cat-schutzschilde-und-airbags","10":"pa_size-l-de","11":"pa_size-m-de","12":"pa_size-s-de","14":"first","15":"instock","16":"sale","17":"taxable","18":"shipping-taxable","19":"purchasable","20":"product-type-variable"},"acf":[],"_links":{"self":[{"href":"https:\/\/moto-oprema.com\/de\/wp-json\/wp\/v2\/product\/99456","targetHints":{"allow":["GET"]}}],"collection":[{"href":"https:\/\/moto-oprema.com\/de\/wp-json\/wp\/v2\/product"}],"about":[{"href":"https:\/\/moto-oprema.com\/de\/wp-json\/wp\/v2\/types\/product"}],"replies":[{"embeddable":true,"href":"https:\/\/moto-oprema.com\/de\/wp-json\/wp\/v2\/comments?post=99456"}],"wp:featuredmedia":[{"embeddable":true,"href":"https:\/\/moto-oprema.com\/de\/wp-json\/wp\/v2\/media\/29571"}],"wp:attachment":[{"href":"https:\/\/moto-oprema.com\/de\/wp-json\/wp\/v2\/media?parent=99456"}],"wp:term":[{"taxonomy":"brand","embeddable":true,"href":"https:\/\/moto-oprema.com\/de\/wp-json\/wp\/v2\/brand?post=99456"},{"taxonomy":"gender","embeddable":true,"href":"https:\/\/moto-oprema.com\/de\/wp-json\/wp\/v2\/gender?post=99456"},{"taxonomy":"product_brand","embeddable":true,"href":"https:\/\/moto-oprema.com\/de\/wp-json\/wp\/v2\/product_brand?post=99456"},{"taxonomy":"product_cat","embeddable":true,"href":"https:\/\/moto-oprema.com\/de\/wp-json\/wp\/v2\/product_cat?post=99456"},{"taxonomy":"product_tag","embeddable":true,"href":"https:\/\/moto-oprema.com\/de\/wp-json\/wp\/v2\/product_tag?post=99456"}],"curies":[{"name":"wp","href":"https:\/\/api.w.org\/{rel}","templated":true}]}}