{"id":99433,"date":"2024-08-07T08:22:48","date_gmt":"2024-08-07T08:22:48","guid":{"rendered":"https:\/\/moto-oprema.com\/Artikel\/alpinestars-a-5-v2-jugend-visier\/"},"modified":"2024-08-07T08:22:48","modified_gmt":"2024-08-07T08:22:48","slug":"alpinestars-a-5-v2-jugend-visier","status":"publish","type":"product","link":"https:\/\/moto-oprema.com\/de\/Artikel\/alpinestars-a-5-v2-jugend-visier\/","title":{"rendered":"ALPINESTARS A-5 V2 JUGEND VISIER"},"content":{"rendered":"<p>Der neue A-5 S V2 Jugend-Brustprotektor ist ein CE\/UKCA-zertifizierter, herausnehmbarer, schwimmender Brustprotektor mit hybrider Polyhedra-2-Technologie. Mit einem flexiblen, CE\/UKCA 2-zertifizierten, hochelastischen R\u00fcckenprotektor, CE\/UKCA 1-zertifizierten Schulterpolstern und geformten Bioschaum-Rippenprotektoren bietet der A-5 S V2 hervorragenden Aufprallschutz, Bewegungsfreiheit und Bel\u00fcftung f\u00fcr den Oberk\u00f6rper.<br \/>\nAuf der Innenseite der Au\u00dfenschale verf\u00fcgt der A-5 mit V2 \u00fcber perforiertes Aufprallschutznetz, das eine zweite Schutzlinie in einer Hybridstruktur und eine verbesserte Luftzirkulation bietet, um den Hitzestau unter dem Visier zu reduzieren.<br \/>\nObwohl der zweilagige Brustprotektor einen starren zentralen Bereich hat, verf\u00fcgt er \u00fcber eine flexible, weiche Verbindung um den Umfang herum, unterst\u00fctzt durch eine weiche Bioschaum-Polsterung, die als flexibles System fungiert, das sich dem Brustkorb anpasst. Der zentrale Teil des Brustprotektors direkt hinter dem hochperforierten Aufprallschutznetz ist vollst\u00e4ndig offen und erm\u00f6glicht eine maximale Bel\u00fcftung.<br \/>\nDer neue CE\/UKCA-zertifizierte hochperforierte Level 2 R\u00fcckenprotektor besteht aus einem flexiblen und anpassbaren hochelastischen Material und bietet eine hervorragende Bel\u00fcftung und Gewichtsersparnis.<br \/>\nBrust- und R\u00fcckenprotektor werden mit verstellbaren Schultergurten sicher positioniert. Der untere Teil ist mit einfach zu verbindenden Schnallen und V-f\u00f6rmigen Riemen gesichert, die auch die Rippenprotektoren an ihrem Platz halten. Die V-Riemen verteilen die Spannung auf einen gr\u00f6\u00dferen Bereich des R\u00fcckenprotektors und sorgen so f\u00fcr einen sicheren und bequemen Sitz. Die Rippenprotektoren bieten zus\u00e4tzlichen Schutz in kritischen Bereichen.<br \/>\nDer A-5 Jugend-Brustprotektor mit V2 hat CE\/UKCA-zertifizierte, abnehmbare, hochelastische Schulterpolster der Stufe 1, die auf einer weichen Schaumstoffpolsterung angebracht und mit Klettverschl\u00fcssen am Hauptk\u00f6rper befestigt sind. Elastische obere Verstellriemen halten die Schulterpolster sicher in Position.<\/p>\n","protected":false},"excerpt":{"rendered":"<p>Schulterschutzstufe: EN 1621-1:2012 Stufe 1 R\u00fcckenschutzstufe: EN 1621-2:2014, Stufe 2 Brustschutzstufe: EN 1621-3:2018, Stufe 2.<\/p>\n","protected":false},"featured_media":29610,"comment_status":"open","ping_status":"closed","template":"","meta":{"_acf_changed":false},"brand":[2111],"gender":[],"product_brand":[],"product_cat":[2216,2028,2330],"product_tag":[],"class_list":{"0":"post-99433","1":"product","2":"type-product","3":"status-publish","4":"has-post-thumbnail","6":"brand-alpinestars-de","7":"product_cat-fur-die-jungsten-de","8":"product_cat-motocross-ausrustung","9":"product_cat-mx-protektoren","10":"pa_size-l-xl-de","11":"pa_size-s-m-de","13":"first","14":"instock","15":"sale","16":"taxable","17":"shipping-taxable","18":"purchasable","19":"product-type-variable"},"acf":[],"_links":{"self":[{"href":"https:\/\/moto-oprema.com\/de\/wp-json\/wp\/v2\/product\/99433","targetHints":{"allow":["GET"]}}],"collection":[{"href":"https:\/\/moto-oprema.com\/de\/wp-json\/wp\/v2\/product"}],"about":[{"href":"https:\/\/moto-oprema.com\/de\/wp-json\/wp\/v2\/types\/product"}],"replies":[{"embeddable":true,"href":"https:\/\/moto-oprema.com\/de\/wp-json\/wp\/v2\/comments?post=99433"}],"wp:featuredmedia":[{"embeddable":true,"href":"https:\/\/moto-oprema.com\/de\/wp-json\/wp\/v2\/media\/29610"}],"wp:attachment":[{"href":"https:\/\/moto-oprema.com\/de\/wp-json\/wp\/v2\/media?parent=99433"}],"wp:term":[{"taxonomy":"brand","embeddable":true,"href":"https:\/\/moto-oprema.com\/de\/wp-json\/wp\/v2\/brand?post=99433"},{"taxonomy":"gender","embeddable":true,"href":"https:\/\/moto-oprema.com\/de\/wp-json\/wp\/v2\/gender?post=99433"},{"taxonomy":"product_brand","embeddable":true,"href":"https:\/\/moto-oprema.com\/de\/wp-json\/wp\/v2\/product_brand?post=99433"},{"taxonomy":"product_cat","embeddable":true,"href":"https:\/\/moto-oprema.com\/de\/wp-json\/wp\/v2\/product_cat?post=99433"},{"taxonomy":"product_tag","embeddable":true,"href":"https:\/\/moto-oprema.com\/de\/wp-json\/wp\/v2\/product_tag?post=99433"}],"curies":[{"name":"wp","href":"https:\/\/api.w.org\/{rel}","templated":true}]}}