{"id":99326,"date":"2024-11-27T11:17:05","date_gmt":"2024-11-27T11:17:05","guid":{"rendered":"https:\/\/moto-oprema.com\/Artikel\/dainese-full-metal-7-handschuhe-schwarz-fluo-rot\/"},"modified":"2024-11-27T11:17:05","modified_gmt":"2024-11-27T11:17:05","slug":"dainese-full-metal-7-handschuhe-schwarz-fluo-rot","status":"publish","type":"product","link":"https:\/\/moto-oprema.com\/de\/Artikel\/dainese-full-metal-7-handschuhe-schwarz-fluo-rot\/","title":{"rendered":"Dainese Full Metal 7 Handschuhe Schwarz Fluo Rot"},"content":{"rendered":"<div class=\"tabs-panels\">\n<p>Die Full Metal 7 Handschuhe sind Motorradhandschuhe, die maximale Leistung und Schutz bieten. Diese Handschuhe sind aus strapazierf\u00e4higem Ziegenleder gefertigt und verf\u00fcgen \u00fcber Pro-Tek-Titaneins\u00e4tze an den Kn\u00f6cheln, Kevlar-Eins\u00e4tze an der Handfl\u00e4che, den Fingern und dem Handr\u00fccken sowie Verst\u00e4rkungen am kleinen Finger. <\/p>\n<p>Die Full Metal 7 Handschuhe wurden zum Schutz der Fingerkn\u00f6chel und des Handr\u00fcckens entwickelt und bieten einen extrem hohen Aufprallschutz, hervorragende Rutschfestigkeit dank Titan und ein au\u00dfergew\u00f6hnliches Ma\u00df an Komfort und Beweglichkeit der Hand dank des dehnbaren, co-injizierten Gelenks.<\/p>\n<p>Diese professionellen Handschuhe werden von MotoGP\u2122-Champions getragen und bieten maximalen Komfort, Leichtigkeit und Sensibilit\u00e4t beim Fahren, damit sich die Fahrer auf ihre Leistung konzentrieren k\u00f6nnen. Die vorgekr\u00fcmmte \u00c4rmel- und Fingerkonstruktion, integrierte Stretcheins\u00e4tze am R\u00fccken, an den Fingern und an der Unterseite des Quad und das neue Kn\u00f6cheldesign sorgen f\u00fcr ein hohes Ma\u00df an Komfort und Ergonomie und erh\u00f6hen gleichzeitig die Fahrpr\u00e4zision. <\/p>\n<p>Die Full Metal 7 Handschuhe sind die perfekte Mischung aus ikonischem Design und den hohen technologischen Standards von Dainese. Sie verk\u00f6rpern die neueste Entwicklung von Premium-Rennhandschuhen mit zus\u00e4tzlicher Level 2 Zertifizierung. <\/p>\n<p>Die Konstruktion der Full Metal 7 Handschuhe garantiert eine perfekte Kombination mit Dainese Rennanz\u00fcgen.<\/p>\n<p>Zusammensetzung des Rohmaterials: 100% Leder<\/p>\n<\/div>\n","protected":false},"excerpt":{"rendered":"<p>Die Full Metal 7 Handschuhe sind Motorradhandschuhe, die maximale Leistung und Schutz bieten. Diese Handschuhe sind&#8230;<\/p>\n","protected":false},"featured_media":32154,"comment_status":"open","ping_status":"closed","template":"","meta":{"_acf_changed":false},"brand":[2113],"gender":[],"product_brand":[],"product_cat":[1357,2086,2188],"product_tag":[2187,2185,2186],"class_list":{"0":"post-99326","1":"product","2":"type-product","3":"status-publish","4":"has-post-thumbnail","6":"brand-dainese-de","7":"product_cat-ausrustung-fur-motorradfahrer","8":"product_cat-handschuhe","9":"product_cat-lederhandschuhe","10":"product_tag-handschuhe","11":"product_tag-kleidung","12":"product_tag-rennsport","13":"pa_size-2xl-de","14":"pa_size-3xl-de","15":"pa_size-l-de","16":"pa_size-m-de","17":"pa_size-s-de","18":"pa_size-xl-de","19":"pa_size-xs-de","21":"first","22":"instock","23":"sale","24":"taxable","25":"shipping-taxable","26":"purchasable","27":"product-type-variable"},"acf":[],"_links":{"self":[{"href":"https:\/\/moto-oprema.com\/de\/wp-json\/wp\/v2\/product\/99326","targetHints":{"allow":["GET"]}}],"collection":[{"href":"https:\/\/moto-oprema.com\/de\/wp-json\/wp\/v2\/product"}],"about":[{"href":"https:\/\/moto-oprema.com\/de\/wp-json\/wp\/v2\/types\/product"}],"replies":[{"embeddable":true,"href":"https:\/\/moto-oprema.com\/de\/wp-json\/wp\/v2\/comments?post=99326"}],"wp:featuredmedia":[{"embeddable":true,"href":"https:\/\/moto-oprema.com\/de\/wp-json\/wp\/v2\/media\/32154"}],"wp:attachment":[{"href":"https:\/\/moto-oprema.com\/de\/wp-json\/wp\/v2\/media?parent=99326"}],"wp:term":[{"taxonomy":"brand","embeddable":true,"href":"https:\/\/moto-oprema.com\/de\/wp-json\/wp\/v2\/brand?post=99326"},{"taxonomy":"gender","embeddable":true,"href":"https:\/\/moto-oprema.com\/de\/wp-json\/wp\/v2\/gender?post=99326"},{"taxonomy":"product_brand","embeddable":true,"href":"https:\/\/moto-oprema.com\/de\/wp-json\/wp\/v2\/product_brand?post=99326"},{"taxonomy":"product_cat","embeddable":true,"href":"https:\/\/moto-oprema.com\/de\/wp-json\/wp\/v2\/product_cat?post=99326"},{"taxonomy":"product_tag","embeddable":true,"href":"https:\/\/moto-oprema.com\/de\/wp-json\/wp\/v2\/product_tag?post=99326"}],"curies":[{"name":"wp","href":"https:\/\/api.w.org\/{rel}","templated":true}]}}