{"id":99232,"date":"2024-11-22T09:52:29","date_gmt":"2024-11-22T09:52:29","guid":{"rendered":"https:\/\/moto-oprema.com\/Artikel\/leatt-adv-hosen-multitour-7-5-stahl\/"},"modified":"2024-11-22T09:52:29","modified_gmt":"2024-11-22T09:52:29","slug":"leatt-adv-hosen-multitour-7-5-stahl","status":"publish","type":"product","link":"https:\/\/moto-oprema.com\/de\/Artikel\/leatt-adv-hosen-multitour-7-5-stahl\/","title":{"rendered":"LEATT ADV HOSEN MULTITOUR 7.5 STAHL"},"content":{"rendered":"<p>Die mit Aufprallschutz ausgestattete Leatt ADV Multitour 7.5 Hose ist eine robuste Ganzjahreshose. Ausgestattet mit Knieschutz (EN1621-1 Stufe 2) und H\u00fcftschutz (EN1621-1 Stufe 1) bietet diese Hose ein hohes Ma\u00df an Sicherheit. Dank der leichten, bel\u00fcfteten Au\u00dfenschicht, des herausnehmbaren Thermofutters und des herausnehmbaren wasserdichten HydraDri MAX-Futters kann sie auf sechs verschiedene Arten getragen werden. Die innere und die \u00e4u\u00dfere Schicht k\u00f6nnen unabh\u00e4ngig voneinander verwendet werden, entweder isolierend oder wasserdicht. Die Wassers\u00e4ule liegt bei 30.000 mm\/m\u00b2 und die Atmungsaktivit\u00e4t bei 30.000 g\/m\u00b2. Dadurch passt sich die Hose jedem Wetterumschwung an, so dass Sie Ihre Reise sicher und bequem fortsetzen k\u00f6nnen. Getestet nach EN 17092-3-2020, Klasse AA.<\/p>\n","protected":false},"excerpt":{"rendered":"<p>Die mit Aufprallschutz ausgestattete Leatt ADV Multitour 7.5 Hose ist eine robuste Ganzjahreshose. Ausgestattet mit Knieschutz&#8230;<\/p>\n","protected":false},"featured_media":32073,"comment_status":"open","ping_status":"open","template":"","meta":{"_acf_changed":false},"brand":[2121],"gender":[2168],"product_brand":[],"product_cat":[1357,2189,2211],"product_tag":[],"class_list":{"0":"post-99232","1":"product","2":"type-product","3":"status-publish","4":"has-post-thumbnail","6":"brand-leatt-de","7":"gender-moski-de","8":"product_cat-ausrustung-fur-motorradfahrer","9":"product_cat-hose","10":"product_cat-textil-hose","11":"pa_size-2xl-de","12":"pa_size-3xl-de","13":"pa_size-l-de","14":"pa_size-m-de","15":"pa_size-s-de","16":"pa_size-xl-de","18":"first","19":"instock","20":"sale","21":"taxable","22":"shipping-taxable","23":"purchasable","24":"product-type-variable"},"acf":[],"_links":{"self":[{"href":"https:\/\/moto-oprema.com\/de\/wp-json\/wp\/v2\/product\/99232","targetHints":{"allow":["GET"]}}],"collection":[{"href":"https:\/\/moto-oprema.com\/de\/wp-json\/wp\/v2\/product"}],"about":[{"href":"https:\/\/moto-oprema.com\/de\/wp-json\/wp\/v2\/types\/product"}],"replies":[{"embeddable":true,"href":"https:\/\/moto-oprema.com\/de\/wp-json\/wp\/v2\/comments?post=99232"}],"wp:featuredmedia":[{"embeddable":true,"href":"https:\/\/moto-oprema.com\/de\/wp-json\/wp\/v2\/media\/32073"}],"wp:attachment":[{"href":"https:\/\/moto-oprema.com\/de\/wp-json\/wp\/v2\/media?parent=99232"}],"wp:term":[{"taxonomy":"brand","embeddable":true,"href":"https:\/\/moto-oprema.com\/de\/wp-json\/wp\/v2\/brand?post=99232"},{"taxonomy":"gender","embeddable":true,"href":"https:\/\/moto-oprema.com\/de\/wp-json\/wp\/v2\/gender?post=99232"},{"taxonomy":"product_brand","embeddable":true,"href":"https:\/\/moto-oprema.com\/de\/wp-json\/wp\/v2\/product_brand?post=99232"},{"taxonomy":"product_cat","embeddable":true,"href":"https:\/\/moto-oprema.com\/de\/wp-json\/wp\/v2\/product_cat?post=99232"},{"taxonomy":"product_tag","embeddable":true,"href":"https:\/\/moto-oprema.com\/de\/wp-json\/wp\/v2\/product_tag?post=99232"}],"curies":[{"name":"wp","href":"https:\/\/api.w.org\/{rel}","templated":true}]}}