{"id":99203,"date":"2024-11-21T10:14:53","date_gmt":"2024-11-21T10:14:53","guid":{"rendered":"https:\/\/moto-oprema.com\/Artikel\/leatt-adv-flowtour-7-5-stealth-jacke\/"},"modified":"2024-11-21T10:14:53","modified_gmt":"2024-11-21T10:14:53","slug":"leatt-adv-flowtour-7-5-stealth-jacke","status":"publish","type":"product","link":"https:\/\/moto-oprema.com\/de\/Artikel\/leatt-adv-flowtour-7-5-stealth-jacke\/","title":{"rendered":"LEATT ADV FLOWTOUR 7.5 STEALTH JACKE"},"content":{"rendered":"<p>Entdecken Sie die Leatt ADV FlowTour 7.5, eine extrem vielseitige Jacke, die auf vier verschiedene Arten getragen werden kann. Sie verf\u00fcgt \u00fcber ein robustes Ripstop-Au\u00dfenmaterial f\u00fcr hervorragende Atmungsaktivit\u00e4t und ein herausnehmbares Hydradri MAX-Futter zum Schutz vor pl\u00f6tzlichen Regeng\u00fcssen. Diese wasserdichte Schicht ist extrem flexibel &#8211; Sie k\u00f6nnen sie als Innenfutter, als \u00e4u\u00dfere Schicht oder sogar allein als wasserdichte Alltagsjacke tragen. Bel\u00fcftungsrei\u00dfverschl\u00fcsse sorgen f\u00fcr eine nahtlose Luftzirkulation und eine bequeme Passform.   <\/p>\n<p>Der FlowTour 7.5 ist mit integrierten Leatt 3DF-Polstern an R\u00fccken, Schultern, Ellbogen und Brust ausgestattet und bietet so hervorragenden Schutz und Sicherheit auf Ihren Fahrten. Mit kleinen und gro\u00dfen Taschen ist Stauraum kein Thema mehr. Auf der R\u00fcckseite der Jacke k\u00f6nnen Sie bis zu 1,5 Liter Fl\u00fcssigkeit verstauen, die \u00fcber einen sauber angebrachten Schlauch durch den Arm gef\u00fchrt wird. Alle Leatt ADV-Jacken sind mit BraceOn-Schultergurten ausgestattet, die das Anbringen und Abnehmen der Halskrause erleichtern.<\/p>\n","protected":false},"excerpt":{"rendered":"<p>Entdecken Sie die Leatt ADV FlowTour 7.5, eine extrem vielseitige Jacke, die auf vier verschiedene Arten&#8230;<\/p>\n","protected":false},"featured_media":31981,"comment_status":"open","ping_status":"open","template":"","meta":{"_acf_changed":false},"brand":[2121],"gender":[2168],"product_brand":[],"product_cat":[1357,2045,2048],"product_tag":[],"class_list":{"0":"post-99203","1":"product","2":"type-product","3":"status-publish","4":"has-post-thumbnail","6":"brand-leatt-de","7":"gender-moski-de","8":"product_cat-ausrustung-fur-motorradfahrer","9":"product_cat-jakne-de","10":"product_cat-textil-jacken","11":"pa_size-2xl-de","12":"pa_size-3xl-de","13":"pa_size-l-de","14":"pa_size-m-de","15":"pa_size-s-de","16":"pa_size-xl-de","18":"first","19":"instock","20":"sale","21":"taxable","22":"shipping-taxable","23":"purchasable","24":"product-type-variable"},"acf":[],"_links":{"self":[{"href":"https:\/\/moto-oprema.com\/de\/wp-json\/wp\/v2\/product\/99203","targetHints":{"allow":["GET"]}}],"collection":[{"href":"https:\/\/moto-oprema.com\/de\/wp-json\/wp\/v2\/product"}],"about":[{"href":"https:\/\/moto-oprema.com\/de\/wp-json\/wp\/v2\/types\/product"}],"replies":[{"embeddable":true,"href":"https:\/\/moto-oprema.com\/de\/wp-json\/wp\/v2\/comments?post=99203"}],"wp:featuredmedia":[{"embeddable":true,"href":"https:\/\/moto-oprema.com\/de\/wp-json\/wp\/v2\/media\/31981"}],"wp:attachment":[{"href":"https:\/\/moto-oprema.com\/de\/wp-json\/wp\/v2\/media?parent=99203"}],"wp:term":[{"taxonomy":"brand","embeddable":true,"href":"https:\/\/moto-oprema.com\/de\/wp-json\/wp\/v2\/brand?post=99203"},{"taxonomy":"gender","embeddable":true,"href":"https:\/\/moto-oprema.com\/de\/wp-json\/wp\/v2\/gender?post=99203"},{"taxonomy":"product_brand","embeddable":true,"href":"https:\/\/moto-oprema.com\/de\/wp-json\/wp\/v2\/product_brand?post=99203"},{"taxonomy":"product_cat","embeddable":true,"href":"https:\/\/moto-oprema.com\/de\/wp-json\/wp\/v2\/product_cat?post=99203"},{"taxonomy":"product_tag","embeddable":true,"href":"https:\/\/moto-oprema.com\/de\/wp-json\/wp\/v2\/product_tag?post=99203"}],"curies":[{"name":"wp","href":"https:\/\/api.w.org\/{rel}","templated":true}]}}