{"id":99188,"date":"2024-11-22T09:14:15","date_gmt":"2024-11-22T09:14:15","guid":{"rendered":"https:\/\/moto-oprema.com\/Artikel\/leatt-adv-jacke-multitour-7-5-wueste\/"},"modified":"2024-11-22T09:14:15","modified_gmt":"2024-11-22T09:14:15","slug":"leatt-adv-jacke-multitour-7-5-wueste","status":"publish","type":"product","link":"https:\/\/moto-oprema.com\/de\/Artikel\/leatt-adv-jacke-multitour-7-5-wueste\/","title":{"rendered":"LEATT ADV JACKE MULTITOUR 7.5 W\u00dcSTE"},"content":{"rendered":"<p>Die Leatt ADV Multitour 7.5 mit Aufprallschutz ist eine robuste Ganzjahresjacke. Ausgestattet mit R\u00fcckenschutz (EN1621-2 Level 2), Ellbogen- und Schulterschutz (EN1621-1 Level 2) und Brustschutz (EN1621-3 Level 1), bietet sie ein hohes Ma\u00df an Sicherheit. Dank seiner leichten, bel\u00fcfteten Au\u00dfenschicht, dem herausnehmbaren Thermofutter und dem herausnehmbaren wasserdichten HydraDri MAX-Futter kann er auf sechs verschiedene Arten getragen werden. Die innere und \u00e4u\u00dfere Schicht k\u00f6nnen unabh\u00e4ngig voneinander als leichte Jacken verwendet werden, die isoliert oder wasserdicht sind. Die Wassers\u00e4ule liegt bei 30.000 mm\/m\u00b2 und die Atmungsaktivit\u00e4t bei 30.000 g\/m\u00b2. Das bedeutet, dass sich die Jacke an jeden Wetterumschwung anpasst und Sie Ihre Reise sicher und bequem fortsetzen k\u00f6nnen. Die Leatt Jacke verf\u00fcgt \u00fcber viel Stauraum mit mehreren Taschen f\u00fcr kleinere und gr\u00f6\u00dfere Gegenst\u00e4nde. Auf der R\u00fcckseite der Jacke k\u00f6nnen Sie bis zu eineinhalb Liter Fl\u00fcssigkeit verstauen. Der Schlauch wird durch die Jacke gef\u00fchrt und an der Vorderseite fest verschlossen. Getestet nach EN 17092-3-2020, Klasse AA.<\/p>\n","protected":false},"excerpt":{"rendered":"<p>Die Leatt ADV Multitour 7.5 mit Aufprallschutz ist eine robuste Ganzjahresjacke. Ausgestattet mit R\u00fcckenschutz (EN1621-2 Level&#8230;<\/p>\n","protected":false},"featured_media":32060,"comment_status":"open","ping_status":"open","template":"","meta":{"_acf_changed":false},"brand":[2121],"gender":[2168],"product_brand":[],"product_cat":[1357,2045,2048],"product_tag":[],"class_list":{"0":"post-99188","1":"product","2":"type-product","3":"status-publish","4":"has-post-thumbnail","6":"brand-leatt-de","7":"gender-moski-de","8":"product_cat-ausrustung-fur-motorradfahrer","9":"product_cat-jakne-de","10":"product_cat-textil-jacken","11":"pa_size-2xl-de","12":"pa_size-3xl-de","13":"pa_size-4xl-de","14":"pa_size-5xl-de","15":"pa_size-l-de","16":"pa_size-m-de","17":"pa_size-s-de","18":"pa_size-xl-de","20":"first","21":"instock","22":"sale","23":"taxable","24":"shipping-taxable","25":"purchasable","26":"product-type-variable"},"acf":[],"_links":{"self":[{"href":"https:\/\/moto-oprema.com\/de\/wp-json\/wp\/v2\/product\/99188","targetHints":{"allow":["GET"]}}],"collection":[{"href":"https:\/\/moto-oprema.com\/de\/wp-json\/wp\/v2\/product"}],"about":[{"href":"https:\/\/moto-oprema.com\/de\/wp-json\/wp\/v2\/types\/product"}],"replies":[{"embeddable":true,"href":"https:\/\/moto-oprema.com\/de\/wp-json\/wp\/v2\/comments?post=99188"}],"wp:featuredmedia":[{"embeddable":true,"href":"https:\/\/moto-oprema.com\/de\/wp-json\/wp\/v2\/media\/32060"}],"wp:attachment":[{"href":"https:\/\/moto-oprema.com\/de\/wp-json\/wp\/v2\/media?parent=99188"}],"wp:term":[{"taxonomy":"brand","embeddable":true,"href":"https:\/\/moto-oprema.com\/de\/wp-json\/wp\/v2\/brand?post=99188"},{"taxonomy":"gender","embeddable":true,"href":"https:\/\/moto-oprema.com\/de\/wp-json\/wp\/v2\/gender?post=99188"},{"taxonomy":"product_brand","embeddable":true,"href":"https:\/\/moto-oprema.com\/de\/wp-json\/wp\/v2\/product_brand?post=99188"},{"taxonomy":"product_cat","embeddable":true,"href":"https:\/\/moto-oprema.com\/de\/wp-json\/wp\/v2\/product_cat?post=99188"},{"taxonomy":"product_tag","embeddable":true,"href":"https:\/\/moto-oprema.com\/de\/wp-json\/wp\/v2\/product_tag?post=99188"}],"curies":[{"name":"wp","href":"https:\/\/api.w.org\/{rel}","templated":true}]}}