{"id":99152,"date":"2024-11-19T08:48:09","date_gmt":"2024-11-19T08:48:09","guid":{"rendered":"https:\/\/moto-oprema.com\/Artikel\/alpinestars-supertech-r-belueftete-martinator-r01-stiefel\/"},"modified":"2024-11-19T08:48:09","modified_gmt":"2024-11-19T08:48:09","slug":"alpinestars-supertech-r-belueftete-martinator-r01-stiefel","status":"publish","type":"product","link":"https:\/\/moto-oprema.com\/de\/Artikel\/alpinestars-supertech-r-belueftete-martinator-r01-stiefel\/","title":{"rendered":"ALPINESTARS SUPERTECH R BEL\u00dcFTETE MARTINATOR R01 STIEFEL"},"content":{"rendered":"<p><span class=\"VIiyi\" lang=\"sl\" xml_lang=\"sl\"><span class=\"JLqJ4b\">Nahezu jede Komponente des Supertech R-Stiefels, des hochentwickelten Rennstiefels von Alpinestars, der von fast allen ehemaligen und aktuellen Champions getragen wird, wurde einer strengen Liste von Upgrades unterzogen, um seine Leistung weiter zu verbessern.<\/span><\/span><\/p>\n<p><strong>Behaarung:<\/strong><\/p>\n<ul>\n<li>Das Obermaterial aus Mikrofaser sorgt f\u00fcr optimale Abriebfestigkeit und bietet gleichzeitig ein hohes Ma\u00df an Flexibilit\u00e4t.<\/li>\n<li>Neuer vorderer Flexbereich f\u00fcr verbesserten Aufprallabrieb bei gleichzeitiger Gew\u00e4hrleistung der nat\u00fcrlichen Vorder- und R\u00fcckseite.<\/li>\n<li>Der neue Flexbereich an der Vorderseite verbessert die Bel\u00fcftung und den Luftstrom f\u00fcr zus\u00e4tzliche Atmungsaktivit\u00e4t.<\/li>\n<li>Neu gestalteter hinterer Balg aus dehnbarer Mikrofaser f\u00fcr eine verbesserte nat\u00fcrliche Bewegung vorne und hinten.<\/li>\n<li>Neu gestaltete obere Gamasche aus Mikrofasermaterial mit TPU-\u00dcberspritzung f\u00fcr verbesserte Widerstandsf\u00e4higkeit.<\/li>\n<li>Neue synthetische Mikrofaser auf der medialen Seite f\u00fcr verbesserte Abriebfestigkeit und ein besseres Gef\u00fchl beim Kontakt mit dem Fahrrad.<\/li>\n<li>Neuer TPU-Schieber f\u00fcr erh\u00f6hten Schutz an der unteren medialen Seite.<\/li>\n<li>Die neue TPU-Schienbeinplatte wurde \u00fcberarbeitet, um die Sto\u00dfd\u00e4mpfung zu verbessern und so die Abriebfestigkeit in einem wichtigen Bereich zu erh\u00f6hen.<\/li>\n<li>Neuer austauschbarer Schienbeinschieber f\u00fcr zus\u00e4tzliche Abriebfestigkeit.<\/li>\n<li>Neues TPU-Stretch-Panel-Design mit Rei\u00dfverschluss f\u00fcr einen leichteren Ein- und Ausstieg und eine engere, optimierte Passform.<\/li>\n<li>Ein Klettverschluss sorgt daf\u00fcr, dass der Rei\u00dfverschluss in Position bleibt.<\/li>\n<li>Mikroverstellbarer Ratschenverschluss an der Oberseite des Stiefels f\u00fcr eine optimierte Passform.<\/li>\n<li>Auswechselbarer, co-injizierter TPU\/Aluminium Zehenschieber mit einem einfachen Schraubsystem, das den Zehenbereich vor Abrieb sch\u00fctzt.<\/li>\n<li>Das neue Design der austauschbaren Fersenplatte bietet eine verbesserte Gleitleistung und Schutz im Falle eines Sturzes.<\/li>\n<li>Die Sohle besteht aus einer leichten Gummimischung f\u00fcr hervorragenden Halt auf den Stollen.<\/li>\n<li>Separater, intern aktualisierter, biomechanischer Innenschuh aus 3D-Mesh-Material f\u00fcr eine bessere Struktur und damit einen h\u00f6heren Fahrerkomfort.<\/li>\n<li>Der Innenschuh ist mit einem neuen \u00e4u\u00dferen Zehenbereich mit einer weichen TPU-Verst\u00e4rkung f\u00fcr \u00fcberragenden Aufprallschutz und einer zus\u00e4tzlichen Kn\u00f6chelpolsterung f\u00fcr mehr Schutz, Stabilit\u00e4t und D\u00e4mpfung bei der nat\u00fcrlichen Bewegung des Fu\u00dfes ausgestattet.<\/li>\n<li>Schutzschuhe f\u00fcr Motorradfahrer (EN 13634:2017)<\/li>\n<\/ul>\n<p>&nbsp;<\/p>\n<p><b>Zusammensetzung:  <\/b><\/p>\n<p><span style=\"font-family: arial, helvetica, sans-serif;font-size: small\">Obermaterial: andere Materialien; Kunstleder.  <\/span><\/p>\n<p><span style=\"font-family: arial, helvetica, sans-serif;font-size: small\">Innenfutter und Innensohle: Textilmaterial.  <\/span><\/p>\n<p><span style=\"font-family: arial, helvetica, sans-serif;font-size: small\">Sohle: Gummi.<\/span><\/p>\n<p>&nbsp;<\/p>\n","protected":false},"excerpt":{"rendered":"<p>Alpinestars Supertech R Bel\u00fcftete Martinator 89 Replika Stiefel<\/p>\n","protected":false},"featured_media":99168,"comment_status":"open","ping_status":"closed","template":"","meta":{"_acf_changed":false},"brand":[2111],"gender":[],"product_brand":[],"product_cat":[1357,2043,2051],"product_tag":[],"class_list":{"0":"post-99152","1":"product","2":"type-product","3":"status-publish","4":"has-post-thumbnail","6":"brand-alpinestars-de","7":"product_cat-ausrustung-fur-motorradfahrer","8":"product_cat-schuhe","9":"product_cat-sportliches-schuhwerk","10":"pa_velikost-skornji-42-de","11":"pa_velikost-skornji-43-de","12":"pa_velikost-skornji-44-de","13":"pa_velikost-skornji-45-de","14":"pa_velikost-skornji-46-de","16":"first","17":"outofstock","18":"taxable","19":"shipping-taxable","20":"purchasable","21":"product-type-variable"},"acf":[],"_links":{"self":[{"href":"https:\/\/moto-oprema.com\/de\/wp-json\/wp\/v2\/product\/99152","targetHints":{"allow":["GET"]}}],"collection":[{"href":"https:\/\/moto-oprema.com\/de\/wp-json\/wp\/v2\/product"}],"about":[{"href":"https:\/\/moto-oprema.com\/de\/wp-json\/wp\/v2\/types\/product"}],"replies":[{"embeddable":true,"href":"https:\/\/moto-oprema.com\/de\/wp-json\/wp\/v2\/comments?post=99152"}],"wp:featuredmedia":[{"embeddable":true,"href":"https:\/\/moto-oprema.com\/de\/wp-json\/wp\/v2\/media\/99168"}],"wp:attachment":[{"href":"https:\/\/moto-oprema.com\/de\/wp-json\/wp\/v2\/media?parent=99152"}],"wp:term":[{"taxonomy":"brand","embeddable":true,"href":"https:\/\/moto-oprema.com\/de\/wp-json\/wp\/v2\/brand?post=99152"},{"taxonomy":"gender","embeddable":true,"href":"https:\/\/moto-oprema.com\/de\/wp-json\/wp\/v2\/gender?post=99152"},{"taxonomy":"product_brand","embeddable":true,"href":"https:\/\/moto-oprema.com\/de\/wp-json\/wp\/v2\/product_brand?post=99152"},{"taxonomy":"product_cat","embeddable":true,"href":"https:\/\/moto-oprema.com\/de\/wp-json\/wp\/v2\/product_cat?post=99152"},{"taxonomy":"product_tag","embeddable":true,"href":"https:\/\/moto-oprema.com\/de\/wp-json\/wp\/v2\/product_tag?post=99152"}],"curies":[{"name":"wp","href":"https:\/\/api.w.org\/{rel}","templated":true}]}}