{"id":99106,"date":"2024-11-21T11:20:16","date_gmt":"2024-11-21T11:20:16","guid":{"rendered":"https:\/\/moto-oprema.com\/Artikel\/leatt-adv-jacke-dritour-7-5-stealth\/"},"modified":"2024-11-21T11:20:16","modified_gmt":"2024-11-21T11:20:16","slug":"leatt-adv-jacke-dritour-7-5-stealth","status":"publish","type":"product","link":"https:\/\/moto-oprema.com\/de\/Artikel\/leatt-adv-jacke-dritour-7-5-stealth\/","title":{"rendered":"LEATT ADV JACKE DRITOUR 7.5 STEALTH"},"content":{"rendered":"<p>Wir stellen Ihnen die Leatt DriTour 7.5 Jacket vor, Ihren Allwetter-Reitpartner. Diese Jacke kann auf drei Arten getragen werden und verf\u00fcgt \u00fcber eine leichte HydraDri Dri+ Au\u00dfenschicht und ein herausnehmbares Thermofutter. Bei Bedarf kann das Thermo-Futter als eigenst\u00e4ndige isolierte Jacke f\u00fcr die Freizeit getragen werden. Alle drei Arten, die Jacke zu tragen, gew\u00e4hrleisten eine hervorragende Luftzirkulation und einen sicheren Sitz. Die DriTour 7.5 Jacke ist mit einem 3DF-Schutz f\u00fcr R\u00fccken, Schultern und Ellbogen sowie einem Brustschutz ausgestattet, um Sicherheit auf h\u00f6chstem Niveau zu gew\u00e4hrleisten.    <\/p>\n<p>Stauraum wird nie ein Problem sein, denn es gibt mehr als genug Taschen f\u00fcr alles, was Sie brauchen. Die R\u00fcckseite der Jacke bietet Platz f\u00fcr bis zu 1,5 Liter Trinkfl\u00fcssigkeit und verf\u00fcgt \u00fcber einen sauber angebrachten Schlauch, der durch den Arm gef\u00fchrt wird. Alle Leatt ADV-Jacken sind mit einer Halskrause ausgestattet und haben BraceOn-Schultergurte f\u00fcr ein einfaches An- und Ausziehen.<\/p>\n","protected":false},"excerpt":{"rendered":"<p>Wir stellen Ihnen die Leatt DriTour 7.5 Jacket vor, Ihren Allwetter-Reitpartner. Diese Jacke kann auf drei&#8230;<\/p>\n","protected":false},"featured_media":32015,"comment_status":"open","ping_status":"open","template":"","meta":{"_acf_changed":false},"brand":[2121],"gender":[2168],"product_brand":[],"product_cat":[1357,2045,2048],"product_tag":[],"class_list":{"0":"post-99106","1":"product","2":"type-product","3":"status-publish","4":"has-post-thumbnail","6":"brand-leatt-de","7":"gender-moski-de","8":"product_cat-ausrustung-fur-motorradfahrer","9":"product_cat-jakne-de","10":"product_cat-textil-jacken","11":"pa_size-2xl-de","12":"pa_size-3xl-de","13":"pa_size-4xl-de","14":"pa_size-5xl-de","15":"pa_size-l-de","16":"pa_size-m-de","17":"pa_size-s-de","18":"pa_size-xl-de","20":"first","21":"instock","22":"sale","23":"taxable","24":"shipping-taxable","25":"purchasable","26":"product-type-variable"},"acf":[],"_links":{"self":[{"href":"https:\/\/moto-oprema.com\/de\/wp-json\/wp\/v2\/product\/99106","targetHints":{"allow":["GET"]}}],"collection":[{"href":"https:\/\/moto-oprema.com\/de\/wp-json\/wp\/v2\/product"}],"about":[{"href":"https:\/\/moto-oprema.com\/de\/wp-json\/wp\/v2\/types\/product"}],"replies":[{"embeddable":true,"href":"https:\/\/moto-oprema.com\/de\/wp-json\/wp\/v2\/comments?post=99106"}],"wp:featuredmedia":[{"embeddable":true,"href":"https:\/\/moto-oprema.com\/de\/wp-json\/wp\/v2\/media\/32015"}],"wp:attachment":[{"href":"https:\/\/moto-oprema.com\/de\/wp-json\/wp\/v2\/media?parent=99106"}],"wp:term":[{"taxonomy":"brand","embeddable":true,"href":"https:\/\/moto-oprema.com\/de\/wp-json\/wp\/v2\/brand?post=99106"},{"taxonomy":"gender","embeddable":true,"href":"https:\/\/moto-oprema.com\/de\/wp-json\/wp\/v2\/gender?post=99106"},{"taxonomy":"product_brand","embeddable":true,"href":"https:\/\/moto-oprema.com\/de\/wp-json\/wp\/v2\/product_brand?post=99106"},{"taxonomy":"product_cat","embeddable":true,"href":"https:\/\/moto-oprema.com\/de\/wp-json\/wp\/v2\/product_cat?post=99106"},{"taxonomy":"product_tag","embeddable":true,"href":"https:\/\/moto-oprema.com\/de\/wp-json\/wp\/v2\/product_tag?post=99106"}],"curies":[{"name":"wp","href":"https:\/\/api.w.org\/{rel}","templated":true}]}}